{"id":10677,"date":"2025-06-26T14:21:02","date_gmt":"2025-06-26T14:21:02","guid":{"rendered":"https:\/\/www.artep.ro\/?page_id=10677"},"modified":"2025-06-26T14:27:57","modified_gmt":"2025-06-26T14:27:57","slug":"radu-carnariu-artist","status":"publish","type":"page","link":"https:\/\/www.artep.ro\/en\/radu-carnariu-artist\/","title":{"rendered":"Radu Carnariu, ARTIST"},"content":{"rendered":"<div data-elementor-type=\"wp-page\" data-elementor-id=\"10677\" class=\"elementor elementor-10677\" data-elementor-post-type=\"page\">\n\t\t\t\t<div class=\"elementor-element elementor-element-0642aa0 e-flex e-con-boxed e-con e-parent\" data-id=\"0642aa0\" data-element_type=\"container\" data-e-type=\"container\">\n\t\t\t\t\t<div class=\"e-con-inner\">\n\t\t<div class=\"elementor-element elementor-element-307041a e-con-full e-flex e-con e-child\" data-id=\"307041a\" data-element_type=\"container\" data-e-type=\"container\">\n\t\t\t\t<div class=\"elementor-element elementor-element-ed1914d elementor-widget elementor-widget-text-editor\" data-id=\"ed1914d\" data-element_type=\"widget\" data-e-type=\"widget\" data-widget_type=\"text-editor.default\">\n\t\t\t\t<div class=\"elementor-widget-container\">\n\t\t\t\t\t\t\t\t\t1-11 mai 2025, Reziden\u021ba de cercetare a artistului Radu Carnariu \u00een Berlin, Germania\t\t\t\t\t\t\t\t<\/div>\n\t\t\t\t<\/div>\n\t\t\t\t<div class=\"elementor-element elementor-element-38a5d44 elementor-widget-divider--view-line elementor-widget elementor-widget-divider\" data-id=\"38a5d44\" data-element_type=\"widget\" data-e-type=\"widget\" data-widget_type=\"divider.default\">\n\t\t\t\t<div class=\"elementor-widget-container\">\n\t\t\t\t\t\t\t<div class=\"elementor-divider\">\n\t\t\t<span class=\"elementor-divider-separator\">\n\t\t\t\t\t\t<\/span>\n\t\t<\/div>\n\t\t\t\t\t\t<\/div>\n\t\t\t\t<\/div>\n\t\t\t\t<\/div>\n\t\t\t\t\t<\/div>\n\t\t\t\t<\/div>\n\t\t<div class=\"elementor-element elementor-element-12339fa e-flex e-con-boxed e-con e-parent\" data-id=\"12339fa\" data-element_type=\"container\" data-e-type=\"container\">\n\t\t\t\t\t<div class=\"e-con-inner\">\n\t\t\t\t<div class=\"elementor-element elementor-element-7c8fb26 elementor-widget elementor-widget-gallery\" data-id=\"7c8fb26\" data-element_type=\"widget\" data-e-type=\"widget\" data-settings=\"{&quot;gallery_layout&quot;:&quot;masonry&quot;,&quot;columns&quot;:3,&quot;gap&quot;:{&quot;unit&quot;:&quot;px&quot;,&quot;size&quot;:30,&quot;sizes&quot;:[]},&quot;columns_tablet&quot;:2,&quot;columns_mobile&quot;:1,&quot;gap_tablet&quot;:{&quot;unit&quot;:&quot;px&quot;,&quot;size&quot;:10,&quot;sizes&quot;:[]},&quot;gap_mobile&quot;:{&quot;unit&quot;:&quot;px&quot;,&quot;size&quot;:10,&quot;sizes&quot;:[]},&quot;link_to&quot;:&quot;file&quot;,&quot;overlay_background&quot;:&quot;yes&quot;,&quot;content_hover_animation&quot;:&quot;fade-in&quot;}\" data-widget_type=\"gallery.default\">\n\t\t\t\t<div class=\"elementor-widget-container\">\n\t\t\t\t\t\t\t<div class=\"elementor-gallery__container\">\n\t\t\t\t\t\t\t<a class=\"e-gallery-item elementor-gallery-item elementor-animated-content\" href=\"https:\/\/www.artep.ro\/wp-content\/uploads\/2025\/06\/506451817_122187891410277014_3212469682545339108_n.jpg\" data-elementor-open-lightbox=\"yes\" data-elementor-lightbox-slideshow=\"7c8fb26\" data-e-action-hash=\"#elementor-action%3Aaction%3Dlightbox%26settings%3DeyJpZCI6MTA2ODIsInVybCI6Imh0dHBzOlwvXC93d3cuYXJ0ZXAucm9cL3dwLWNvbnRlbnRcL3VwbG9hZHNcLzIwMjVcLzA2XC81MDY0NTE4MTdfMTIyMTg3ODkxNDEwMjc3MDE0XzMyMTI0Njk2ODI1NDUzMzkxMDhfbi5qcGciLCJzbGlkZXNob3ciOiI3YzhmYjI2In0%3D\">\n\t\t\t\t\t<div class=\"e-gallery-image elementor-gallery-item__image\" data-thumbnail=\"https:\/\/www.artep.ro\/wp-content\/uploads\/2025\/06\/506451817_122187891410277014_3212469682545339108_n.jpg\" data-width=\"1080\" data-height=\"1080\" aria-label=\"\" role=\"img\" ><\/div>\n\t\t\t\t\t\t\t\t\t\t\t<div class=\"elementor-gallery-item__overlay\"><\/div>\n\t\t\t\t\t\t\t\t\t\t\t\t\t\t<\/a>\n\t\t\t\t\t\t\t<a class=\"e-gallery-item elementor-gallery-item elementor-animated-content\" href=\"https:\/\/www.artep.ro\/wp-content\/uploads\/2025\/06\/Copie-a-fisierului-1.05.2025-Berlinischer-Galerie-Mariechen-Danz_edge-out.3.jpg\" data-elementor-open-lightbox=\"yes\" data-elementor-lightbox-slideshow=\"7c8fb26\" data-e-action-hash=\"#elementor-action%3Aaction%3Dlightbox%26settings%3DeyJpZCI6MTA2ODMsInVybCI6Imh0dHBzOlwvXC93d3cuYXJ0ZXAucm9cL3dwLWNvbnRlbnRcL3VwbG9hZHNcLzIwMjVcLzA2XC9Db3BpZS1hLWZpc2llcnVsdWktMS4wNS4yMDI1LUJlcmxpbmlzY2hlci1HYWxlcmllLU1hcmllY2hlbi1EYW56X2VkZ2Utb3V0LjMuanBnIiwic2xpZGVzaG93IjoiN2M4ZmIyNiJ9\">\n\t\t\t\t\t<div class=\"e-gallery-image elementor-gallery-item__image\" data-thumbnail=\"https:\/\/www.artep.ro\/wp-content\/uploads\/2025\/06\/Copie-a-fisierului-1.05.2025-Berlinischer-Galerie-Mariechen-Danz_edge-out.3.jpg\" data-width=\"1200\" data-height=\"1600\" aria-label=\"\" role=\"img\" ><\/div>\n\t\t\t\t\t\t\t\t\t\t\t<div class=\"elementor-gallery-item__overlay\"><\/div>\n\t\t\t\t\t\t\t\t\t\t\t\t\t\t<\/a>\n\t\t\t\t\t\t\t<a class=\"e-gallery-item elementor-gallery-item elementor-animated-content\" href=\"https:\/\/www.artep.ro\/wp-content\/uploads\/2025\/06\/Copie-a-fisierului-1.05.2025-Berlinischer-Galerie-Mariechen-Danz_edge-out.4.jpg\" data-elementor-open-lightbox=\"yes\" data-elementor-lightbox-slideshow=\"7c8fb26\" data-e-action-hash=\"#elementor-action%3Aaction%3Dlightbox%26settings%3DeyJpZCI6MTA2ODQsInVybCI6Imh0dHBzOlwvXC93d3cuYXJ0ZXAucm9cL3dwLWNvbnRlbnRcL3VwbG9hZHNcLzIwMjVcLzA2XC9Db3BpZS1hLWZpc2llcnVsdWktMS4wNS4yMDI1LUJlcmxpbmlzY2hlci1HYWxlcmllLU1hcmllY2hlbi1EYW56X2VkZ2Utb3V0LjQuanBnIiwic2xpZGVzaG93IjoiN2M4ZmIyNiJ9\">\n\t\t\t\t\t<div class=\"e-gallery-image elementor-gallery-item__image\" data-thumbnail=\"https:\/\/www.artep.ro\/wp-content\/uploads\/2025\/06\/Copie-a-fisierului-1.05.2025-Berlinischer-Galerie-Mariechen-Danz_edge-out.4.jpg\" data-width=\"1200\" data-height=\"1600\" aria-label=\"\" role=\"img\" ><\/div>\n\t\t\t\t\t\t\t\t\t\t\t<div class=\"elementor-gallery-item__overlay\"><\/div>\n\t\t\t\t\t\t\t\t\t\t\t\t\t\t<\/a>\n\t\t\t\t\t\t\t<a class=\"e-gallery-item elementor-gallery-item elementor-animated-content\" href=\"https:\/\/www.artep.ro\/wp-content\/uploads\/2025\/06\/Copie-a-fisierului-DittrichSchlechtriem_Zuzanna-Czebatul.1.jpg\" data-elementor-open-lightbox=\"yes\" data-elementor-lightbox-slideshow=\"7c8fb26\" data-e-action-hash=\"#elementor-action%3Aaction%3Dlightbox%26settings%3DeyJpZCI6MTA2ODUsInVybCI6Imh0dHBzOlwvXC93d3cuYXJ0ZXAucm9cL3dwLWNvbnRlbnRcL3VwbG9hZHNcLzIwMjVcLzA2XC9Db3BpZS1hLWZpc2llcnVsdWktRGl0dHJpY2hTY2hsZWNodHJpZW1fWnV6YW5uYS1DemViYXR1bC4xLmpwZyIsInNsaWRlc2hvdyI6IjdjOGZiMjYifQ%3D%3D\">\n\t\t\t\t\t<div class=\"e-gallery-image elementor-gallery-item__image\" data-thumbnail=\"https:\/\/www.artep.ro\/wp-content\/uploads\/2025\/06\/Copie-a-fisierului-DittrichSchlechtriem_Zuzanna-Czebatul.1.jpg\" data-width=\"2040\" data-height=\"1530\" aria-label=\"\" role=\"img\" ><\/div>\n\t\t\t\t\t\t\t\t\t\t\t<div class=\"elementor-gallery-item__overlay\"><\/div>\n\t\t\t\t\t\t\t\t\t\t\t\t\t\t<\/a>\n\t\t\t\t\t\t\t<a class=\"e-gallery-item elementor-gallery-item elementor-animated-content\" href=\"https:\/\/www.artep.ro\/wp-content\/uploads\/2025\/06\/Copie-a-fisierului-Kim-Ayoung_Hamburger-Bahnhof.3.jpg\" data-elementor-open-lightbox=\"yes\" data-elementor-lightbox-slideshow=\"7c8fb26\" data-e-action-hash=\"#elementor-action%3Aaction%3Dlightbox%26settings%3DeyJpZCI6MTA2ODYsInVybCI6Imh0dHBzOlwvXC93d3cuYXJ0ZXAucm9cL3dwLWNvbnRlbnRcL3VwbG9hZHNcLzIwMjVcLzA2XC9Db3BpZS1hLWZpc2llcnVsdWktS2ltLUF5b3VuZ19IYW1idXJnZXItQmFobmhvZi4zLmpwZyIsInNsaWRlc2hvdyI6IjdjOGZiMjYifQ%3D%3D\">\n\t\t\t\t\t<div class=\"e-gallery-image elementor-gallery-item__image\" data-thumbnail=\"https:\/\/www.artep.ro\/wp-content\/uploads\/2025\/06\/Copie-a-fisierului-Kim-Ayoung_Hamburger-Bahnhof.3.jpg\" data-width=\"1600\" data-height=\"1204\" aria-label=\"\" role=\"img\" ><\/div>\n\t\t\t\t\t\t\t\t\t\t\t<div class=\"elementor-gallery-item__overlay\"><\/div>\n\t\t\t\t\t\t\t\t\t\t\t\t\t\t<\/a>\n\t\t\t\t\t\t\t<a class=\"e-gallery-item elementor-gallery-item elementor-animated-content\" href=\"https:\/\/www.artep.ro\/wp-content\/uploads\/2025\/06\/Copie-a-fisierului-Mark-Bradford_Hamburger-Bahnhof.1.jpg\" data-elementor-open-lightbox=\"yes\" data-elementor-lightbox-slideshow=\"7c8fb26\" data-e-action-hash=\"#elementor-action%3Aaction%3Dlightbox%26settings%3DeyJpZCI6MTA2ODcsInVybCI6Imh0dHBzOlwvXC93d3cuYXJ0ZXAucm9cL3dwLWNvbnRlbnRcL3VwbG9hZHNcLzIwMjVcLzA2XC9Db3BpZS1hLWZpc2llcnVsdWktTWFyay1CcmFkZm9yZF9IYW1idXJnZXItQmFobmhvZi4xLmpwZyIsInNsaWRlc2hvdyI6IjdjOGZiMjYifQ%3D%3D\">\n\t\t\t\t\t<div class=\"e-gallery-image elementor-gallery-item__image\" data-thumbnail=\"https:\/\/www.artep.ro\/wp-content\/uploads\/2025\/06\/Copie-a-fisierului-Mark-Bradford_Hamburger-Bahnhof.1.jpg\" data-width=\"2048\" data-height=\"1536\" aria-label=\"\" role=\"img\" ><\/div>\n\t\t\t\t\t\t\t\t\t\t\t<div class=\"elementor-gallery-item__overlay\"><\/div>\n\t\t\t\t\t\t\t\t\t\t\t\t\t\t<\/a>\n\t\t\t\t\t\t\t<a class=\"e-gallery-item elementor-gallery-item elementor-animated-content\" href=\"https:\/\/www.artep.ro\/wp-content\/uploads\/2025\/06\/Copie-a-fisierului-Plan-B_Serban-Savu.1.jpg\" data-elementor-open-lightbox=\"yes\" data-elementor-lightbox-slideshow=\"7c8fb26\" data-e-action-hash=\"#elementor-action%3Aaction%3Dlightbox%26settings%3DeyJpZCI6MTA2ODgsInVybCI6Imh0dHBzOlwvXC93d3cuYXJ0ZXAucm9cL3dwLWNvbnRlbnRcL3VwbG9hZHNcLzIwMjVcLzA2XC9Db3BpZS1hLWZpc2llcnVsdWktUGxhbi1CX1NlcmJhbi1TYXZ1LjEuanBnIiwic2xpZGVzaG93IjoiN2M4ZmIyNiJ9\">\n\t\t\t\t\t<div class=\"e-gallery-image elementor-gallery-item__image\" data-thumbnail=\"https:\/\/www.artep.ro\/wp-content\/uploads\/2025\/06\/Copie-a-fisierului-Plan-B_Serban-Savu.1.jpg\" data-width=\"2048\" data-height=\"1536\" aria-label=\"\" role=\"img\" ><\/div>\n\t\t\t\t\t\t\t\t\t\t\t<div class=\"elementor-gallery-item__overlay\"><\/div>\n\t\t\t\t\t\t\t\t\t\t\t\t\t\t<\/a>\n\t\t\t\t\t\t\t<a class=\"e-gallery-item elementor-gallery-item elementor-animated-content\" href=\"https:\/\/www.artep.ro\/wp-content\/uploads\/2025\/06\/Copie-a-fisierului-Reiter_Chirstian-Holze_Marton-Nemes_Anselm-Reyle.2-scaled.jpg\" data-elementor-open-lightbox=\"yes\" data-elementor-lightbox-slideshow=\"7c8fb26\" data-e-action-hash=\"#elementor-action%3Aaction%3Dlightbox%26settings%3DeyJpZCI6MTA2ODksInVybCI6Imh0dHBzOlwvXC93d3cuYXJ0ZXAucm9cL3dwLWNvbnRlbnRcL3VwbG9hZHNcLzIwMjVcLzA2XC9Db3BpZS1hLWZpc2llcnVsdWktUmVpdGVyX0NoaXJzdGlhbi1Ib2x6ZV9NYXJ0b24tTmVtZXNfQW5zZWxtLVJleWxlLjItc2NhbGVkLmpwZyIsInNsaWRlc2hvdyI6IjdjOGZiMjYifQ%3D%3D\">\n\t\t\t\t\t<div class=\"e-gallery-image elementor-gallery-item__image\" data-thumbnail=\"https:\/\/www.artep.ro\/wp-content\/uploads\/2025\/06\/Copie-a-fisierului-Reiter_Chirstian-Holze_Marton-Nemes_Anselm-Reyle.2-scaled.jpg\" data-width=\"2560\" data-height=\"1920\" aria-label=\"\" role=\"img\" ><\/div>\n\t\t\t\t\t\t\t\t\t\t\t<div class=\"elementor-gallery-item__overlay\"><\/div>\n\t\t\t\t\t\t\t\t\t\t\t\t\t\t<\/a>\n\t\t\t\t\t<\/div>\n\t\t\t\t\t<\/div>\n\t\t\t\t<\/div>\n\t\t\t\t\t<\/div>\n\t\t\t\t<\/div>\n\t\t<div class=\"elementor-element elementor-element-b59e05b e-flex e-con-boxed e-con e-parent\" data-id=\"b59e05b\" data-element_type=\"container\" data-e-type=\"container\">\n\t\t\t\t\t<div class=\"e-con-inner\">\n\t\t<div class=\"elementor-element elementor-element-99cac02 e-con-full e-flex e-con e-child\" data-id=\"99cac02\" data-element_type=\"container\" data-e-type=\"container\">\n\t\t\t\t<div class=\"elementor-element elementor-element-3775828 elementor-widget elementor-widget-text-editor\" data-id=\"3775828\" data-element_type=\"widget\" data-e-type=\"widget\" data-widget_type=\"text-editor.default\">\n\t\t\t\t<div class=\"elementor-widget-container\">\n\t\t\t\t\t\t\t\t\tPrimul artist care a explorat scena de art\u0103 contemporan\u0103 berlinez\u0103 \u00een cadrul edi\u021biei 2025 a Reziden\u021bei Artistice 110 este Radu Carnariu.\n\t\t\t\t\t\t\t\t<\/div>\n\t\t\t\t<\/div>\n\t\t\t\t<div class=\"elementor-element elementor-element-21c0b14 elementor-widget elementor-widget-text-editor\" data-id=\"21c0b14\" data-element_type=\"widget\" data-e-type=\"widget\" data-widget_type=\"text-editor.default\">\n\t\t\t\t<div class=\"elementor-widget-container\">\n\t\t\t\t\t\t\t\t\t\u201eSunt un artist vizual multidisciplinar interesat de studiul efectelor sociale, politice \u0219i cognitive ale artei critice asupra rela\u021biei dintre mentalitate, imagina\u021bie \u0219i comportament. Proiectele mele artistice eviden\u021biaz\u0103 ironic diverse contexte ale acestor efecte prin abord\u0103ri vizuale paradoxale, av\u00e2nd ca scop provocarea sau modificarea capacit\u0103\u021bii de con\u0219tientizare a publicului.\n\t\t\t\t\t\t\t\t<\/div>\n\t\t\t\t<\/div>\n\t\t\t\t<div class=\"elementor-element elementor-element-d96ac49 elementor-widget elementor-widget-text-editor\" data-id=\"d96ac49\" data-element_type=\"widget\" data-e-type=\"widget\" data-widget_type=\"text-editor.default\">\n\t\t\t\t<div class=\"elementor-widget-container\">\n\t\t\t\t\t\t\t\t\tDiscursul meu se bazeaz\u0103 pe o retoric\u0103 vizual\u0103 a surprizei, paradoxului, contra-discursului, subversiunii \u0219i antitezei, \u00eentre tradi\u021bional \u0219i contemporan, subiectiv \u0219i obiectiv, senzorial \u0219i conceptual, artificial \u0219i natural, fic\u021bional \u0219i istoric, online \u0219i offline, intersect\u00e2nd diverse medii de expresie\/produc\u021bie, precum desenul, pictura, sculptura, colajul digital \u0219i manipularea fotografic\u0103, readymade-ul, instala\u021bia, text-art-ul, inteligen\u021ba artificial\u0103 sau poezia.\u201d\t\t\t\t\t\t\t\t<\/div>\n\t\t\t\t<\/div>\n\t\t\t\t<div class=\"elementor-element elementor-element-433bb2b elementor-widget elementor-widget-text-editor\" data-id=\"433bb2b\" data-element_type=\"widget\" data-e-type=\"widget\" data-widget_type=\"text-editor.default\">\n\t\t\t\t<div class=\"elementor-widget-container\">\n\t\t\t\t\t\t\t\t\tReziden\u021ba Artistic\u0103 110 este un proiect cultural dezvoltat de Asocia\u021bia Galeria Artep \u00een parteneriat cu institu\u021bia berlinez\u0103 Haus der Kulturen der Welt \u0219i co-finan\u021bat de Administra\u021bia Fondului Cultural Na\u021bional (AFCN).\t\t\t\t\t\t\t\t<\/div>\n\t\t\t\t<\/div>\n\t\t\t\t<div class=\"elementor-element elementor-element-c515ae1 elementor-widget elementor-widget-text-editor\" data-id=\"c515ae1\" data-element_type=\"widget\" data-e-type=\"widget\" data-widget_type=\"text-editor.default\">\n\t\t\t\t<div class=\"elementor-widget-container\">\n\t\t\t\t\t\t\t\t\tProiectul nu reprezint\u0103 neap\u0103rat pozi\u021bia Administra\u021biei Fondului Cultural Na\u021bional. AFCN nu este responsabil\u0103 pentru con\u021binutul proiectului sau pentru modul \u00een care pot fi utilizate lucr\u0103rile. Acestea sunt \u00een \u00eentregime responsabilitatea beneficiarului finan\u021b\u0103rii.\t\t\t\t\t\t\t\t<\/div>\n\t\t\t\t<\/div>\n\t\t\t\t<div class=\"elementor-element elementor-element-a9d3679 elementor-widget-divider--view-line elementor-widget elementor-widget-divider\" data-id=\"a9d3679\" data-element_type=\"widget\" data-e-type=\"widget\" data-widget_type=\"divider.default\">\n\t\t\t\t<div class=\"elementor-widget-container\">\n\t\t\t\t\t\t\t<div class=\"elementor-divider\">\n\t\t\t<span class=\"elementor-divider-separator\">\n\t\t\t\t\t\t<\/span>\n\t\t<\/div>\n\t\t\t\t\t\t<\/div>\n\t\t\t\t<\/div>\n\t\t\t\t<\/div>\n\t\t\t\t\t<\/div>\n\t\t\t\t<\/div>\n\t\t\t\t<\/div>","protected":false},"excerpt":{"rendered":"<p>1-11 mai 2025, Reziden\u021ba de cercetare a artistului Radu Carnariu \u00een Berlin, Germania Primul artist care a explorat scena de art\u0103 contemporan\u0103 berlinez\u0103 \u00een cadrul edi\u021biei 2025 a Reziden\u021bei Artistice 110 este Radu Carnariu. \u201eSunt un artist vizual multidisciplinar interesat de studiul efectelor sociale, politice \u0219i cognitive ale artei critice asupra rela\u021biei dintre mentalitate, imagina\u021bie [&hellip;]<\/p>\n","protected":false},"author":1,"featured_media":0,"parent":0,"menu_order":0,"comment_status":"closed","ping_status":"closed","template":"","meta":{"_acf_changed":false,"footnotes":""},"class_list":["post-10677","page","type-page","status-publish","hentry"],"acf":[],"_links":{"self":[{"href":"https:\/\/www.artep.ro\/en\/wp-json\/wp\/v2\/pages\/10677","targetHints":{"allow":["GET"]}}],"collection":[{"href":"https:\/\/www.artep.ro\/en\/wp-json\/wp\/v2\/pages"}],"about":[{"href":"https:\/\/www.artep.ro\/en\/wp-json\/wp\/v2\/types\/page"}],"author":[{"embeddable":true,"href":"https:\/\/www.artep.ro\/en\/wp-json\/wp\/v2\/users\/1"}],"replies":[{"embeddable":true,"href":"https:\/\/www.artep.ro\/en\/wp-json\/wp\/v2\/comments?post=10677"}],"version-history":[{"count":7,"href":"https:\/\/www.artep.ro\/en\/wp-json\/wp\/v2\/pages\/10677\/revisions"}],"predecessor-version":[{"id":10693,"href":"https:\/\/www.artep.ro\/en\/wp-json\/wp\/v2\/pages\/10677\/revisions\/10693"}],"wp:attachment":[{"href":"https:\/\/www.artep.ro\/en\/wp-json\/wp\/v2\/media?parent=10677"}],"curies":[{"name":"wp","href":"https:\/\/api.w.org\/{rel}","templated":true}]}}