{"id":10694,"date":"2025-06-26T14:30:28","date_gmt":"2025-06-26T14:30:28","guid":{"rendered":"https:\/\/www.artep.ro\/?page_id=10694"},"modified":"2025-06-26T14:34:06","modified_gmt":"2025-06-26T14:34:06","slug":"mihai-grecu-artist","status":"publish","type":"page","link":"https:\/\/www.artep.ro\/en\/mihai-grecu-artist\/","title":{"rendered":"Mihai Grecu, ARTIST"},"content":{"rendered":"<div data-elementor-type=\"wp-page\" data-elementor-id=\"10694\" class=\"elementor elementor-10694\" data-elementor-post-type=\"page\">\n\t\t\t\t<div class=\"elementor-element elementor-element-0642aa0 e-flex e-con-boxed e-con e-parent\" data-id=\"0642aa0\" data-element_type=\"container\" data-e-type=\"container\">\n\t\t\t\t\t<div class=\"e-con-inner\">\n\t\t<div class=\"elementor-element elementor-element-307041a e-con-full e-flex e-con e-child\" data-id=\"307041a\" data-element_type=\"container\" data-e-type=\"container\">\n\t\t\t\t<div class=\"elementor-element elementor-element-ed1914d elementor-widget elementor-widget-text-editor\" data-id=\"ed1914d\" data-element_type=\"widget\" data-e-type=\"widget\" data-widget_type=\"text-editor.default\">\n\t\t\t\t<div class=\"elementor-widget-container\">\n\t\t\t\t\t\t\t\t\t12 iunie &#8211; 22 iunie 2025, Reziden\u021ba de cercetare a artistului Mihai Grecu \u00een Berlin, Germania\t\t\t\t\t\t\t\t<\/div>\n\t\t\t\t<\/div>\n\t\t\t\t<div class=\"elementor-element elementor-element-38a5d44 elementor-widget-divider--view-line elementor-widget elementor-widget-divider\" data-id=\"38a5d44\" data-element_type=\"widget\" data-e-type=\"widget\" data-widget_type=\"divider.default\">\n\t\t\t\t<div class=\"elementor-widget-container\">\n\t\t\t\t\t\t\t<div class=\"elementor-divider\">\n\t\t\t<span class=\"elementor-divider-separator\">\n\t\t\t\t\t\t<\/span>\n\t\t<\/div>\n\t\t\t\t\t\t<\/div>\n\t\t\t\t<\/div>\n\t\t\t\t<\/div>\n\t\t\t\t\t<\/div>\n\t\t\t\t<\/div>\n\t\t<div class=\"elementor-element elementor-element-12339fa e-flex e-con-boxed e-con e-parent\" data-id=\"12339fa\" data-element_type=\"container\" data-e-type=\"container\">\n\t\t\t\t\t<div class=\"e-con-inner\">\n\t\t\t\t<div class=\"elementor-element elementor-element-7c8fb26 elementor-widget elementor-widget-gallery\" data-id=\"7c8fb26\" data-element_type=\"widget\" data-e-type=\"widget\" data-settings=\"{&quot;gallery_layout&quot;:&quot;masonry&quot;,&quot;columns&quot;:3,&quot;gap&quot;:{&quot;unit&quot;:&quot;px&quot;,&quot;size&quot;:30,&quot;sizes&quot;:[]},&quot;columns_tablet&quot;:2,&quot;columns_mobile&quot;:1,&quot;gap_tablet&quot;:{&quot;unit&quot;:&quot;px&quot;,&quot;size&quot;:10,&quot;sizes&quot;:[]},&quot;gap_mobile&quot;:{&quot;unit&quot;:&quot;px&quot;,&quot;size&quot;:10,&quot;sizes&quot;:[]},&quot;link_to&quot;:&quot;file&quot;,&quot;overlay_background&quot;:&quot;yes&quot;,&quot;content_hover_animation&quot;:&quot;fade-in&quot;}\" data-widget_type=\"gallery.default\">\n\t\t\t\t<div class=\"elementor-widget-container\">\n\t\t\t\t\t\t\t<div class=\"elementor-gallery__container\">\n\t\t\t\t\t\t\t<a class=\"e-gallery-item elementor-gallery-item elementor-animated-content\" href=\"https:\/\/www.artep.ro\/wp-content\/uploads\/2025\/06\/Mihai-Grecu.jpg\" data-elementor-open-lightbox=\"yes\" data-elementor-lightbox-slideshow=\"7c8fb26\" data-e-action-hash=\"#elementor-action%3Aaction%3Dlightbox%26settings%3DeyJpZCI6MTA3MTEsInVybCI6Imh0dHBzOlwvXC93d3cuYXJ0ZXAucm9cL3dwLWNvbnRlbnRcL3VwbG9hZHNcLzIwMjVcLzA2XC9NaWhhaS1HcmVjdS5qcGciLCJzbGlkZXNob3ciOiI3YzhmYjI2In0%3D\">\n\t\t\t\t\t<div class=\"e-gallery-image elementor-gallery-item__image\" data-thumbnail=\"https:\/\/www.artep.ro\/wp-content\/uploads\/2025\/06\/Mihai-Grecu.jpg\" data-width=\"1080\" data-height=\"1080\" aria-label=\"\" role=\"img\" ><\/div>\n\t\t\t\t\t\t\t\t\t\t\t<div class=\"elementor-gallery-item__overlay\"><\/div>\n\t\t\t\t\t\t\t\t\t\t\t\t\t\t<\/a>\n\t\t\t\t\t\t\t<a class=\"e-gallery-item elementor-gallery-item elementor-animated-content\" href=\"https:\/\/www.artep.ro\/wp-content\/uploads\/2025\/06\/Copie-a-fisierului-13.06_Berlinische_Galerie_Kathe_Kruse-scaled.jpg\" data-elementor-open-lightbox=\"yes\" data-elementor-lightbox-slideshow=\"7c8fb26\" data-e-action-hash=\"#elementor-action%3Aaction%3Dlightbox%26settings%3DeyJpZCI6MTA2OTksInVybCI6Imh0dHBzOlwvXC93d3cuYXJ0ZXAucm9cL3dwLWNvbnRlbnRcL3VwbG9hZHNcLzIwMjVcLzA2XC9Db3BpZS1hLWZpc2llcnVsdWktMTMuMDZfQmVybGluaXNjaGVfR2FsZXJpZV9LYXRoZV9LcnVzZS1zY2FsZWQuanBnIiwic2xpZGVzaG93IjoiN2M4ZmIyNiJ9\">\n\t\t\t\t\t<div class=\"e-gallery-image elementor-gallery-item__image\" data-thumbnail=\"https:\/\/www.artep.ro\/wp-content\/uploads\/2025\/06\/Copie-a-fisierului-13.06_Berlinische_Galerie_Kathe_Kruse-scaled.jpg\" data-width=\"2560\" data-height=\"1442\" aria-label=\"\" role=\"img\" ><\/div>\n\t\t\t\t\t\t\t\t\t\t\t<div class=\"elementor-gallery-item__overlay\"><\/div>\n\t\t\t\t\t\t\t\t\t\t\t\t\t\t<\/a>\n\t\t\t\t\t\t\t<a class=\"e-gallery-item elementor-gallery-item elementor-animated-content\" href=\"https:\/\/www.artep.ro\/wp-content\/uploads\/2025\/06\/Copie-a-fisierului-14.06_HKW_musafiri01-scaled.jpg\" data-elementor-open-lightbox=\"yes\" data-elementor-lightbox-slideshow=\"7c8fb26\" data-e-action-hash=\"#elementor-action%3Aaction%3Dlightbox%26settings%3DeyJpZCI6MTA3MDAsInVybCI6Imh0dHBzOlwvXC93d3cuYXJ0ZXAucm9cL3dwLWNvbnRlbnRcL3VwbG9hZHNcLzIwMjVcLzA2XC9Db3BpZS1hLWZpc2llcnVsdWktMTQuMDZfSEtXX211c2FmaXJpMDEtc2NhbGVkLmpwZyIsInNsaWRlc2hvdyI6IjdjOGZiMjYifQ%3D%3D\">\n\t\t\t\t\t<div class=\"e-gallery-image elementor-gallery-item__image\" data-thumbnail=\"https:\/\/www.artep.ro\/wp-content\/uploads\/2025\/06\/Copie-a-fisierului-14.06_HKW_musafiri01-scaled.jpg\" data-width=\"1442\" data-height=\"2560\" aria-label=\"\" role=\"img\" ><\/div>\n\t\t\t\t\t\t\t\t\t\t\t<div class=\"elementor-gallery-item__overlay\"><\/div>\n\t\t\t\t\t\t\t\t\t\t\t\t\t\t<\/a>\n\t\t\t\t\t\t\t<a class=\"e-gallery-item elementor-gallery-item elementor-animated-content\" href=\"https:\/\/www.artep.ro\/wp-content\/uploads\/2025\/06\/Copie-a-fisierului-15.06_Hamburger_Banhof_Beuys-scaled.jpg\" data-elementor-open-lightbox=\"yes\" data-elementor-lightbox-slideshow=\"7c8fb26\" data-e-action-hash=\"#elementor-action%3Aaction%3Dlightbox%26settings%3DeyJpZCI6MTA3MDEsInVybCI6Imh0dHBzOlwvXC93d3cuYXJ0ZXAucm9cL3dwLWNvbnRlbnRcL3VwbG9hZHNcLzIwMjVcLzA2XC9Db3BpZS1hLWZpc2llcnVsdWktMTUuMDZfSGFtYnVyZ2VyX0JhbmhvZl9CZXV5cy1zY2FsZWQuanBnIiwic2xpZGVzaG93IjoiN2M4ZmIyNiJ9\">\n\t\t\t\t\t<div class=\"e-gallery-image elementor-gallery-item__image\" data-thumbnail=\"https:\/\/www.artep.ro\/wp-content\/uploads\/2025\/06\/Copie-a-fisierului-15.06_Hamburger_Banhof_Beuys-scaled.jpg\" data-width=\"1442\" data-height=\"2560\" aria-label=\"\" role=\"img\" ><\/div>\n\t\t\t\t\t\t\t\t\t\t\t<div class=\"elementor-gallery-item__overlay\"><\/div>\n\t\t\t\t\t\t\t\t\t\t\t\t\t\t<\/a>\n\t\t\t\t\t\t\t<a class=\"e-gallery-item elementor-gallery-item elementor-animated-content\" href=\"https:\/\/www.artep.ro\/wp-content\/uploads\/2025\/06\/Copie-a-fisierului-16.06_meeting_Daniel-scaled.jpg\" data-elementor-open-lightbox=\"yes\" data-elementor-lightbox-slideshow=\"7c8fb26\" data-e-action-hash=\"#elementor-action%3Aaction%3Dlightbox%26settings%3DeyJpZCI6MTA3MDIsInVybCI6Imh0dHBzOlwvXC93d3cuYXJ0ZXAucm9cL3dwLWNvbnRlbnRcL3VwbG9hZHNcLzIwMjVcLzA2XC9Db3BpZS1hLWZpc2llcnVsdWktMTYuMDZfbWVldGluZ19EYW5pZWwtc2NhbGVkLmpwZyIsInNsaWRlc2hvdyI6IjdjOGZiMjYifQ%3D%3D\">\n\t\t\t\t\t<div class=\"e-gallery-image elementor-gallery-item__image\" data-thumbnail=\"https:\/\/www.artep.ro\/wp-content\/uploads\/2025\/06\/Copie-a-fisierului-16.06_meeting_Daniel-scaled.jpg\" data-width=\"2560\" data-height=\"1731\" aria-label=\"\" role=\"img\" ><\/div>\n\t\t\t\t\t\t\t\t\t\t\t<div class=\"elementor-gallery-item__overlay\"><\/div>\n\t\t\t\t\t\t\t\t\t\t\t\t\t\t<\/a>\n\t\t\t\t\t\t\t<a class=\"e-gallery-item elementor-gallery-item elementor-animated-content\" href=\"https:\/\/www.artep.ro\/wp-content\/uploads\/2025\/06\/Copie-a-fisierului-17.06_meet_Nathalie_Opris-scaled.jpg\" data-elementor-open-lightbox=\"yes\" data-elementor-lightbox-slideshow=\"7c8fb26\" data-e-action-hash=\"#elementor-action%3Aaction%3Dlightbox%26settings%3DeyJpZCI6MTA3MDMsInVybCI6Imh0dHBzOlwvXC93d3cuYXJ0ZXAucm9cL3dwLWNvbnRlbnRcL3VwbG9hZHNcLzIwMjVcLzA2XC9Db3BpZS1hLWZpc2llcnVsdWktMTcuMDZfbWVldF9OYXRoYWxpZV9PcHJpcy1zY2FsZWQuanBnIiwic2xpZGVzaG93IjoiN2M4ZmIyNiJ9\">\n\t\t\t\t\t<div class=\"e-gallery-image elementor-gallery-item__image\" data-thumbnail=\"https:\/\/www.artep.ro\/wp-content\/uploads\/2025\/06\/Copie-a-fisierului-17.06_meet_Nathalie_Opris-scaled.jpg\" data-width=\"2560\" data-height=\"1920\" aria-label=\"\" role=\"img\" ><\/div>\n\t\t\t\t\t\t\t\t\t\t\t<div class=\"elementor-gallery-item__overlay\"><\/div>\n\t\t\t\t\t\t\t\t\t\t\t\t\t\t<\/a>\n\t\t\t\t\t\t\t<a class=\"e-gallery-item elementor-gallery-item elementor-animated-content\" href=\"https:\/\/www.artep.ro\/wp-content\/uploads\/2025\/06\/Copie-a-fisierului-17.06_meeting_Sara_Morais-scaled.jpg\" data-elementor-open-lightbox=\"yes\" data-elementor-lightbox-slideshow=\"7c8fb26\" data-e-action-hash=\"#elementor-action%3Aaction%3Dlightbox%26settings%3DeyJpZCI6MTA3MDQsInVybCI6Imh0dHBzOlwvXC93d3cuYXJ0ZXAucm9cL3dwLWNvbnRlbnRcL3VwbG9hZHNcLzIwMjVcLzA2XC9Db3BpZS1hLWZpc2llcnVsdWktMTcuMDZfbWVldGluZ19TYXJhX01vcmFpcy1zY2FsZWQuanBnIiwic2xpZGVzaG93IjoiN2M4ZmIyNiJ9\">\n\t\t\t\t\t<div class=\"e-gallery-image elementor-gallery-item__image\" data-thumbnail=\"https:\/\/www.artep.ro\/wp-content\/uploads\/2025\/06\/Copie-a-fisierului-17.06_meeting_Sara_Morais-scaled.jpg\" data-width=\"2560\" data-height=\"1920\" aria-label=\"\" role=\"img\" ><\/div>\n\t\t\t\t\t\t\t\t\t\t\t<div class=\"elementor-gallery-item__overlay\"><\/div>\n\t\t\t\t\t\t\t\t\t\t\t\t\t\t<\/a>\n\t\t\t\t\t\t\t<a class=\"e-gallery-item elementor-gallery-item elementor-animated-content\" href=\"https:\/\/www.artep.ro\/wp-content\/uploads\/2025\/06\/Copie-a-fisierului-18.06_meeting_Diana_Paun-scaled.jpg\" data-elementor-open-lightbox=\"yes\" data-elementor-lightbox-slideshow=\"7c8fb26\" data-e-action-hash=\"#elementor-action%3Aaction%3Dlightbox%26settings%3DeyJpZCI6MTA3MDUsInVybCI6Imh0dHBzOlwvXC93d3cuYXJ0ZXAucm9cL3dwLWNvbnRlbnRcL3VwbG9hZHNcLzIwMjVcLzA2XC9Db3BpZS1hLWZpc2llcnVsdWktMTguMDZfbWVldGluZ19EaWFuYV9QYXVuLXNjYWxlZC5qcGciLCJzbGlkZXNob3ciOiI3YzhmYjI2In0%3D\">\n\t\t\t\t\t<div class=\"e-gallery-image elementor-gallery-item__image\" data-thumbnail=\"https:\/\/www.artep.ro\/wp-content\/uploads\/2025\/06\/Copie-a-fisierului-18.06_meeting_Diana_Paun-scaled.jpg\" data-width=\"2560\" data-height=\"1920\" aria-label=\"\" role=\"img\" ><\/div>\n\t\t\t\t\t\t\t\t\t\t\t<div class=\"elementor-gallery-item__overlay\"><\/div>\n\t\t\t\t\t\t\t\t\t\t\t\t\t\t<\/a>\n\t\t\t\t\t\t\t<a class=\"e-gallery-item elementor-gallery-item elementor-animated-content\" href=\"https:\/\/www.artep.ro\/wp-content\/uploads\/2025\/06\/Copie-a-fisierului-18.06_meeting_Ioana_Mandeal-scaled.jpg\" data-elementor-open-lightbox=\"yes\" data-elementor-lightbox-slideshow=\"7c8fb26\" data-e-action-hash=\"#elementor-action%3Aaction%3Dlightbox%26settings%3DeyJpZCI6MTA3MDYsInVybCI6Imh0dHBzOlwvXC93d3cuYXJ0ZXAucm9cL3dwLWNvbnRlbnRcL3VwbG9hZHNcLzIwMjVcLzA2XC9Db3BpZS1hLWZpc2llcnVsdWktMTguMDZfbWVldGluZ19Jb2FuYV9NYW5kZWFsLXNjYWxlZC5qcGciLCJzbGlkZXNob3ciOiI3YzhmYjI2In0%3D\">\n\t\t\t\t\t<div class=\"e-gallery-image elementor-gallery-item__image\" data-thumbnail=\"https:\/\/www.artep.ro\/wp-content\/uploads\/2025\/06\/Copie-a-fisierului-18.06_meeting_Ioana_Mandeal-scaled.jpg\" data-width=\"2560\" data-height=\"1920\" aria-label=\"\" role=\"img\" ><\/div>\n\t\t\t\t\t\t\t\t\t\t\t<div class=\"elementor-gallery-item__overlay\"><\/div>\n\t\t\t\t\t\t\t\t\t\t\t\t\t\t<\/a>\n\t\t\t\t\t\t\t<a class=\"e-gallery-item elementor-gallery-item elementor-animated-content\" href=\"https:\/\/www.artep.ro\/wp-content\/uploads\/2025\/06\/Copie-a-fisierului-20.06_technology_museum_01-scaled.jpg\" data-elementor-open-lightbox=\"yes\" data-elementor-lightbox-slideshow=\"7c8fb26\" data-e-action-hash=\"#elementor-action%3Aaction%3Dlightbox%26settings%3DeyJpZCI6MTA3MDcsInVybCI6Imh0dHBzOlwvXC93d3cuYXJ0ZXAucm9cL3dwLWNvbnRlbnRcL3VwbG9hZHNcLzIwMjVcLzA2XC9Db3BpZS1hLWZpc2llcnVsdWktMjAuMDZfdGVjaG5vbG9neV9tdXNldW1fMDEtc2NhbGVkLmpwZyIsInNsaWRlc2hvdyI6IjdjOGZiMjYifQ%3D%3D\">\n\t\t\t\t\t<div class=\"e-gallery-image elementor-gallery-item__image\" data-thumbnail=\"https:\/\/www.artep.ro\/wp-content\/uploads\/2025\/06\/Copie-a-fisierului-20.06_technology_museum_01-scaled.jpg\" data-width=\"1442\" data-height=\"2560\" aria-label=\"\" role=\"img\" ><\/div>\n\t\t\t\t\t\t\t\t\t\t\t<div class=\"elementor-gallery-item__overlay\"><\/div>\n\t\t\t\t\t\t\t\t\t\t\t\t\t\t<\/a>\n\t\t\t\t\t\t\t<a class=\"e-gallery-item elementor-gallery-item elementor-animated-content\" href=\"https:\/\/www.artep.ro\/wp-content\/uploads\/2025\/06\/Copie-a-fisierului-21.06_esther_schipper_norbert_binsky-scaled.jpg\" data-elementor-open-lightbox=\"yes\" data-elementor-lightbox-slideshow=\"7c8fb26\" data-e-action-hash=\"#elementor-action%3Aaction%3Dlightbox%26settings%3DeyJpZCI6MTA3MDgsInVybCI6Imh0dHBzOlwvXC93d3cuYXJ0ZXAucm9cL3dwLWNvbnRlbnRcL3VwbG9hZHNcLzIwMjVcLzA2XC9Db3BpZS1hLWZpc2llcnVsdWktMjEuMDZfZXN0aGVyX3NjaGlwcGVyX25vcmJlcnRfYmluc2t5LXNjYWxlZC5qcGciLCJzbGlkZXNob3ciOiI3YzhmYjI2In0%3D\">\n\t\t\t\t\t<div class=\"e-gallery-image elementor-gallery-item__image\" data-thumbnail=\"https:\/\/www.artep.ro\/wp-content\/uploads\/2025\/06\/Copie-a-fisierului-21.06_esther_schipper_norbert_binsky-scaled.jpg\" data-width=\"2560\" data-height=\"1442\" aria-label=\"\" role=\"img\" ><\/div>\n\t\t\t\t\t\t\t\t\t\t\t<div class=\"elementor-gallery-item__overlay\"><\/div>\n\t\t\t\t\t\t\t\t\t\t\t\t\t\t<\/a>\n\t\t\t\t\t\t\t<a class=\"e-gallery-item elementor-gallery-item elementor-animated-content\" href=\"https:\/\/www.artep.ro\/wp-content\/uploads\/2025\/06\/Copie-a-fisierului-21.06_max_hetzler_thomas_struth-scaled.jpg\" data-elementor-open-lightbox=\"yes\" data-elementor-lightbox-slideshow=\"7c8fb26\" data-e-action-hash=\"#elementor-action%3Aaction%3Dlightbox%26settings%3DeyJpZCI6MTA3MDksInVybCI6Imh0dHBzOlwvXC93d3cuYXJ0ZXAucm9cL3dwLWNvbnRlbnRcL3VwbG9hZHNcLzIwMjVcLzA2XC9Db3BpZS1hLWZpc2llcnVsdWktMjEuMDZfbWF4X2hldHpsZXJfdGhvbWFzX3N0cnV0aC1zY2FsZWQuanBnIiwic2xpZGVzaG93IjoiN2M4ZmIyNiJ9\">\n\t\t\t\t\t<div class=\"e-gallery-image elementor-gallery-item__image\" data-thumbnail=\"https:\/\/www.artep.ro\/wp-content\/uploads\/2025\/06\/Copie-a-fisierului-21.06_max_hetzler_thomas_struth-scaled.jpg\" data-width=\"1441\" data-height=\"2560\" aria-label=\"\" role=\"img\" ><\/div>\n\t\t\t\t\t\t\t\t\t\t\t<div class=\"elementor-gallery-item__overlay\"><\/div>\n\t\t\t\t\t\t\t\t\t\t\t\t\t\t<\/a>\n\t\t\t\t\t\t\t<a class=\"e-gallery-item elementor-gallery-item elementor-animated-content\" href=\"https:\/\/www.artep.ro\/wp-content\/uploads\/2025\/06\/Copie-a-fisierului-21.06_max_hetzler_thomas_struth02-scaled.jpg\" data-elementor-open-lightbox=\"yes\" data-elementor-lightbox-slideshow=\"7c8fb26\" data-e-action-hash=\"#elementor-action%3Aaction%3Dlightbox%26settings%3DeyJpZCI6MTA3MTAsInVybCI6Imh0dHBzOlwvXC93d3cuYXJ0ZXAucm9cL3dwLWNvbnRlbnRcL3VwbG9hZHNcLzIwMjVcLzA2XC9Db3BpZS1hLWZpc2llcnVsdWktMjEuMDZfbWF4X2hldHpsZXJfdGhvbWFzX3N0cnV0aDAyLXNjYWxlZC5qcGciLCJzbGlkZXNob3ciOiI3YzhmYjI2In0%3D\">\n\t\t\t\t\t<div class=\"e-gallery-image elementor-gallery-item__image\" data-thumbnail=\"https:\/\/www.artep.ro\/wp-content\/uploads\/2025\/06\/Copie-a-fisierului-21.06_max_hetzler_thomas_struth02-scaled.jpg\" data-width=\"1442\" data-height=\"2560\" aria-label=\"\" role=\"img\" ><\/div>\n\t\t\t\t\t\t\t\t\t\t\t<div class=\"elementor-gallery-item__overlay\"><\/div>\n\t\t\t\t\t\t\t\t\t\t\t\t\t\t<\/a>\n\t\t\t\t\t<\/div>\n\t\t\t\t\t<\/div>\n\t\t\t\t<\/div>\n\t\t\t\t\t<\/div>\n\t\t\t\t<\/div>\n\t\t<div class=\"elementor-element elementor-element-b59e05b e-flex e-con-boxed e-con e-parent\" data-id=\"b59e05b\" data-element_type=\"container\" data-e-type=\"container\">\n\t\t\t\t\t<div class=\"e-con-inner\">\n\t\t<div class=\"elementor-element elementor-element-99cac02 e-con-full e-flex e-con e-child\" data-id=\"99cac02\" data-element_type=\"container\" data-e-type=\"container\">\n\t\t\t\t<div class=\"elementor-element elementor-element-3775828 elementor-widget elementor-widget-text-editor\" data-id=\"3775828\" data-element_type=\"widget\" data-e-type=\"widget\" data-widget_type=\"text-editor.default\">\n\t\t\t\t<div class=\"elementor-widget-container\">\n\t\t\t\t\t\t\t\t\tArtistul vizual Mihai Grecu exploreaz\u0103 Berlinul \u00een contextul Reziden\u021bei Artistice 110.\nMihai Grecu este originar din sudul Transilvaniei, Rom\u00e2nia, n\u0103scut \u00een 1981 \u00een ora\u0219ul Sebe\u0219. Oscil\u00e2nd \u00eentre cinema, art\u0103 video \u0219i crea\u021bii digitale, limbajul s\u0103u vizual unic dezv\u0103luie viziuni onirice \u00eentr-o atmosfer\u0103 dezumanizat\u0103, marcat\u0103 de alegorii politice, obiecte parazitare, arhitecturi modificate \u0219i personaje simbolice. Lucr\u0103rile sale au fost prezentate \u00een numeroase festivaluri de film (Rotterdam, Nouveau Cin\u00e9ma Montr\u00e9al, printre altele) \u0219i expozi\u021bii (\u201eDans la nuit, des images\u201d la Grand Palais, \u201eLabyrinth of My Mind\u201d la Le Cube, \u201eStudio\u201d la Galerie Les Filles du Calvaire etc.).\n\t\t\t\t\t\t\t\t<\/div>\n\t\t\t\t<\/div>\n\t\t\t\t<div class=\"elementor-element elementor-element-21c0b14 elementor-widget elementor-widget-text-editor\" data-id=\"21c0b14\" data-element_type=\"widget\" data-e-type=\"widget\" data-widget_type=\"text-editor.default\">\n\t\t\t\t<div class=\"elementor-widget-container\">\n\t\t\t\t\t\t\t\t\tReziden\u021ba Artistic\u0103 110 este un proiect cultural dezvoltat de Asocia\u021bia Galeria Artep \u00een parteneriat cu institu\u021bia berlinez\u0103 Haus der Kulturen der Welt \u0219i co-finan\u021bat de Administra\u021bia Fondului Cultural Na\u021bional (AFCN).\n\t\t\t\t\t\t\t\t<\/div>\n\t\t\t\t<\/div>\n\t\t\t\t<div class=\"elementor-element elementor-element-c515ae1 elementor-widget elementor-widget-text-editor\" data-id=\"c515ae1\" data-element_type=\"widget\" data-e-type=\"widget\" data-widget_type=\"text-editor.default\">\n\t\t\t\t<div class=\"elementor-widget-container\">\n\t\t\t\t\t\t\t\t\tProiectul nu reprezint\u0103 neap\u0103rat pozi\u021bia Administra\u021biei Fondului Cultural Na\u021bional. AFCN nu este responsabil\u0103 pentru con\u021binutul proiectului sau pentru modul \u00een care pot fi utilizate lucr\u0103rile. Acestea sunt \u00een \u00eentregime responsabilitatea beneficiarului finan\u021b\u0103rii.\t\t\t\t\t\t\t\t<\/div>\n\t\t\t\t<\/div>\n\t\t\t\t<div class=\"elementor-element elementor-element-a9d3679 elementor-widget-divider--view-line elementor-widget elementor-widget-divider\" data-id=\"a9d3679\" data-element_type=\"widget\" data-e-type=\"widget\" data-widget_type=\"divider.default\">\n\t\t\t\t<div class=\"elementor-widget-container\">\n\t\t\t\t\t\t\t<div class=\"elementor-divider\">\n\t\t\t<span class=\"elementor-divider-separator\">\n\t\t\t\t\t\t<\/span>\n\t\t<\/div>\n\t\t\t\t\t\t<\/div>\n\t\t\t\t<\/div>\n\t\t\t\t<\/div>\n\t\t\t\t\t<\/div>\n\t\t\t\t<\/div>\n\t\t\t\t<\/div>","protected":false},"excerpt":{"rendered":"<p>12 iunie &#8211; 22 iunie 2025, Reziden\u021ba de cercetare a artistului Mihai Grecu \u00een Berlin, Germania Artistul vizual Mihai Grecu exploreaz\u0103 Berlinul \u00een contextul Reziden\u021bei Artistice 110. Mihai Grecu este originar din sudul Transilvaniei, Rom\u00e2nia, n\u0103scut \u00een 1981 \u00een ora\u0219ul Sebe\u0219. Oscil\u00e2nd \u00eentre cinema, art\u0103 video \u0219i crea\u021bii digitale, limbajul s\u0103u vizual unic dezv\u0103luie viziuni [&hellip;]<\/p>\n","protected":false},"author":1,"featured_media":0,"parent":0,"menu_order":0,"comment_status":"closed","ping_status":"closed","template":"","meta":{"_acf_changed":false,"footnotes":""},"class_list":["post-10694","page","type-page","status-publish","hentry"],"acf":[],"_links":{"self":[{"href":"https:\/\/www.artep.ro\/en\/wp-json\/wp\/v2\/pages\/10694","targetHints":{"allow":["GET"]}}],"collection":[{"href":"https:\/\/www.artep.ro\/en\/wp-json\/wp\/v2\/pages"}],"about":[{"href":"https:\/\/www.artep.ro\/en\/wp-json\/wp\/v2\/types\/page"}],"author":[{"embeddable":true,"href":"https:\/\/www.artep.ro\/en\/wp-json\/wp\/v2\/users\/1"}],"replies":[{"embeddable":true,"href":"https:\/\/www.artep.ro\/en\/wp-json\/wp\/v2\/comments?post=10694"}],"version-history":[{"count":10,"href":"https:\/\/www.artep.ro\/en\/wp-json\/wp\/v2\/pages\/10694\/revisions"}],"predecessor-version":[{"id":10717,"href":"https:\/\/www.artep.ro\/en\/wp-json\/wp\/v2\/pages\/10694\/revisions\/10717"}],"wp:attachment":[{"href":"https:\/\/www.artep.ro\/en\/wp-json\/wp\/v2\/media?parent=10694"}],"curies":[{"name":"wp","href":"https:\/\/api.w.org\/{rel}","templated":true}]}}