{"id":171,"date":"2021-04-19T12:00:11","date_gmt":"2021-04-19T12:00:11","guid":{"rendered":"https:\/\/client.septembermedia.ro\/?page_id=171"},"modified":"2025-02-11T13:33:43","modified_gmt":"2025-02-11T13:33:43","slug":"contact","status":"publish","type":"page","link":"https:\/\/www.artep.ro\/en\/contact\/","title":{"rendered":"Contact"},"content":{"rendered":"\t\t<div data-elementor-type=\"wp-page\" data-elementor-id=\"171\" class=\"elementor elementor-171\" data-elementor-post-type=\"page\">\n\t\t\t\t<div class=\"elementor-element elementor-element-f99aed6 e-flex e-con-boxed e-con e-parent\" data-id=\"f99aed6\" data-element_type=\"container\" data-e-type=\"container\">\n\t\t\t\t\t<div class=\"e-con-inner\">\n\t\t<div class=\"elementor-element elementor-element-c0326b0 e-con-full e-flex e-con e-child\" data-id=\"c0326b0\" data-element_type=\"container\" data-e-type=\"container\">\n\t\t\t\t<div class=\"elementor-element elementor-element-f389b79 elementor-widget elementor-widget-heading\" data-id=\"f389b79\" data-element_type=\"widget\" data-e-type=\"widget\" data-widget_type=\"heading.default\">\n\t\t\t\t<div class=\"elementor-widget-container\">\n\t\t\t\t\t<h2 class=\"elementor-heading-title elementor-size-default\">CONTACT<\/h2>\t\t\t\t<\/div>\n\t\t\t\t<\/div>\n\t\t<div class=\"elementor-element elementor-element-0388146 e-con-full e-flex e-con e-child\" data-id=\"0388146\" data-element_type=\"container\" data-e-type=\"container\">\n\t\t<div class=\"elementor-element elementor-element-cee1987 e-con-full e-flex e-con e-child\" data-id=\"cee1987\" data-element_type=\"container\" data-e-type=\"container\">\n\t\t\t\t<div class=\"elementor-element elementor-element-13792db elementor-widget elementor-widget-text-editor\" data-id=\"13792db\" data-element_type=\"widget\" data-e-type=\"widget\" data-widget_type=\"text-editor.default\">\n\t\t\t\t<div class=\"elementor-widget-container\">\n\t\t\t\t\t\t\t\t\t\u0218oseaua S\u0103r\u0103rie nr. 15, Ia\u0219i, Rom\u00e2nia<Br>\n<a href=\"mailto:priveste@artep.ro\">priveste@artep.ro<\/a><Br>\n<a href=\"https:\/\/www.facebook.com\/galeriadeartaartepiasi\" target=\"_blank\" rel=\"noopener\">facebook<\/a><Br>\n<a href=\"https:\/\/www.instagram.com\/artepgallery\/\" target=\"_blank\" rel=\"noopener\">instagram<\/a><Br>\n<a href=\"https:\/\/www.linkedin.com\/company\/artep-gallery\/?viewAsMember=true\" target=\"_blank\" rel=\"noopener\">linkedin<\/a><Br>\n<a href=\"https:\/\/www.linkedin.com\/company\/artep-gallery\/?viewAsMember=true\" target=\"_blank\" rel=\"noopener\">linktree<\/a>\t\t\t\t\t\t\t\t<\/div>\n\t\t\t\t<\/div>\n\t\t\t\t<\/div>\n\t\t<div class=\"elementor-element elementor-element-ff3bf84 e-con-full e-flex e-con e-child\" data-id=\"ff3bf84\" data-element_type=\"container\" data-e-type=\"container\">\n\t\t\t\t<div class=\"elementor-element elementor-element-519d817 elementor-widget elementor-widget-text-editor\" data-id=\"519d817\" data-element_type=\"widget\" data-e-type=\"widget\" data-widget_type=\"text-editor.default\">\n\t\t\t\t<div class=\"elementor-widget-container\">\n\t\t\t\t\t\t\t\t\t<p>Program de vizitare:<br \/>Mar\u021bi \u00a0 \u00a0 \u00a0 \u00a0 \u00a013:00 &#8211; 18:00<br \/>Miercuri \u00a0 \u00a013:00 &#8211; 18:00<br \/>Joi \u00a0 \u00a0 \u00a0 \u00a0 \u00a0 \u00a0 \u00a0 13:00 &#8211; 18:00<br \/>Vineri \u00a0 \u00a0 \u00a0 \u00a0 13:00 &#8211; 18:00<br \/>S\u00e2mb\u0103t\u0103 \u00a0 11:00 &#8211; 13:00 (cu programare pe e-mail)<\/p>\t\t\t\t\t\t\t\t<\/div>\n\t\t\t\t<\/div>\n\t\t\t\t<\/div>\n\t\t\t\t<\/div>\n\t\t\t\t<\/div>\n\t\t\t\t\t<\/div>\n\t\t\t\t<\/div>\n\t\t<div class=\"elementor-element elementor-element-1ebab16 e-flex e-con-boxed e-con e-parent\" data-id=\"1ebab16\" data-element_type=\"container\" data-e-type=\"container\">\n\t\t\t\t\t<div class=\"e-con-inner\">\n\t\t<div class=\"elementor-element elementor-element-bb0a3d4 e-con-full e-flex e-con e-child\" data-id=\"bb0a3d4\" data-element_type=\"container\" data-e-type=\"container\" data-settings=\"{&quot;background_background&quot;:&quot;classic&quot;}\">\n\t\t\t\t<div class=\"elementor-element elementor-element-f28d2ea elementor-widget elementor-widget-google_maps\" data-id=\"f28d2ea\" data-element_type=\"widget\" data-e-type=\"widget\" data-widget_type=\"google_maps.default\">\n\t\t\t\t<div class=\"elementor-widget-container\">\n\t\t\t\t\t\t\t<div class=\"elementor-custom-embed\">\n\t\t\t<iframe loading=\"lazy\"\n\t\t\t\t\tsrc=\"https:\/\/maps.google.com\/maps?q=artep&#038;t=m&#038;z=10&#038;output=embed&#038;iwloc=near\"\n\t\t\t\t\ttitle=\"artep\"\n\t\t\t\t\taria-label=\"artep\"\n\t\t\t><\/iframe>\n\t\t<\/div>\n\t\t\t\t\t\t<\/div>\n\t\t\t\t<\/div>\n\t\t\t\t<\/div>\n\t\t\t\t\t<\/div>\n\t\t\t\t<\/div>\n\t\t<div class=\"elementor-element elementor-element-8c53493 e-flex e-con-boxed e-con e-parent\" data-id=\"8c53493\" data-element_type=\"container\" data-e-type=\"container\">\n\t\t\t\t\t<div class=\"e-con-inner\">\n\t\t<div class=\"elementor-element elementor-element-aa5f93c e-con-full e-flex e-con e-child\" data-id=\"aa5f93c\" data-element_type=\"container\" data-e-type=\"container\">\n\t\t\t\t<div class=\"elementor-element elementor-element-c10315c elementor-widget elementor-widget-heading\" data-id=\"c10315c\" data-element_type=\"widget\" data-e-type=\"widget\" data-widget_type=\"heading.default\">\n\t\t\t\t<div class=\"elementor-widget-container\">\n\t\t\t\t\t<h2 class=\"elementor-heading-title elementor-size-default\">DESPRE NOI<\/h2>\t\t\t\t<\/div>\n\t\t\t\t<\/div>\n\t\t\t\t<div class=\"elementor-element elementor-element-029b92d elementor-widget elementor-widget-image\" data-id=\"029b92d\" data-element_type=\"widget\" data-e-type=\"widget\" data-widget_type=\"image.default\">\n\t\t\t\t<div class=\"elementor-widget-container\">\n\t\t\t\t\t\t\t\t\t\t\t\t\t\t\t<img fetchpriority=\"high\" decoding=\"async\" width=\"1972\" height=\"1162\" src=\"https:\/\/www.artep.ro\/wp-content\/uploads\/2021\/10\/ARTEP-GALERIE-web.jpg\" class=\"attachment-full size-full wp-image-802\" alt=\"\" srcset=\"https:\/\/www.artep.ro\/wp-content\/uploads\/2021\/10\/ARTEP-GALERIE-web.jpg 1972w, https:\/\/www.artep.ro\/wp-content\/uploads\/2021\/10\/ARTEP-GALERIE-web-600x354.jpg 600w, https:\/\/www.artep.ro\/wp-content\/uploads\/2021\/10\/ARTEP-GALERIE-web-300x177.jpg 300w, https:\/\/www.artep.ro\/wp-content\/uploads\/2021\/10\/ARTEP-GALERIE-web-1024x603.jpg 1024w, https:\/\/www.artep.ro\/wp-content\/uploads\/2021\/10\/ARTEP-GALERIE-web-768x453.jpg 768w, https:\/\/www.artep.ro\/wp-content\/uploads\/2021\/10\/ARTEP-GALERIE-web-1536x905.jpg 1536w\" sizes=\"(max-width: 1972px) 100vw, 1972px\" \/>\t\t\t\t\t\t\t\t\t\t\t\t\t\t\t<\/div>\n\t\t\t\t<\/div>\n\t\t<div class=\"elementor-element elementor-element-07d99d8 e-con-full e-flex e-con e-child\" data-id=\"07d99d8\" data-element_type=\"container\" data-e-type=\"container\">\n\t\t<div class=\"elementor-element elementor-element-5519daa e-con-full e-flex e-con e-child\" data-id=\"5519daa\" data-element_type=\"container\" data-e-type=\"container\">\n\t\t\t\t<div class=\"elementor-element elementor-element-7fafae5 elementor-widget elementor-widget-text-editor\" data-id=\"7fafae5\" data-element_type=\"widget\" data-e-type=\"widget\" data-widget_type=\"text-editor.default\">\n\t\t\t\t<div class=\"elementor-widget-container\">\n\t\t\t\t\t\t\t\t\tMIHAELA IRIMESCU, galerist\t\t\t\t\t\t\t\t<\/div>\n\t\t\t\t<\/div>\n\t\t\t\t<div class=\"elementor-element elementor-element-68496c8 elementor-widget elementor-widget-text-editor\" data-id=\"68496c8\" data-element_type=\"widget\" data-e-type=\"widget\" data-widget_type=\"text-editor.default\">\n\t\t\t\t<div class=\"elementor-widget-container\">\n\t\t\t\t\t\t\t\t\tCRISTIANA URSACHE, curator\t\t\t\t\t\t\t\t<\/div>\n\t\t\t\t<\/div>\n\t\t\t\t<div class=\"elementor-element elementor-element-1012a40 elementor-widget elementor-widget-text-editor\" data-id=\"1012a40\" data-element_type=\"widget\" data-e-type=\"widget\" data-widget_type=\"text-editor.default\">\n\t\t\t\t<div class=\"elementor-widget-container\">\n\t\t\t\t\t\t\t\t\tTUDORI\u021aA \u0218OLD\u0102NESCU, PR &#038; comunicare\t\t\t\t\t\t\t\t<\/div>\n\t\t\t\t<\/div>\n\t\t\t\t<\/div>\n\t\t<div class=\"elementor-element elementor-element-152f28d e-con-full e-flex e-con e-child\" data-id=\"152f28d\" data-element_type=\"container\" data-e-type=\"container\">\n\t\t\t\t<div class=\"elementor-element elementor-element-de3b09b elementor-widget elementor-widget-text-editor\" data-id=\"de3b09b\" data-element_type=\"widget\" data-e-type=\"widget\" data-widget_type=\"text-editor.default\">\n\t\t\t\t<div class=\"elementor-widget-container\">\n\t\t\t\t\t\t\t\t\tCIPRIAN IONESCU, specialist marketing\t\t\t\t\t\t\t\t<\/div>\n\t\t\t\t<\/div>\n\t\t\t\t<div class=\"elementor-element elementor-element-d1138a3 elementor-widget elementor-widget-text-editor\" data-id=\"d1138a3\" data-element_type=\"widget\" data-e-type=\"widget\" data-widget_type=\"text-editor.default\">\n\t\t\t\t<div class=\"elementor-widget-container\">\n\t\t\t\t\t\t\t\t\tVLAD BOBOC, designer grafic\t\t\t\t\t\t\t\t<\/div>\n\t\t\t\t<\/div>\n\t\t\t\t<div class=\"elementor-element elementor-element-7305f4f elementor-widget elementor-widget-text-editor\" data-id=\"7305f4f\" data-element_type=\"widget\" data-e-type=\"widget\" data-widget_type=\"text-editor.default\">\n\t\t\t\t<div class=\"elementor-widget-container\">\n\t\t\t\t\t\t\t\t\tANDREI GAVRILI\u021aA, designer grafic\t\t\t\t\t\t\t\t<\/div>\n\t\t\t\t<\/div>\n\t\t\t\t<\/div>\n\t\t<div class=\"elementor-element elementor-element-6fa3599 e-con-full e-flex e-con e-child\" data-id=\"6fa3599\" data-element_type=\"container\" data-e-type=\"container\">\n\t\t\t\t<div class=\"elementor-element elementor-element-2ca6846 elementor-widget elementor-widget-text-editor\" data-id=\"2ca6846\" data-element_type=\"widget\" data-e-type=\"widget\" data-widget_type=\"text-editor.default\">\n\t\t\t\t<div class=\"elementor-widget-container\">\n\t\t\t\t\t\t\t\t\tBOGDAN NEAM\u021aU, echipa tehnic\u0103\t\t\t\t\t\t\t\t<\/div>\n\t\t\t\t<\/div>\n\t\t\t\t<div class=\"elementor-element elementor-element-ee4c215 elementor-widget elementor-widget-text-editor\" data-id=\"ee4c215\" data-element_type=\"widget\" data-e-type=\"widget\" data-widget_type=\"text-editor.default\">\n\t\t\t\t<div class=\"elementor-widget-container\">\n\t\t\t\t\t\t\t\t\tMIHAI NEAM\u021aU, echipa tehnic\u0103\t\t\t\t\t\t\t\t<\/div>\n\t\t\t\t<\/div>\n\t\t\t\t<div class=\"elementor-element elementor-element-50f9a72 elementor-widget elementor-widget-text-editor\" data-id=\"50f9a72\" data-element_type=\"widget\" data-e-type=\"widget\" data-widget_type=\"text-editor.default\">\n\t\t\t\t<div class=\"elementor-widget-container\">\n\t\t\t\t\t\t\t\t\tDIANA IABRA\u0218U, filmmaker\t\t\t\t\t\t\t\t<\/div>\n\t\t\t\t<\/div>\n\t\t\t\t<div class=\"elementor-element elementor-element-a3f58df elementor-widget elementor-widget-text-editor\" data-id=\"a3f58df\" data-element_type=\"widget\" data-e-type=\"widget\" data-widget_type=\"text-editor.default\">\n\t\t\t\t<div class=\"elementor-widget-container\">\n\t\t\t\t\t\t\t\t\tLUDMILA \u021aURCANU, specialist social media\t\t\t\t\t\t\t\t<\/div>\n\t\t\t\t<\/div>\n\t\t\t\t<div class=\"elementor-element elementor-element-64009fb elementor-widget elementor-widget-text-editor\" data-id=\"64009fb\" data-element_type=\"widget\" data-e-type=\"widget\" data-widget_type=\"text-editor.default\">\n\t\t\t\t<div class=\"elementor-widget-container\">\n\t\t\t\t\t\t\t\t\t\n\t\t\t\t\t\t\t\t<\/div>\n\t\t\t\t<\/div>\n\t\t\t\t<\/div>\n\t\t\t\t<\/div>\n\t\t<div class=\"elementor-element elementor-element-fd21bd9 e-con-full e-flex e-con e-child\" data-id=\"fd21bd9\" data-element_type=\"container\" data-e-type=\"container\">\n\t\t<div class=\"elementor-element elementor-element-a830e5e e-con-full e-flex e-con e-child\" data-id=\"a830e5e\" data-element_type=\"container\" data-e-type=\"container\">\n\t\t\t\t<div class=\"elementor-element elementor-element-02b656a elementor-widget-divider--view-line elementor-widget elementor-widget-divider\" data-id=\"02b656a\" data-element_type=\"widget\" data-e-type=\"widget\" data-widget_type=\"divider.default\">\n\t\t\t\t<div class=\"elementor-widget-container\">\n\t\t\t\t\t\t\t<div class=\"elementor-divider\">\n\t\t\t<span class=\"elementor-divider-separator\">\n\t\t\t\t\t\t<\/span>\n\t\t<\/div>\n\t\t\t\t\t\t<\/div>\n\t\t\t\t<\/div>\n\t\t\t\t<\/div>\n\t\t\t\t<\/div>\n\t\t\t\t<\/div>\n\t\t\t\t\t<\/div>\n\t\t\t\t<\/div>\n\t\t<div class=\"elementor-element elementor-element-e11365d e-flex e-con-boxed e-con e-parent\" data-id=\"e11365d\" data-element_type=\"container\" data-e-type=\"container\">\n\t\t\t\t\t<div class=\"e-con-inner\">\n\t\t<div class=\"elementor-element elementor-element-a635a63 e-con-full e-flex e-con e-child\" data-id=\"a635a63\" data-element_type=\"container\" data-e-type=\"container\">\n\t\t\t\t<div class=\"elementor-element elementor-element-292cbed elementor-widget elementor-widget-heading\" data-id=\"292cbed\" data-element_type=\"widget\" data-e-type=\"widget\" data-widget_type=\"heading.default\">\n\t\t\t\t<div class=\"elementor-widget-container\">\n\t\t\t\t\t<h2 class=\"elementor-heading-title elementor-size-default\">NEWSLETTER<\/h2>\t\t\t\t<\/div>\n\t\t\t\t<\/div>\n\t\t\t\t<div class=\"elementor-element elementor-element-499f3fd elementor-button-align-start elementor-widget elementor-widget-form\" data-id=\"499f3fd\" data-element_type=\"widget\" data-e-type=\"widget\" data-settings=\"{&quot;button_width&quot;:&quot;50&quot;,&quot;step_next_label&quot;:&quot;Next&quot;,&quot;step_previous_label&quot;:&quot;Previous&quot;,&quot;step_type&quot;:&quot;number_text&quot;,&quot;step_icon_shape&quot;:&quot;circle&quot;}\" data-widget_type=\"form.default\">\n\t\t\t\t<div class=\"elementor-widget-container\">\n\t\t\t\t\t\t\t<form class=\"elementor-form\" method=\"post\" name=\"Newsletter\" aria-label=\"Newsletter\">\n\t\t\t<input type=\"hidden\" name=\"post_id\" value=\"171\"\/>\n\t\t\t<input type=\"hidden\" name=\"form_id\" value=\"499f3fd\"\/>\n\t\t\t<input type=\"hidden\" name=\"referer_title\" value=\"Contact\" \/>\n\n\t\t\t\t\t\t\t<input type=\"hidden\" name=\"queried_id\" value=\"171\"\/>\n\t\t\t\n\t\t\t<div class=\"elementor-form-fields-wrapper elementor-labels-above\">\n\t\t\t\t\t\t\t\t<div class=\"elementor-field-type-email elementor-field-group elementor-column elementor-field-group-email elementor-col-50 elementor-field-required\">\n\t\t\t\t\t\t\t\t\t\t\t\t\t<input size=\"1\" type=\"email\" name=\"form_fields[email]\" id=\"form-field-email\" class=\"elementor-field elementor-size-sm  elementor-field-textual\" placeholder=\"Email\" required=\"required\">\n\t\t\t\t\t\t\t\t\t\t\t<\/div>\n\t\t\t\t\t\t\t\t<div class=\"elementor-field-group elementor-column elementor-field-type-submit elementor-col-50 e-form__buttons\">\n\t\t\t\t\t<button class=\"elementor-button elementor-size-sm\" type=\"submit\">\n\t\t\t\t\t\t<span class=\"elementor-button-content-wrapper\">\n\t\t\t\t\t\t\t\t\t\t\t\t\t\t\t\t\t\t\t\t\t\t<span class=\"elementor-button-text\">M\u0103 abonez<\/span>\n\t\t\t\t\t\t\t\t\t\t\t\t\t<\/span>\n\t\t\t\t\t<\/button>\n\t\t\t\t<\/div>\n\t\t\t<\/div>\n\t\t<\/form>\n\t\t\t\t\t\t<\/div>\n\t\t\t\t<\/div>\n\t\t<div class=\"elementor-element elementor-element-05211a5 e-con-full e-flex e-con e-child\" data-id=\"05211a5\" data-element_type=\"container\" data-e-type=\"container\">\n\t\t<div class=\"elementor-element elementor-element-54edae3 e-con-full e-flex e-con e-child\" data-id=\"54edae3\" data-element_type=\"container\" data-e-type=\"container\">\n\t\t\t\t<div class=\"elementor-element elementor-element-87ad5fa elementor-widget-divider--view-line elementor-widget elementor-widget-divider\" data-id=\"87ad5fa\" data-element_type=\"widget\" data-e-type=\"widget\" data-widget_type=\"divider.default\">\n\t\t\t\t<div class=\"elementor-widget-container\">\n\t\t\t\t\t\t\t<div class=\"elementor-divider\">\n\t\t\t<span class=\"elementor-divider-separator\">\n\t\t\t\t\t\t<\/span>\n\t\t<\/div>\n\t\t\t\t\t\t<\/div>\n\t\t\t\t<\/div>\n\t\t\t\t<\/div>\n\t\t\t\t<\/div>\n\t\t\t\t<\/div>\n\t\t\t\t\t<\/div>\n\t\t\t\t<\/div>\n\t\t\t\t<\/div>\n\t\t","protected":false},"excerpt":{"rendered":"<p>CONTACT \u0218oseaua S\u0103r\u0103rie nr. 15, Ia\u0219i, Rom\u00e2nia priveste@artep.ro facebook instagram linkedin linktree Program de vizitare:Mar\u021bi \u00a0 \u00a0 \u00a0 \u00a0 \u00a013:00 &#8211; 18:00Miercuri \u00a0 \u00a013:00 &#8211; 18:00Joi \u00a0 \u00a0 \u00a0 \u00a0 \u00a0 \u00a0 \u00a0 13:00 &#8211; 18:00Vineri \u00a0 \u00a0 \u00a0 \u00a0 13:00 &#8211; 18:00S\u00e2mb\u0103t\u0103 \u00a0 11:00 &#8211; 13:00 (cu programare pe e-mail) DESPRE NOI MIHAELA IRIMESCU, [&hellip;]<\/p>\n","protected":false},"author":1,"featured_media":0,"parent":0,"menu_order":0,"comment_status":"closed","ping_status":"closed","template":"","meta":{"_acf_changed":false,"footnotes":""},"class_list":["post-171","page","type-page","status-publish","hentry"],"acf":[],"_links":{"self":[{"href":"https:\/\/www.artep.ro\/en\/wp-json\/wp\/v2\/pages\/171","targetHints":{"allow":["GET"]}}],"collection":[{"href":"https:\/\/www.artep.ro\/en\/wp-json\/wp\/v2\/pages"}],"about":[{"href":"https:\/\/www.artep.ro\/en\/wp-json\/wp\/v2\/types\/page"}],"author":[{"embeddable":true,"href":"https:\/\/www.artep.ro\/en\/wp-json\/wp\/v2\/users\/1"}],"replies":[{"embeddable":true,"href":"https:\/\/www.artep.ro\/en\/wp-json\/wp\/v2\/comments?post=171"}],"version-history":[{"count":313,"href":"https:\/\/www.artep.ro\/en\/wp-json\/wp\/v2\/pages\/171\/revisions"}],"predecessor-version":[{"id":9686,"href":"https:\/\/www.artep.ro\/en\/wp-json\/wp\/v2\/pages\/171\/revisions\/9686"}],"wp:attachment":[{"href":"https:\/\/www.artep.ro\/en\/wp-json\/wp\/v2\/media?parent=171"}],"curies":[{"name":"wp","href":"https:\/\/api.w.org\/{rel}","templated":true}]}}