{"id":5754,"date":"2023-03-28T13:02:05","date_gmt":"2023-03-28T13:02:05","guid":{"rendered":"https:\/\/www.artep.ro\/?page_id=5754"},"modified":"2023-04-07T08:07:23","modified_gmt":"2023-04-07T08:07:23","slug":"modernitati-multiple-x","status":"publish","type":"page","link":"https:\/\/www.artep.ro\/en\/modernitati-multiple-x\/","title":{"rendered":"Modernitati multiple x"},"content":{"rendered":"<div data-elementor-type=\"wp-page\" data-elementor-id=\"5754\" class=\"elementor elementor-5754\" data-elementor-post-type=\"page\">\n\t\t\t\t<div class=\"elementor-element elementor-element-475b1a4 e-flex e-con-boxed e-con e-parent\" data-id=\"475b1a4\" data-element_type=\"container\" data-e-type=\"container\">\n\t\t\t\t\t<div class=\"e-con-inner\">\n\t\t<div class=\"elementor-element elementor-element-28188a5 e-con-full e-flex e-con e-parent\" data-id=\"28188a5\" data-element_type=\"container\" data-e-type=\"container\">\n\t\t\t\t<div class=\"elementor-element elementor-element-0eb3eed elementor-widget elementor-widget-text-editor\" data-id=\"0eb3eed\" data-element_type=\"widget\" data-e-type=\"widget\" data-widget_type=\"text-editor.default\">\n\t\t\t\t<div class=\"elementor-widget-container\">\n\t\t\t\t\t\t\t\t\tPRINT, MATEI BEJENARU\t\t\t\t\t\t\t\t<\/div>\n\t\t\t\t<\/div>\n\t\t\t\t<div class=\"elementor-element elementor-element-b5744cf elementor-widget elementor-widget-text-editor\" data-id=\"b5744cf\" data-element_type=\"widget\" data-e-type=\"widget\" data-widget_type=\"text-editor.default\">\n\t\t\t\t<div class=\"elementor-widget-container\">\n\t\t\t\t\t\t\t\t\t<strong><a href=\"https:\/\/www.artep.ro\/en\/panorama-galerie-foto\/\">\u00centreaga galerie foto poate fi vizualizat\u0103 aici.<\/a><\/strong>\t\t\t\t\t\t\t\t<\/div>\n\t\t\t\t<\/div>\n\t\t\t\t<\/div>\n\t\t<div class=\"elementor-element elementor-element-516f9fd e-con-full e-flex e-con e-parent\" data-id=\"516f9fd\" data-element_type=\"container\" data-e-type=\"container\">\n\t\t\t\t<\/div>\n\t\t\t\t\t<\/div>\n\t\t\t\t<\/div>\n\t\t<div class=\"elementor-element elementor-element-0c7b27c e-flex e-con-boxed e-con e-parent\" data-id=\"0c7b27c\" data-element_type=\"container\" data-e-type=\"container\">\n\t\t\t\t\t<div class=\"e-con-inner\">\n\t\t<div class=\"elementor-element elementor-element-27a01c1 e-con-full e-flex e-con e-parent\" data-id=\"27a01c1\" data-element_type=\"container\" data-e-type=\"container\">\n\t\t\t\t<div class=\"elementor-element elementor-element-aa449e1 elementor-widget elementor-widget-text-editor\" data-id=\"aa449e1\" data-element_type=\"widget\" data-e-type=\"widget\" data-widget_type=\"text-editor.default\">\n\t\t\t\t<div class=\"elementor-widget-container\">\n\t\t\t\t\t\t\t\t\t<p>Joi, 17 iunie 2021, \u00eencep\u00e2nd cu ora 18.30, v\u0103 invit\u0103m la deschiderea expozi\u021biei de fotografie \u201ePRINT\u201d, la Galeria Artep din Ia\u0219i. Evenimentul va fi disponibil online, dar se va organiza \u0219i fizic, pentru un public restr\u00e2ns, cu respectarea normelor sanitare impuse de pandemia COVID-19.<\/p><p>V\u0103 propunem o incursiune vizual\u0103 \u00eentr-o lume disp\u0103rut\u0103, dar redescoperit\u0103 \u00een print prin tehnici de lucru abandonate de la \u00eenceputul secolului XX \u2013 precum platinum palladium. Matei Bejenaru prezint\u0103 publicului ie\u0219ean o instala\u021bie de art\u0103 \u00een centrul c\u0103reia se afl\u0103 printul alb-negru de mari dimensiuni, \u0219i un caleidoscop de tehnici de transformare a instantaneului vizual \u00eentr-un instrument de documentare social\u0103, format dintr-o serie de elemente specifice (aparatul, filmul, negativul, printul, perspectiva fotografului) care determin\u0103 semnifica\u021bii \u0219i valori culturale diferite. Tema nu este \u00eent\u00e2mpl\u0103toare \u2013 fotografiile au fost realizate la Turn\u0103toria MAE din Ia\u0219i, una dintre ultimele turn\u0103torii \u00een font\u0103 existente \u00een Rom\u00e2nia \u2013 \u0219i coincide \u00een esen\u021b\u0103 cu recuperarea unui trecut, a unui timp care \u0219i-a l\u0103sat amprenta asupra acestui AZI. Prin subiectele abordate, tehnicile folosite, dar mai ales prin alegerile artistului \u00een dezvoltarea fotografiei pe print, expozi\u021bia propus\u0103 de Asocia\u021bia Galeria Artep devine un demers complex, cu valen\u021be sociale, artistice, tehnice \u0219i documentare care sondeaz\u0103 timpul dintr-o multitudine de perspective \u2013 cea personal\u0103 fiind esen\u021bial\u0103.<\/p><p>\u201e\u00cen particular, artistul se focalizeaz\u0103 asupra procesului de produc\u021bie a unui element ce reprezint\u0103 punctul terminus al lan\u021bului de produc\u021bie specific fotografiei analogice: printul. Pe suprafa\u021ba obiectelor fotografice produse de Matei Bejenaru se afl\u0103, aproape imperceptibile, straturi de emulsii \u0219i de materiale chimice \u0219i metale pre\u021bioase care, \u00een contact cu h\u00e2rtia fotosensibil\u0103, construiesc imaginea asemeni unui sculpturi. Izomorfismul dintre subiectul reprezent\u0103rii (oxizii de fier prezen\u021bi \u00een turn\u0103torie) \u0219i procesul de produc\u021bie al obiectelor fotografice se p\u0103streaz\u0103 \u00een \u00eentreaga serie de imagini expuse, subliniind materialitatea metalic\u0103 \u0219i mineral\u0103 a suprafe\u021bei fotografice\u201d, detaliaz\u0103 Cristian Nae, curatorul expozi\u021biei.<\/p><p>Expozi\u021bia \u201ePRINT\u201d va fi deschis\u0103 spre vizitare la Galeria Artep (\u0218oseaua S\u0103r\u0103rie, nr. 15, Ia\u0219i) \u00een perioada 17 iunie \u2013 31 iulie 2021.<\/p><p>\u201eImaginile expuse la Galeria Artep din Ia\u0219i fac parte dintr-un demers mai amplu de cercetare fotografic\u0103 ini\u021biat\u0103 de artistul Matei Bejenaru, care combin\u0103 recuperarea unor forme de cunoa\u0219tere tehnologic\u0103 specifice modernit\u0103\u021bii industriale cu analiza modului \u00een care procesul de produc\u021bie analogic\u0103 a imaginii fotografice condi\u021bioneaz\u0103 at\u00e2t cultura vizual\u0103, c\u00e2t \u0219i cultura material\u0103. \u00cen condi\u021biile prolifer\u0103rii sociale a imaginilor fotografice recodificate ca informa\u021bie mediat\u0103 digital, produc\u021bia analogic\u0103 influen\u021beaz\u0103 modalit\u0103\u021bile \u00een care stoc\u0103m informa\u021bia, interpret\u0103m trecutul recent \u0219i construim memoria colectiv\u0103. Proiectul de arheologie cultural\u0103 \u0219i istorie material\u0103 propus de Matei Bejenaru analizeaz\u0103 materialitatea imaginilor fotografice, existen\u021ba lor ca obiecte culturale a c\u0103ror circula\u021bie social\u0103 este facilitat\u0103 \u0219i condi\u021bionat\u0103 de posibilit\u0103\u021bile \u0219i limit\u0103rile tehnologice ale modului \u00een care au fost produse, precum \u0219i perisabilitatea sau persisten\u021ba \u00een timp a imaginilor fotografice transpuse pe h\u00e2rtie\u201d explic\u0103 Cristian Nae conceptul acestei instala\u021bii inedite de fotografie.<br \/>Matei Bejenaru este un artist care tr\u0103ie\u0219te \u0219i lucreaz\u0103 la Ia\u0219i, unde pred\u0103 fotografie \u0219i art\u0103 video la Universitatea de Arte \u201eGeorge Enescu\u201d. Prin proiectele sale din ultimii ani de fotografie, video \u0219i performance, Matei Bejenaru investigheaz\u0103 politici de reprezentare \u00een fotografia \u0219i filmul documentar social, metode interdisciplinare de generare a proiectelor artistice hibride, care import\u0103 elemente de limbaj din alte medii precum muzica, teatrul performativ ori poezia. Este fondator \u0219i director artistic al Bienalei de Art\u0103 Contemporan\u0103 Periferic din Ia\u0219i (\u00eentre 1997 \u0219i 2008), este membru fondator al Asocia\u021biei Vector din Iasi \u0219i a asigurat conducerea institu\u021biei \u00een perioada (2001-2011). \u00centre 2003 \u0219i 2007 a fost directorul artistic al Galeriei Vector din Iasi. Tot \u00een aceeasi perioada a ini\u021biat \u0219i manageriat proiectul de cultur\u0103 social\u0103 cARTier, realizat \u00eempreun\u0103 cu colegi din Asocia\u021bia Vector. Este fondator \u0219i director al Centrului de Fotografie Contemporan\u0103 din Ia\u0219i (2015) ce organizeaz\u0103 Bienala de Fotografie Contemporan\u0103 Camera Plus.<\/p><p>Expozi\u021bia \u201ePRINT\u201d \u0219i dezbaterile \u00een jurul fotografiei artistice de tip documentar care vor fi organizate \u00een perioada 17 iunie \u2013 31 iulie 2021 la Galeria Artep, dar \u0219i ulterior \u00een \u021bar\u0103, sunt parte integrant\u0103 din proiectul \u201eModernit\u0103\u021bi multiple: demers de cercetare artistic\u0103 asupra mediului fotografic\u201d, co-finan\u021bat de Administra\u021bia Fondului Cultural Na\u021bional (AFCN) \u0219i ini\u021biat de Asocia\u021bia Galeria Artep.<\/p><p>Organizer: Artep Gallery Association<br \/>With the support of: the Administration of the National Cultural Fund<br \/>Parteneri: Galeria Artep, Asocia\u021bia Cultural\u0103 Contrasens, SwitchLab<br \/>Parteneri media: TVR Ia\u0219i, Revista Timpul<\/p><p>The project does not necessarily represent the position of the National Cultural Fund Administration. AFCN is not responsible for the content of the project or how the works may be used. These are entirely the responsibility of the beneficiary of the funding.<\/p>\t\t\t\t\t\t\t\t<\/div>\n\t\t\t\t<\/div>\n\t\t\t\t<\/div>\n\t\t<div class=\"elementor-element elementor-element-d773b5b e-con-full e-flex e-con e-parent\" data-id=\"d773b5b\" data-element_type=\"container\" data-e-type=\"container\">\n\t\t\t\t<div class=\"elementor-element elementor-element-b43e120 elementor-widget elementor-widget-image\" data-id=\"b43e120\" data-element_type=\"widget\" data-e-type=\"widget\" data-widget_type=\"image.default\">\n\t\t\t\t<div class=\"elementor-widget-container\">\n\t\t\t\t\t\t\t\t\t\t\t\t\t\t\t<img fetchpriority=\"high\" decoding=\"async\" width=\"731\" height=\"1024\" src=\"https:\/\/www.artep.ro\/wp-content\/uploads\/2023\/03\/Afis-Print-1-1-731x1024.jpg\" class=\"attachment-large size-large wp-image-5760\" alt=\"\" srcset=\"https:\/\/www.artep.ro\/wp-content\/uploads\/2023\/03\/Afis-Print-1-1-731x1024.jpg 731w, https:\/\/www.artep.ro\/wp-content\/uploads\/2023\/03\/Afis-Print-1-1-600x840.jpg 600w, https:\/\/www.artep.ro\/wp-content\/uploads\/2023\/03\/Afis-Print-1-1-214x300.jpg 214w, https:\/\/www.artep.ro\/wp-content\/uploads\/2023\/03\/Afis-Print-1-1-768x1075.jpg 768w, https:\/\/www.artep.ro\/wp-content\/uploads\/2023\/03\/Afis-Print-1-1-9x12.jpg 9w, https:\/\/www.artep.ro\/wp-content\/uploads\/2023\/03\/Afis-Print-1-1.jpg 1000w\" sizes=\"(max-width: 731px) 100vw, 731px\" \/>\t\t\t\t\t\t\t\t\t\t\t\t\t\t\t<\/div>\n\t\t\t\t<\/div>\n\t\t\t\t<\/div>\n\t\t\t\t\t<\/div>\n\t\t\t\t<\/div>\n\t\t<div class=\"elementor-element elementor-element-5328855 e-flex e-con-boxed e-con e-parent\" data-id=\"5328855\" data-element_type=\"container\" data-e-type=\"container\">\n\t\t\t\t\t<div class=\"e-con-inner\">\n\t\t<div class=\"elementor-element elementor-element-e391133 e-con-full e-flex e-con e-parent\" data-id=\"e391133\" data-element_type=\"container\" data-e-type=\"container\">\n\t\t\t\t<div class=\"elementor-element elementor-element-037d874 elementor-widget elementor-widget-text-editor\" data-id=\"037d874\" data-element_type=\"widget\" data-e-type=\"widget\" data-widget_type=\"text-editor.default\">\n\t\t\t\t<div class=\"elementor-widget-container\">\n\t\t\t\t\t\t\t\t\tPANORAMA, NICU ILFOVEANU \t\t\t\t\t\t\t\t<\/div>\n\t\t\t\t<\/div>\n\t\t\t\t<div class=\"elementor-element elementor-element-ee3215d elementor-widget elementor-widget-text-editor\" data-id=\"ee3215d\" data-element_type=\"widget\" data-e-type=\"widget\" data-widget_type=\"text-editor.default\">\n\t\t\t\t<div class=\"elementor-widget-container\">\n\t\t\t\t\t\t\t\t\t<strong><a href=\"https:\/\/www.artep.ro\/en\/panorama-galerie-foto\/\">\u00centreaga galerie foto poate fi vizualizat\u0103 aici.<\/a><\/strong>\t\t\t\t\t\t\t\t<\/div>\n\t\t\t\t<\/div>\n\t\t\t\t<\/div>\n\t\t<div class=\"elementor-element elementor-element-a16ccf7 e-con-full e-flex e-con e-parent\" data-id=\"a16ccf7\" data-element_type=\"container\" data-e-type=\"container\">\n\t\t\t\t<\/div>\n\t\t\t\t\t<\/div>\n\t\t\t\t<\/div>\n\t\t<div class=\"elementor-element elementor-element-ffb895c e-flex e-con-boxed e-con e-parent\" data-id=\"ffb895c\" data-element_type=\"container\" data-e-type=\"container\">\n\t\t\t\t\t<div class=\"e-con-inner\">\n\t\t<div class=\"elementor-element elementor-element-ed7a5f5 e-con-full e-flex e-con e-parent\" data-id=\"ed7a5f5\" data-element_type=\"container\" data-e-type=\"container\">\n\t\t\t\t<div class=\"elementor-element elementor-element-cdd0a86 elementor-widget elementor-widget-text-editor\" data-id=\"cdd0a86\" data-element_type=\"widget\" data-e-type=\"widget\" data-widget_type=\"text-editor.default\">\n\t\t\t\t<div class=\"elementor-widget-container\">\n\t\t\t\t\t\t\t\t\t<p>Joi, 22 aprilie 2021, \u00eencep\u00e2nd cu ora 18.00, v\u0103 invit\u0103m la deschiderea expozi\u021biei de fotografie \u201ePanorama\u201d, la Galeria Artep din Ia\u0219i. Evenimentul va fi disponibil online, dar se va organiza \u0219i fizic, pentru un public restr\u00e2ns, cu respectarea normelor sanitare impuse de pandemia COVID-19.<\/p><p>Nicu Ilfoveanu va reveni la Ia\u0219i cu o expozi\u021bie de fotografie, o panoram\u0103 ce se desf\u0103\u0219oar\u0103 amplu, printr-o retrospectiv\u0103 a lucr\u0103rilor din seria Steampunk Autochrome realizat\u0103 \u00eentre 2004 \u0219i 2008 \u0219i o nou\u0103 serie de fotografii cu aglomer\u0103ri de personaje realizate \u00een anii preceden\u021bi \u0219i produse \u00een 2021.<\/p><p>Nicu Ilfoveanu's photography is the expression of time that transforms. Like memory capsules, his frames reproduce contexts, details, nuances and emotions that we all find ourselves in, but to which we have a highly personal, genuine perception.<\/p><p>Expozi\u021bia \u201ePanorama\u201d va fi deschis\u0103 spre vizitare la Galeria Artep (\u0218oseaua S\u0103r\u0103rie, nr. 15, Ia\u0219i) \u00een perioada 22 aprilie \u2013 5 iunie 2021.<\/p><p>\"The panorama in the title has multiple valences. It captures the visitor's gaze on the works, from an angle favorable to the whole, generating, at the base of the environment, the effect of illusion. The sequence of the works unfolds both in the physical space of the gallery and at the pace of each individual visitor. The exhibition presents a stark contrast: the landscapes play with our perception and visual baggage in such a way that they make us wonder if a sky can be so purple; the people, whose skin we can intuit along with the colour of their clothes, are presented here in shades of gray. By extracting colours from photographs of people, the emphasis is placed on the autochrome effect of landscape photographs and on the content and narrative intuited in the former\" explains Alexandra Manole, curator of the exhibition, the concept of this photography installation.<\/p><p>Activ \u00een domeniul fotografiei, filmului \u0219i c\u0103r\u021bii de fotografie, Nicu Ilfoveanu ocup\u0103 un rol particular \u00een arta contemporan\u0103 din Rom\u00e2nia. A absolvit Universitatea Na\u021bional\u0103 de Arte din Bucure\u0219ti, unde pred\u0103 \u00een prezent fotografia. Lucr\u0103rile sale sunt caracterizate de jocul nea\u0219teptat \u0219i imprevizibil dintre personal \u0219i documentar, dintre sublim \u0219i trivial, dintre evident \u0219i ascuns. Activitatea recent\u0103 include expozi\u021bii personale la Galeria Mec\u00e0nic, Barcelona (Electro+, 2018), Mois de la Photo du Grand Paris 2017 (Valerica Bienheureux), Uqbar Project Space, Berlin (Series. Multiples, Realisms, 2014); Arsenal Gallery, Poznan (The Mistaken Present Tense, 2013); \u0219i expozi\u021bii de grup: Mesuras, Cerezales Antonino y Cinia Foundation, Leon (2019), Looking Back, Thinking Further, Musee de Beaux Arts Tournai (2019), The Factory of Facts and Other Unspoken Stories, Salonul de proiecte, Bucharest (2016); Vision of a Nation, Fotogalleriet Oslo (2014), Reflection Center for Suspended Histories. An Attempt, the 55th International Art Exhibition \u2013 La Biennale di Venezia (2013); 4th Fotofestival, The Eye is a Lonely Hunter, Mannheim \/Heidelberg \/ Ludwigshafen (2011).<\/p><p>Expozi\u021bia \u201ePanorama\u201d \u0219i dezbaterile \u00een jurul fotografiei artistice de tip documentar care vor fi organizate \u00een perioada 22 aprilie \u2013 5 iunie 2021 la Galeria Artep sunt parte integrant\u0103 din proiectul \u201eModernit\u0103\u021bi multiple: demers de cercetare artistic\u0103 asupra mediului fotografic\u201d, co-finan\u021bat de Administra\u021bia Fondului Cultural Na\u021bional (AFCN) \u0219i ini\u021biat de Asocia\u021bia Galeria Artep. Expozi\u021bia va fi intinerat\u0103 \u00een toamna acestui an \u0219i la Bucure\u0219ti, \u00een parteneriat cu Galeria Posibil\u0103.<\/p><p>Tot anul acesta \u0219i tot ca parte integrant\u0103 din proiectul men\u021bionat, vom prezenta publicului ie\u0219ean, \u00een perioada 17 iunie \u2013 25 iulie, expozi\u021bia de fotografie propus\u0103 de artistul vizual Matei Bejenaru \u0219i curatoriat\u0103 de Cristian Nae, demers ce va fi completat de o serie de \u00eent\u00e2lniri \u0219i dezbateri privind tehnica platinum palladium \u00een fotografia contemporan\u0103.<\/p><p>Organizer: Artep Gallery Association<\/p><p>With the support of: the Administration of the National Cultural Fund<\/p><p>Parteneri: Galeria Artep, Galeria Posibil\u0103<\/p><p>Parteneri media: TVR Ia\u0219i, Revista Timpul<\/p><p>The project does not necessarily represent the position of the National Cultural Fund Administration. AFCN is not responsible for the content of the project or how the works may be used. These are entirely the responsibility of the beneficiary of the funding.<\/p>\t\t\t\t\t\t\t\t<\/div>\n\t\t\t\t<\/div>\n\t\t\t\t<\/div>\n\t\t<div class=\"elementor-element elementor-element-ce54818 e-con-full e-flex e-con e-parent\" data-id=\"ce54818\" data-element_type=\"container\" data-e-type=\"container\">\n\t\t\t\t<div class=\"elementor-element elementor-element-2df0664 elementor-widget elementor-widget-image\" data-id=\"2df0664\" data-element_type=\"widget\" data-e-type=\"widget\" data-widget_type=\"image.default\">\n\t\t\t\t<div class=\"elementor-widget-container\">\n\t\t\t\t\t\t\t\t\t\t\t\t\t\t\t<img decoding=\"async\" width=\"731\" height=\"1024\" src=\"https:\/\/www.artep.ro\/wp-content\/uploads\/2023\/03\/Afis-Panorama-1-731x1024.jpg\" class=\"attachment-large size-large wp-image-5764\" alt=\"\" srcset=\"https:\/\/www.artep.ro\/wp-content\/uploads\/2023\/03\/Afis-Panorama-1-731x1024.jpg 731w, https:\/\/www.artep.ro\/wp-content\/uploads\/2023\/03\/Afis-Panorama-1-600x840.jpg 600w, https:\/\/www.artep.ro\/wp-content\/uploads\/2023\/03\/Afis-Panorama-1-214x300.jpg 214w, https:\/\/www.artep.ro\/wp-content\/uploads\/2023\/03\/Afis-Panorama-1-768x1075.jpg 768w, https:\/\/www.artep.ro\/wp-content\/uploads\/2023\/03\/Afis-Panorama-1-9x12.jpg 9w, https:\/\/www.artep.ro\/wp-content\/uploads\/2023\/03\/Afis-Panorama-1.jpg 1000w\" sizes=\"(max-width: 731px) 100vw, 731px\" \/>\t\t\t\t\t\t\t\t\t\t\t\t\t\t\t<\/div>\n\t\t\t\t<\/div>\n\t\t\t\t<\/div>\n\t\t\t\t\t<\/div>\n\t\t\t\t<\/div>\n\t\t\t\t<\/div>","protected":false},"excerpt":{"rendered":"<p>PRINT, MATEI BEJENARU\u00centreaga galerie foto poate fi vizualizat\u0103 aici. Joi, 17 iunie 2021, \u00eencep\u00e2nd cu ora 18.30, v\u0103 invit\u0103m la deschiderea expozi\u021biei de fotografie \u201ePRINT\u201d, la Galeria Artep din Ia\u0219i. Evenimentul va fi disponibil online, dar se va organiza \u0219i fizic, pentru un public restr\u00e2ns, cu respectarea normelor sanitare impuse de pandemia COVID-19. V\u0103 propunem [&hellip;]<\/p>\n","protected":false},"author":1,"featured_media":0,"parent":0,"menu_order":0,"comment_status":"closed","ping_status":"closed","template":"","meta":{"_acf_changed":false,"footnotes":""},"class_list":["post-5754","page","type-page","status-publish","hentry"],"acf":[],"_links":{"self":[{"href":"https:\/\/www.artep.ro\/en\/wp-json\/wp\/v2\/pages\/5754","targetHints":{"allow":["GET"]}}],"collection":[{"href":"https:\/\/www.artep.ro\/en\/wp-json\/wp\/v2\/pages"}],"about":[{"href":"https:\/\/www.artep.ro\/en\/wp-json\/wp\/v2\/types\/page"}],"author":[{"embeddable":true,"href":"https:\/\/www.artep.ro\/en\/wp-json\/wp\/v2\/users\/1"}],"replies":[{"embeddable":true,"href":"https:\/\/www.artep.ro\/en\/wp-json\/wp\/v2\/comments?post=5754"}],"version-history":[{"count":22,"href":"https:\/\/www.artep.ro\/en\/wp-json\/wp\/v2\/pages\/5754\/revisions"}],"predecessor-version":[{"id":5985,"href":"https:\/\/www.artep.ro\/en\/wp-json\/wp\/v2\/pages\/5754\/revisions\/5985"}],"wp:attachment":[{"href":"https:\/\/www.artep.ro\/en\/wp-json\/wp\/v2\/media?parent=5754"}],"curies":[{"name":"wp","href":"https:\/\/api.w.org\/{rel}","templated":true}]}}