{"id":61,"date":"2021-04-13T16:08:14","date_gmt":"2021-04-13T16:08:14","guid":{"rendered":"https:\/\/client.septembermedia.ro\/?page_id=61"},"modified":"2022-11-04T13:55:28","modified_gmt":"2022-11-04T13:55:28","slug":"felix-aftene","status":"publish","type":"page","link":"https:\/\/www.artep.ro\/en\/felix-aftene\/","title":{"rendered":"Felix Aftene"},"content":{"rendered":"<div data-elementor-type=\"wp-page\" data-elementor-id=\"61\" class=\"elementor elementor-61\" data-elementor-post-type=\"page\">\n\t\t\t\t\t\t<section class=\"elementor-section elementor-top-section elementor-element elementor-element-6489ca6 elementor-section-boxed elementor-section-height-default elementor-section-height-default\" data-id=\"6489ca6\" data-element_type=\"section\" data-e-type=\"section\">\n\t\t\t\t\t\t<div class=\"elementor-container elementor-column-gap-default\">\n\t\t\t\t\t<div class=\"elementor-column elementor-col-33 elementor-top-column elementor-element elementor-element-2763d60\" data-id=\"2763d60\" data-element_type=\"column\" data-e-type=\"column\">\n\t\t\t<div class=\"elementor-widget-wrap elementor-element-populated\">\n\t\t\t\t\t\t<div class=\"elementor-element elementor-element-ed52ba8 elementor-widget elementor-widget-heading\" data-id=\"ed52ba8\" data-element_type=\"widget\" data-e-type=\"widget\" data-widget_type=\"heading.default\">\n\t\t\t\t<div class=\"elementor-widget-container\">\n\t\t\t\t\t<h2 class=\"elementor-heading-title elementor-size-default\">FELIX AFTENE<\/h2>\t\t\t\t<\/div>\n\t\t\t\t<\/div>\n\t\t\t\t<div class=\"elementor-element elementor-element-12db6ea elementor-widget elementor-widget-text-editor\" data-id=\"12db6ea\" data-element_type=\"widget\" data-e-type=\"widget\" data-widget_type=\"text-editor.default\">\n\t\t\t\t<div class=\"elementor-widget-container\">\n\t\t\t\t\t\t\t\t\tDespre\t\t\t\t\t\t\t\t<\/div>\n\t\t\t\t<\/div>\n\t\t\t\t<div class=\"elementor-element elementor-element-549a461 elementor-widget elementor-widget-text-editor\" data-id=\"549a461\" data-element_type=\"widget\" data-e-type=\"widget\" data-widget_type=\"text-editor.default\">\n\t\t\t\t<div class=\"elementor-widget-container\">\n\t\t\t\t\t\t\t\t\tExpozi\u021bii:<br>\nMemoria Spa\u021biului<br>\nMusta\u021ba lui Dali \u0219i alte culori\t\t\t\t\t\t\t\t<\/div>\n\t\t\t\t<\/div>\n\t\t\t\t<div class=\"elementor-element elementor-element-0f6eee8 elementor-widget elementor-widget-text-editor\" data-id=\"0f6eee8\" data-element_type=\"widget\" data-e-type=\"widget\" data-widget_type=\"text-editor.default\">\n\t\t\t\t<div class=\"elementor-widget-container\">\n\t\t\t\t\t\t\t\t\tFacebook<br>\nInstagram\t\t\t\t\t\t\t\t<\/div>\n\t\t\t\t<\/div>\n\t\t\t\t\t<\/div>\n\t\t<\/div>\n\t\t\t\t<div class=\"elementor-column elementor-col-66 elementor-top-column elementor-element elementor-element-ff9aa5e\" data-id=\"ff9aa5e\" data-element_type=\"column\" data-e-type=\"column\">\n\t\t\t<div class=\"elementor-widget-wrap elementor-element-populated\">\n\t\t\t\t\t\t<div class=\"elementor-element elementor-element-04d924c elementor-widget elementor-widget-image\" data-id=\"04d924c\" data-element_type=\"widget\" data-e-type=\"widget\" data-widget_type=\"image.default\">\n\t\t\t\t<div class=\"elementor-widget-container\">\n\t\t\t\t\t\t\t\t\t\t\t\t\t\t\t<img fetchpriority=\"high\" decoding=\"async\" width=\"800\" height=\"534\" src=\"https:\/\/www.artep.ro\/wp-content\/uploads\/2021\/04\/felix-aftene-2-1-1024x683.jpg\" class=\"attachment-large size-large wp-image-66\" alt=\"\" srcset=\"https:\/\/www.artep.ro\/wp-content\/uploads\/2021\/04\/felix-aftene-2-1-1024x683.jpg 1024w, https:\/\/www.artep.ro\/wp-content\/uploads\/2021\/04\/felix-aftene-2-1-scaled-600x400.jpg 600w, https:\/\/www.artep.ro\/wp-content\/uploads\/2021\/04\/felix-aftene-2-1-300x200.jpg 300w, https:\/\/www.artep.ro\/wp-content\/uploads\/2021\/04\/felix-aftene-2-1-768x512.jpg 768w, https:\/\/www.artep.ro\/wp-content\/uploads\/2021\/04\/felix-aftene-2-1-1536x1024.jpg 1536w, https:\/\/www.artep.ro\/wp-content\/uploads\/2021\/04\/felix-aftene-2-1-2048x1366.jpg 2048w\" sizes=\"(max-width: 800px) 100vw, 800px\" \/>\t\t\t\t\t\t\t\t\t\t\t\t\t\t\t<\/div>\n\t\t\t\t<\/div>\n\t\t\t\t<div class=\"elementor-element elementor-element-7563ce1 elementor-widget elementor-widget-text-editor\" data-id=\"7563ce1\" data-element_type=\"widget\" data-e-type=\"widget\" data-widget_type=\"text-editor.default\">\n\t\t\t\t<div class=\"elementor-widget-container\">\n\t\t\t\t\t\t\t\t\tFoto: Eduard Verde.\t\t\t\t\t\t\t\t<\/div>\n\t\t\t\t<\/div>\n\t\t\t\t<div class=\"elementor-element elementor-element-1d46fff elementor-widget elementor-widget-text-editor\" data-id=\"1d46fff\" data-element_type=\"widget\" data-e-type=\"widget\" data-widget_type=\"text-editor.default\">\n\t\t\t\t<div class=\"elementor-widget-container\">\n\t\t\t\t\t\t\t\t\t<p>Pictura lui Felix Aftene ia tot at\u00e2tea chipuri c\u00e2te \u00een\u021belesuri \u00eei d\u0103 artistul. Dar cine e artistul? E maestrul liniilor curbe din compozi\u021biile cu arip\u0103, e alchimistul nuan\u021belor de albastru care surprind \u0219i zborul \u0219i c\u0103derea \u00een aceea\u0219i frac\u021biune de secund\u0103, e introspectul care \u00ee\u0219i analizeaz\u0103 parcursul uman din pespectiva memoriei spa\u021biului? Felix Aftene e pu\u021bin din fiecare \u0219i mult mai mult dec\u00e2t at\u00e2t.<\/p><p>Ce mi se pare esen\u021bial la Felix Aftene este, de fapt, curajul. Curajul de a c\u0103uta, de a \u00een\u021belege, de a gre\u0219i, de a relua, curajul de a g\u0103si \u0219i apoi de a continua c\u0103utarea. Pentru cei mai mul\u021bi dintre noi c\u0103utarea vine cu o finalitate \u2013 imediat\u0103 sau \u00eent\u00e2rziat\u0103.<\/p><p>La Felix Aftene c\u0103utarea \u00eenseamn\u0103 reluare, continuare, reevaluare. Nu e nimic final \u00een arta lui \u2013 o art\u0103 profund marcat\u0103 de personalitatea \u0219i c\u0103ut\u0103rile artistului.<\/p>\t\t\t\t\t\t\t\t<\/div>\n\t\t\t\t<\/div>\n\t\t\t\t<div class=\"elementor-element elementor-element-2114b5e elementor-widget elementor-widget-text-editor\" data-id=\"2114b5e\" data-element_type=\"widget\" data-e-type=\"widget\" data-widget_type=\"text-editor.default\">\n\t\t\t\t<div class=\"elementor-widget-container\">\n\t\t\t\t\t\t\t\t\tTudori\u021ba \u0218old\u0103nescu\t\t\t\t\t\t\t\t<\/div>\n\t\t\t\t<\/div>\n\t\t\t\t\t<\/div>\n\t\t<\/div>\n\t\t\t\t\t<\/div>\n\t\t<\/section>\n\t\t\t\t<\/div>","protected":false},"excerpt":{"rendered":"<p>FELIX AFTENE DespreExpozi\u021bii: Memoria Spa\u021biului Musta\u021ba lui Dali \u0219i alte culoriFacebook Instagram Foto: Eduard Verde. Pictura lui Felix Aftene ia tot at\u00e2tea chipuri c\u00e2te \u00een\u021belesuri \u00eei d\u0103 artistul. Dar cine e artistul? E maestrul liniilor curbe din compozi\u021biile cu arip\u0103, e alchimistul nuan\u021belor de albastru care surprind \u0219i zborul \u0219i c\u0103derea \u00een aceea\u0219i frac\u021biune de [&hellip;]<\/p>\n","protected":false},"author":1,"featured_media":0,"parent":0,"menu_order":0,"comment_status":"closed","ping_status":"closed","template":"","meta":{"_acf_changed":false,"footnotes":""},"class_list":["post-61","page","type-page","status-publish","hentry"],"acf":[],"_links":{"self":[{"href":"https:\/\/www.artep.ro\/en\/wp-json\/wp\/v2\/pages\/61","targetHints":{"allow":["GET"]}}],"collection":[{"href":"https:\/\/www.artep.ro\/en\/wp-json\/wp\/v2\/pages"}],"about":[{"href":"https:\/\/www.artep.ro\/en\/wp-json\/wp\/v2\/types\/page"}],"author":[{"embeddable":true,"href":"https:\/\/www.artep.ro\/en\/wp-json\/wp\/v2\/users\/1"}],"replies":[{"embeddable":true,"href":"https:\/\/www.artep.ro\/en\/wp-json\/wp\/v2\/comments?post=61"}],"version-history":[{"count":68,"href":"https:\/\/www.artep.ro\/en\/wp-json\/wp\/v2\/pages\/61\/revisions"}],"predecessor-version":[{"id":2026,"href":"https:\/\/www.artep.ro\/en\/wp-json\/wp\/v2\/pages\/61\/revisions\/2026"}],"wp:attachment":[{"href":"https:\/\/www.artep.ro\/en\/wp-json\/wp\/v2\/media?parent=61"}],"curies":[{"name":"wp","href":"https:\/\/api.w.org\/{rel}","templated":true}]}}