{"id":6482,"date":"2023-06-12T12:33:36","date_gmt":"2023-06-12T12:33:36","guid":{"rendered":"https:\/\/www.artep.ro\/?page_id=6482"},"modified":"2023-06-12T12:39:46","modified_gmt":"2023-06-12T12:39:46","slug":"oamenii-arhivelor","status":"publish","type":"page","link":"https:\/\/www.artep.ro\/en\/oamenii-arhivelor\/","title":{"rendered":"OAMENII ARHIVELOR"},"content":{"rendered":"<div data-elementor-type=\"wp-page\" data-elementor-id=\"6482\" class=\"elementor elementor-6482\" data-elementor-post-type=\"page\">\n\t\t\t\t<div class=\"elementor-element elementor-element-d34f7bb e-flex e-con-boxed e-con e-parent\" data-id=\"d34f7bb\" data-element_type=\"container\" data-e-type=\"container\">\n\t\t\t\t\t<div class=\"e-con-inner\">\n\t\t<div class=\"elementor-element elementor-element-d6cafa2 e-con-full e-flex e-con e-parent\" data-id=\"d6cafa2\" data-element_type=\"container\" data-e-type=\"container\">\n\t\t\t\t<div class=\"elementor-element elementor-element-aeb4620 elementor-hidden-mobile elementor-widget elementor-widget-heading\" data-id=\"aeb4620\" data-element_type=\"widget\" data-e-type=\"widget\" data-widget_type=\"heading.default\">\n\t\t\t\t<div class=\"elementor-widget-container\">\n\t\t\t\t\t<h2 class=\"elementor-heading-title elementor-size-default\">\u201eARBORESCENCE\u201c \u2013 \u00ceN A\u0218TEPTARE CU FLORIN GHENADE<\/h2>\t\t\t\t<\/div>\n\t\t\t\t<\/div>\n\t\t\t\t<div class=\"elementor-element elementor-element-811752e elementor-hidden-desktop elementor-hidden-tablet elementor-widget elementor-widget-heading\" data-id=\"811752e\" data-element_type=\"widget\" data-e-type=\"widget\" data-widget_type=\"heading.default\">\n\t\t\t\t<div class=\"elementor-widget-container\">\n\t\t\t\t\t<h2 class=\"elementor-heading-title elementor-size-default\">\u201eARBORESCENCE\u201c \u2013 \u00ceN A\u0218TEPTARE CU FLORIN GHENADE<\/h2>\t\t\t\t<\/div>\n\t\t\t\t<\/div>\n\t\t\t\t<div class=\"elementor-element elementor-element-5653184 elementor-widget elementor-widget-video\" data-id=\"5653184\" data-element_type=\"widget\" data-e-type=\"widget\" data-settings=\"{&quot;youtube_url&quot;:&quot;https:\\\/\\\/youtu.be\\\/Rf6TgWOlzho&quot;,&quot;video_type&quot;:&quot;youtube&quot;,&quot;controls&quot;:&quot;yes&quot;}\" data-widget_type=\"video.default\">\n\t\t\t\t<div class=\"elementor-widget-container\">\n\t\t\t\t\t\t\t<div class=\"elementor-wrapper elementor-open-inline\">\n\t\t\t<div class=\"elementor-video\"><\/div>\t\t<\/div>\n\t\t\t\t\t\t<\/div>\n\t\t\t\t<\/div>\n\t\t\t\t<div class=\"elementor-element elementor-element-5029c49 elementor-widget elementor-widget-text-editor\" data-id=\"5029c49\" data-element_type=\"widget\" data-e-type=\"widget\" data-widget_type=\"text-editor.default\">\n\t\t\t\t<div class=\"elementor-widget-container\">\n\t\t\t\t\t\t\t\t\t<p>\u0218ona | memoria unui loc<br \/>Acest demers de arhivare a fotografiei vechi a fost \u00eenceput \u00een urm\u0103 cu mul\u021bi ani de familia pictorului \u0218tefan C\u00e2l\u021bia \u0219i continuat \u00een prezent de Asocia\u021bia Galeria Artep, \u00een parteneriat cu Asocia\u021bia S\u0103teasc\u0103 \u201e\u0218ona Noastr\u0103\u201d, Asociatia Monumentum \u0219i Funda\u021bia \u0218tefan C\u00e2l\u021bia &#8211; \u0218tefan C\u00e2l\u021bia &#8211; Locuri.<br \/>Un proiect cultural #cofinan\u021batdeAFCN.<br \/>#sonanoastra, AFCN<\/p><p>S\u00e2mb\u0103t\u0103, 5 noiembrie 2022, o zi \u00eentreag\u0103 dedicat\u0103 Oamenilor Arhivelor \u2013 Asocia\u021bia Galeria Artep a organizat, \u00een cadrul proiectului \u0218ONA \u2013 MEMORIA UNUI LOC, o dezbatere dedicat\u0103 arhivelor vizuale. S-a abordat arhivarea dintr-o varietate de perspective, propuse de diferi\u021bii speciali\u0219ti sau exper\u021bi care s-au implicat de-a lungul parcursului lor profesional cu arhive \u2013 de fotografie, de documente, personale, de artist sau chiar institu\u021bionale.<br \/>Invita\u021bi s\u0103 analizeze procesele teoretice \u0219i practice pe care le presupune arhivarea, la dezbaterea \u201eOamenii Arhivelor\u201d au participat: Nora Agapi \u2013 director de imagine \u0219i fotograf independent care gestioneaz\u0103 colec\u021bia fotografic\u0103 a documentaristului ie\u0219ean Ioan Agapi \u2013, Radu B\u00e2rl\u0103 \u2013 istoric, specializat pe istoria Transilvaniei \u0219i istoria sa\u0219ilor, care \u0219i-a dedicat ultimii ani istoriei fotografiei \u00een Rom\u00e2nia \u0219i coordon\u0103rii platformei Arhiva de Fotografie \u2013, Alexandra Croitoru \u2013 cu o activitate intens\u0103 \u00een cercetarea, clasarea \u0219i prezentarea Arhivei Oroveanu \u2013, Nicu Ilfoveanu \u2013 care activeaz\u0103 \u00een domenii precum fotografia, filmul \u0219i publica\u021biile fotografice, fiind creditat cu o pozi\u021bie special\u0103 \u00een cadrul fotografiei rom\u00e2ne\u0219ti contemporane \u2013, Diana Iabra\u0219u \u2013 fotograf \u0219i pasionat cercet\u0103tor vizual care a coordonat activitatea de recuperare a fotografiei de arhiv\u0103 \u00een \u0218ona \u00een cadrul acestui proiect \u2013, Ana Negoi\u021b\u0103 \u2013 specialist din cadrul Funda\u021biei \u0218tefan C\u00e2l\u021bia, specilizat pe scanarea \u0219i stocarea fotografiei \u2013, Alina P\u0103tru \u2013 manager cultural, reprezentant al Asocia\u021biei Renascendis, care \u00een 2013 a preluat \u00een administrare ansamblul bisericii fortificate evanghelice din Felmer (jud. Bra\u0219ov) \u2013 \u0219i Iris \u0218erban \u2013 specialist \u00een cadrul Arhivei Muzeului Na\u021bional al \u021a\u0103ranului Rom\u00e2n.<\/p>\t\t\t\t\t\t\t\t<\/div>\n\t\t\t\t<\/div>\n\t\t\t\t<\/div>\n\t\t\t\t\t<\/div>\n\t\t\t\t<\/div>\n\t\t\t\t<\/div>","protected":false},"excerpt":{"rendered":"<p>\u201eARBORESCENCE\u201c \u2013 \u00ceN A\u0218TEPTARE CU FLORIN GHENADE \u201eARBORESCENCE\u201c \u2013 \u00ceN A\u0218TEPTARE CU FLORIN GHENADE https:\/\/youtu.be\/Rf6TgWOlzho \u0218ona | memoria unui locAcest demers de arhivare a fotografiei vechi a fost \u00eenceput \u00een urm\u0103 cu mul\u021bi ani de familia pictorului \u0218tefan C\u00e2l\u021bia \u0219i continuat \u00een prezent de Asocia\u021bia Galeria Artep, \u00een parteneriat cu Asocia\u021bia S\u0103teasc\u0103 \u201e\u0218ona Noastr\u0103\u201d, Asociatia [&hellip;]<\/p>\n","protected":false},"author":1,"featured_media":0,"parent":0,"menu_order":0,"comment_status":"closed","ping_status":"closed","template":"","meta":{"_acf_changed":false,"footnotes":""},"class_list":["post-6482","page","type-page","status-publish","hentry"],"acf":[],"_links":{"self":[{"href":"https:\/\/www.artep.ro\/en\/wp-json\/wp\/v2\/pages\/6482","targetHints":{"allow":["GET"]}}],"collection":[{"href":"https:\/\/www.artep.ro\/en\/wp-json\/wp\/v2\/pages"}],"about":[{"href":"https:\/\/www.artep.ro\/en\/wp-json\/wp\/v2\/types\/page"}],"author":[{"embeddable":true,"href":"https:\/\/www.artep.ro\/en\/wp-json\/wp\/v2\/users\/1"}],"replies":[{"embeddable":true,"href":"https:\/\/www.artep.ro\/en\/wp-json\/wp\/v2\/comments?post=6482"}],"version-history":[{"count":16,"href":"https:\/\/www.artep.ro\/en\/wp-json\/wp\/v2\/pages\/6482\/revisions"}],"predecessor-version":[{"id":6501,"href":"https:\/\/www.artep.ro\/en\/wp-json\/wp\/v2\/pages\/6482\/revisions\/6501"}],"wp:attachment":[{"href":"https:\/\/www.artep.ro\/en\/wp-json\/wp\/v2\/media?parent=6482"}],"curies":[{"name":"wp","href":"https:\/\/api.w.org\/{rel}","templated":true}]}}