{"id":8201,"date":"2024-06-19T12:36:51","date_gmt":"2024-06-19T12:36:51","guid":{"rendered":"https:\/\/www.artep.ro\/?page_id=8201"},"modified":"2024-12-09T15:09:47","modified_gmt":"2024-12-09T15:09:47","slug":"art-gen-24-x","status":"publish","type":"page","link":"https:\/\/www.artep.ro\/en\/art-gen-24-x\/","title":{"rendered":"Art gen 24 x"},"content":{"rendered":"<div data-elementor-type=\"wp-page\" data-elementor-id=\"8201\" class=\"elementor elementor-8201\" data-elementor-post-type=\"page\">\n\t\t\t\t<div class=\"elementor-element elementor-element-5328855 e-flex e-con-boxed e-con e-parent\" data-id=\"5328855\" data-element_type=\"container\" data-e-type=\"container\">\n\t\t\t\t\t<div class=\"e-con-inner\">\n\t\t<div class=\"elementor-element elementor-element-e391133 e-con-full e-flex e-con e-child\" data-id=\"e391133\" data-element_type=\"container\" data-e-type=\"container\">\n\t\t\t\t<div class=\"elementor-element elementor-element-037d874 elementor-widget elementor-widget-text-editor\" data-id=\"037d874\" data-element_type=\"widget\" data-e-type=\"widget\" data-widget_type=\"text-editor.default\">\n\t\t\t\t<div class=\"elementor-widget-container\">\n\t\t\t\t\t\t\t\t\tART GEN&#8217;24\t\t\t\t\t\t\t\t<\/div>\n\t\t\t\t<\/div>\n\t\t\t\t<\/div>\n\t\t\t\t\t<\/div>\n\t\t\t\t<\/div>\n\t\t<div class=\"elementor-element elementor-element-0c7b27c e-flex e-con-boxed e-con e-parent\" data-id=\"0c7b27c\" data-element_type=\"container\" data-e-type=\"container\">\n\t\t\t\t\t<div class=\"e-con-inner\">\n\t\t<div class=\"elementor-element elementor-element-27a01c1 e-con-full e-flex e-con e-child\" data-id=\"27a01c1\" data-element_type=\"container\" data-e-type=\"container\">\n\t\t\t\t<div class=\"elementor-element elementor-element-aa449e1 elementor-widget elementor-widget-text-editor\" data-id=\"aa449e1\" data-element_type=\"widget\" data-e-type=\"widget\" data-widget_type=\"text-editor.default\">\n\t\t\t\t<div class=\"elementor-widget-container\">\n\t\t\t\t\t\t\t\t\t<p><span style=\"font-weight: 400;\">\u00cen art\u0103, ca oriunde altundeva, experien\u021ba este esen\u021bial\u0103. Asocia\u021bia Galeria Artep iese \u00een \u00eent\u00e2mpinarea arti\u0219tilor absolven\u021bi de arte vizuale din Ia\u0219i \u0219i ofer\u0103, \u00een urma unui concurs public jurizat de o comisie de speciali\u0219ti, o galerie-ramp\u0103 de lansare, prin <\/span><b>program Art Gen, care ajunge \u00een 2024 la a doua edi\u021bie<\/b><span style=\"font-weight: 400;\">.<\/span><\/p><p><span style=\"font-weight: 400;\">Mul\u021bumim tuturor studen\u021bilor care ne-au trimis portofoliile artistice \u00een termenul-limit\u0103 (aproape\u00a0 20 de aplica\u021bii primite), precum \u0219i exper\u021bilor din cadrul comisiei de selec\u021bie a programului Art Gen\u2019 24: Virgil Scripcariu (sculptor), Larisa Oancea (curatoare), Mihai Zgondoiu (artist vizual), Georgiana Bu\u021b (curatoare) \u0219i Mihaela Irimescu (galerist). Comisia a ales-o pe <\/span><b>Andreea-Delia Voren, artist\u0103 preocupat\u0103 de pictur\u0103 \u0219i sticl\u0103, <\/b><span style=\"font-weight: 400;\">absolvent\u0103 a programelor de licen\u021b\u0103 \u0219i master din cadrul Facult\u0103\u021bii de Arte Vizuale \u0219i Design, Universitatea de Art\u0103 \u201eGeorge Enescu\u201d din Ia\u0219i, \u00eencheiate \u00een iunie 2024.<\/span><\/p><p><span style=\"font-weight: 400;\">Vino \u00een perioada <\/span><b>12 decembrie 2024 \u2013 23 ianuarie 2025<\/b><span style=\"font-weight: 400;\"> pentru o alt\u0103 perspectiv\u0103 asupra distan\u021bei dintre noi, a spa\u021biului dintre noi \u0219i lucruri, a rela\u021biei dintre material \u0219i imaterial, printr-o interpretare autentic\u0103 a sticlei prin pictur\u0103 \u0219i diferite alte medii propus\u0103 de artista emergent\u0103 Andreea-Delia Voren.<\/span><\/p><p><span style=\"font-weight: 400;\">\u201eExpozi\u021bia devine astfel un spa\u021biu intermediar \u00een care lucr\u0103rile vorbesc despre ele \u00eensele, \u00een afara contextelor utilitare sau simbolice. Andreea-Delia Voren capteaz\u0103 acel \u201e\u00eentre\u201d dintre vizibil \u0219i invizibil, material \u0219i imaterial, transform\u00e2nd suprafe\u021bele sticlei \u00eentr-un portal c\u0103tre ceea ce Latour \u0219i Harman numesc realitatea profund\u0103 a obiectelor: lucr\u0103rile artistei propun o \u00eentoarcere la o estetic\u0103 a observa\u021biei pure, eliberat\u0103 de interpret\u0103ri for\u021bate; o expozi\u021bie despre obiecte captate \u00een sticl\u0103, despre spa\u021biile dintre ele, despre t\u0103cerea materialit\u0103\u021bii \u0219i povestea pe care o spun lucrurile atunci c\u00e2nd oamenii \u00eenceteaz\u0103 s\u0103 le categorizeze. Prin aceast\u0103 expozi\u021bie, artista provoac\u0103 limitele percep\u021biei \u0219i ne invit\u0103 s\u0103 reg\u00e2ndim locul nostru \u00een re\u021beaua vast\u0103 a lucrurilor. Suntem martori ai unui dialog dintre natur\u0103 \u0219i cultur\u0103 \u0219i ai unui moment de redefinire a rela\u021biei dintre oameni, obiecte \u0219i spa\u021biu\u201d, detaliaz\u0103 curatoarea Cristiana Ursache.<\/span><\/p><p><span style=\"font-weight: 400;\">\u201eLucr\u0103rile prezentate sunt realizate \u00een mediul sticlei printr-un proces tehnic \u0219i conceptual care dep\u0103\u0219e\u0219te limitele tradi\u021bionale ale acestui material. Prin fuziunea unor elemente precum h\u00e2rtia, nisipul, pietrele \u0219i fragmentele vegetale, procesul investigheaz\u0103 poten\u021bialul sticlei de a deveni un mediu complex de expresie artistic\u0103 contemporan\u0103.<\/span> <span style=\"font-weight: 400;\">Tema central\u0103 a demersului artistic este investigarea prezentei materialit\u0103\u021bii ca existen\u021b\u0103 situat\u0103 la intersec\u021bia dintre organic \u0219i artificial, reconsider\u00e2nd locul omului \u00een re\u021beaua complex\u0103 a materiei\u201d, spune artista Andreea-Delia Voran.<\/span><\/p><p><b>Andreea-Delia Voren <\/b><span style=\"font-weight: 400;\">a absolvit programul de licen\u021b\u0103 \u0219i masterat \u00een cadrul Facult\u0103\u021bii de Arte Vizuale \u0219i Design din Ia\u0219i, la sec\u021biile de Pictur\u0103 \u0219i Pedagogia Artei. \u0218i-a completat studiile printr-o burs\u0103 de internship la facultatea PXL MAD din Belgia, unde a investigat posibilit\u0103\u021bile transmedialit\u0103\u021bii \u00een pictur\u0103 \u0219i sticl\u0103 \u0219i a sprijinit activit\u0103\u021bile didactice ale sec\u021biei de Pictur\u0103. \u00cen prezent, urmeaz\u0103 studiile de doctorat la Facultatea de Arte Vizuale \u0219i Design a Universit\u0103\u021bii de Vest din Timi\u0219oara, unde \u00ee\u0219i desf\u0103\u0219oar\u0103 cercetarea concentr\u00e2ndu-se pe inova\u021biile \u0219i intersec\u021biile dintre pictur\u0103 \u0219i materialitatea altor medii artistice. A participat la numeroase expozi\u021bii de grup, at\u00e2t na\u021bionale, c\u00e2t \u0219i interna\u021bionale, inclusiv la Royal Academy of Art \u0219i Mall Galleries din Londra, precum \u0219i \u00een Italia \u0219i Bulgaria.<\/span><\/p><p><b>Cristiana Ursache<\/b><span style=\"font-weight: 400;\"> este cercet\u0103toare \u0219i curatoare \u00een Ia\u0219i, Rom\u00e2nia. A absolvit studiile de licen\u021b\u0103 \u0219i master \u00een teorii \u0219i practici \u00een artele vizuale la Universitatea de Arte ,,George Enescu\u201d Ia\u0219i, iar din 2023 def\u0103\u0219oar\u0103 o cercetare doctoral\u0103 despre practicile curatoriale din rom\u00e2nia din anii 2000 p\u00e2n\u0103 \u00een prezent, \u00een cadrul aceleia\u0219i universit\u0103\u021bi. \u00cen trecut a urmat cursuri la universit\u0103\u021bi din Spania \u0219i Elve\u021bia, la Escuela de Arte de Sevilla \u0219i la Zurich University of the Arts. \u00cen vara anului 2022 a avut rolul de mediator cultural la Pavilionul Rom\u00e2niei din cadrul edi\u021biei 59a Bienalei de la Vene\u021bia iar \u00een 2024 a colaborat cu Listval Gallery din Islanda. A curatoriat expozi\u021bii \u00een \u021bar\u0103 \u0219i \u00een afar\u0103 ale unor arti\u0219ti precum \u0218tefan C\u00e2l\u021bia, Claudiu Ciobanu, Sorin Ilfoveanu, Miruna Radovici, Radu-Mihai T\u0103nas\u0103.<\/span><\/p><p><span style=\"font-weight: 400;\">Din 2018, <\/span><b>Galeria Artep<\/b><span style=\"font-weight: 400;\"> aduce \u00een aten\u021bia publicului ie\u0219ean cei mai aprecia\u021bi arti\u0219ti vizuali rom\u00e2ni, \u00een instala\u021bii de pictur\u0103, sculptur\u0103 \u0219i fotografie coordonate de curatori pasiona\u021bi, instala\u021bii corelate cu film de autor, cercetare \u0219i o abordare convergent\u0103 asupra domeniului. Galeria Artep a propus publicului ie\u0219ean o serie impresionant\u0103 de arti\u0219ti vizuali, precum: Felix Aftene (2018, 2020) \u0218tefan C\u00e2l\u021bia (2019, 2020, 2021, 2022), Virgil Scripcariu (2019, 2024 la M\u0103n\u0103stirea din Batalha), Mark Verlan \u0219i Ghenadie Popescu (2020), Matei Bejenaru (2021), Nicu Ilfoveanu (2021), Claudiu Ciobanu (2022, 2023 la ICR Viena, 2024), Miruna Radovici (2022), Sorin Ilfoveanu (2022\/2023), Radu Carnariu (2023), Andrei Gavrili\u021ba (2023), \u00c5sa Sonjasdotter (2024).\u00a0<\/span><\/p><p><br \/><br style=\"font-weight: 400;\" \/><br \/><\/p>\t\t\t\t\t\t\t\t<\/div>\n\t\t\t\t<\/div>\n\t\t\t\t<div class=\"elementor-element elementor-element-337cb95 elementor-widget elementor-widget-text-editor\" data-id=\"337cb95\" data-element_type=\"widget\" data-e-type=\"widget\" data-widget_type=\"text-editor.default\">\n\t\t\t\t<div class=\"elementor-widget-container\">\n\t\t\t\t\t\t\t\t\t<p>Andreea-Delia Buzil\u0103 has graduated with a master's degree in Painting from the Faculty of Visual Arts and Design in Ia\u0219i. She furthered her studies through an internship scholarship in Belgium at PXL MAD School of Arts, where she explored the possibilities of transmediality in the mediums of painting and glass. She is the first visual artist selected for the Art Gen '24 project call. Congratulations!<\/p>\t\t\t\t\t\t\t\t<\/div>\n\t\t\t\t<\/div>\n\t\t\t\t<div class=\"elementor-element elementor-element-318c337 elementor-widget elementor-widget-text-editor\" data-id=\"318c337\" data-element_type=\"widget\" data-e-type=\"widget\" data-widget_type=\"text-editor.default\">\n\t\t\t\t<div class=\"elementor-widget-container\">\n\t\t\t\t\t\t\t\t\tThe committee, consisting of Larisa Oancea (researcher), Georgiana Bu\u021b (curator), Virgil Scripcariu (sculptor), Mihai Zgondoiu (visual artist), and Mihaela Irimescu (gallery owner), selected the project \"The Space Between Things,\" proposed by Andreea Buzil\u0103, from 17 highly valuable initiatives - thank you all!\t\t\t\t\t\t\t\t<\/div>\n\t\t\t\t<\/div>\n\t\t\t\t<div class=\"elementor-element elementor-element-10a130d elementor-widget elementor-widget-text-editor\" data-id=\"10a130d\" data-element_type=\"widget\" data-e-type=\"widget\" data-widget_type=\"text-editor.default\">\n\t\t\t\t<div class=\"elementor-widget-container\">\n\t\t\t\t\t\t\t\t\tWe will dedicate the next four months to shaping the exhibition of the young artist Andreea Buzil\u0103, and we look forward to meeting with you at the beginning of winter to enjoy this event together!\t\t\t\t\t\t\t\t<\/div>\n\t\t\t\t<\/div>\n\t\t\t\t<div class=\"elementor-element elementor-element-847d808 elementor-widget elementor-widget-text-editor\" data-id=\"847d808\" data-element_type=\"widget\" data-e-type=\"widget\" data-widget_type=\"text-editor.default\">\n\t\t\t\t<div class=\"elementor-widget-container\">\n\t\t\t\t\t\t\t\t\tArt Gen '24 is an initiative by Artep Gallery aimed at supporting the launch of emerging artists from Ia\u0219i. Launched in 2023, the program is now in its second edition.\t\t\t\t\t\t\t\t<\/div>\n\t\t\t\t<\/div>\n\t\t\t\t<\/div>\n\t\t<div class=\"elementor-element elementor-element-d773b5b e-con-full e-flex e-con e-child\" data-id=\"d773b5b\" data-element_type=\"container\" data-e-type=\"container\">\n\t\t\t\t<div class=\"elementor-element elementor-element-b43e120 elementor-widget elementor-widget-image\" data-id=\"b43e120\" data-element_type=\"widget\" data-e-type=\"widget\" data-widget_type=\"image.default\">\n\t\t\t\t<div class=\"elementor-widget-container\">\n\t\t\t\t\t\t\t\t\t\t\t\t\t\t\t<img fetchpriority=\"high\" decoding=\"async\" width=\"1811\" height=\"2560\" src=\"https:\/\/www.artep.ro\/wp-content\/uploads\/2024\/12\/TSBT-afisWeb-scaled.jpg\" class=\"attachment-full size-full wp-image-9518\" alt=\"\" srcset=\"https:\/\/www.artep.ro\/wp-content\/uploads\/2024\/12\/TSBT-afisWeb-scaled.jpg 1811w, https:\/\/www.artep.ro\/wp-content\/uploads\/2024\/12\/TSBT-afisWeb-212x300.jpg 212w, https:\/\/www.artep.ro\/wp-content\/uploads\/2024\/12\/TSBT-afisWeb-724x1024.jpg 724w, https:\/\/www.artep.ro\/wp-content\/uploads\/2024\/12\/TSBT-afisWeb-768x1086.jpg 768w, https:\/\/www.artep.ro\/wp-content\/uploads\/2024\/12\/TSBT-afisWeb-1086x1536.jpg 1086w, https:\/\/www.artep.ro\/wp-content\/uploads\/2024\/12\/TSBT-afisWeb-1448x2048.jpg 1448w, https:\/\/www.artep.ro\/wp-content\/uploads\/2024\/12\/TSBT-afisWeb-8x12.jpg 8w, https:\/\/www.artep.ro\/wp-content\/uploads\/2024\/12\/TSBT-afisWeb-600x848.jpg 600w\" sizes=\"(max-width: 1811px) 100vw, 1811px\" \/>\t\t\t\t\t\t\t\t\t\t\t\t\t\t\t<\/div>\n\t\t\t\t<\/div>\n\t\t\t\t<div class=\"elementor-element elementor-element-69eede7 elementor-widget elementor-widget-image\" data-id=\"69eede7\" data-element_type=\"widget\" data-e-type=\"widget\" data-widget_type=\"image.default\">\n\t\t\t\t<div class=\"elementor-widget-container\">\n\t\t\t\t\t\t\t\t\t\t\t\t\t\t\t<img decoding=\"async\" width=\"1379\" height=\"1839\" src=\"https:\/\/www.artep.ro\/wp-content\/uploads\/2024\/08\/Picture1.jpg\" class=\"attachment-full size-full wp-image-8493\" alt=\"\" srcset=\"https:\/\/www.artep.ro\/wp-content\/uploads\/2024\/08\/Picture1.jpg 1379w, https:\/\/www.artep.ro\/wp-content\/uploads\/2024\/08\/Picture1-225x300.jpg 225w, https:\/\/www.artep.ro\/wp-content\/uploads\/2024\/08\/Picture1-768x1024.jpg 768w, https:\/\/www.artep.ro\/wp-content\/uploads\/2024\/08\/Picture1-1152x1536.jpg 1152w, https:\/\/www.artep.ro\/wp-content\/uploads\/2024\/08\/Picture1-9x12.jpg 9w, https:\/\/www.artep.ro\/wp-content\/uploads\/2024\/08\/Picture1-600x800.jpg 600w\" sizes=\"(max-width: 1379px) 100vw, 1379px\" \/>\t\t\t\t\t\t\t\t\t\t\t\t\t\t\t<\/div>\n\t\t\t\t<\/div>\n\t\t\t\t<\/div>\n\t\t\t\t\t<\/div>\n\t\t\t\t<\/div>\n\t\t<div class=\"elementor-element elementor-element-ffb895c e-flex e-con-boxed e-con e-parent\" data-id=\"ffb895c\" data-element_type=\"container\" data-e-type=\"container\">\n\t\t\t\t\t<div class=\"e-con-inner\">\n\t\t<div class=\"elementor-element elementor-element-ed7a5f5 e-con-full e-flex e-con e-child\" data-id=\"ed7a5f5\" data-element_type=\"container\" data-e-type=\"container\">\n\t\t\t\t<div class=\"elementor-element elementor-element-cdd0a86 elementor-widget elementor-widget-text-editor\" data-id=\"cdd0a86\" data-element_type=\"widget\" data-e-type=\"widget\" data-widget_type=\"text-editor.default\">\n\t\t\t\t<div class=\"elementor-widget-container\">\n\t\t\t\t\t\t\t\t\t<p>Enter the Art Gen '24 selection and prepare for your exhibition at Artep Gallery this fall!<br \/>You can sign up until 1st of July 2024 with a draft (concept) or (partially) completed project, depending on the stage you are at, and you will receive the support of the Artep team to develop a solo show with us.<br \/>Call-ul Art Gen \u201924 se adreseaz\u0103 absolven\u021bilor de licen\u021b\u0103 \u0219i master din genera\u021biile ce finalizeaz\u0103 studiile \u00een 2024 la Universitatea de Artde ,,George Enescu&#8221; Ia\u0219i.<\/p><p>Un juriu independent, format dintr-un galerist, un artist, un curator, un jurnalist cultural \u0219i un membru al Galeriei Artep va selecta cea mai conving\u0103toare ini\u021biativ\u0103 \u2013 tu trebuie doar s\u0103 completezi formularul de \u00eenscriere.<br \/>Art Gen'24 is an initiative of the Artep Gallery aimed at supporting the launch of emerging artists from Iasi.<\/p><p>\u00a0<\/p>\t\t\t\t\t\t\t\t<\/div>\n\t\t\t\t<\/div>\n\t\t\t\t<\/div>\n\t\t<div class=\"elementor-element elementor-element-ce54818 e-con-full e-flex e-con e-child\" data-id=\"ce54818\" data-element_type=\"container\" data-e-type=\"container\">\n\t\t\t\t<div class=\"elementor-element elementor-element-2df0664 elementor-widget elementor-widget-image\" data-id=\"2df0664\" data-element_type=\"widget\" data-e-type=\"widget\" data-widget_type=\"image.default\">\n\t\t\t\t<div class=\"elementor-widget-container\">\n\t\t\t\t\t\t\t\t\t\t\t\t\t\t\t<img decoding=\"async\" width=\"724\" height=\"1024\" src=\"https:\/\/www.artep.ro\/wp-content\/uploads\/2024\/06\/Afis-jpg-Artgen24-724x1024.jpg\" class=\"attachment-large size-large wp-image-8212\" alt=\"\" srcset=\"https:\/\/www.artep.ro\/wp-content\/uploads\/2024\/06\/Afis-jpg-Artgen24-724x1024.jpg 724w, https:\/\/www.artep.ro\/wp-content\/uploads\/2024\/06\/Afis-jpg-Artgen24-212x300.jpg 212w, https:\/\/www.artep.ro\/wp-content\/uploads\/2024\/06\/Afis-jpg-Artgen24-768x1086.jpg 768w, https:\/\/www.artep.ro\/wp-content\/uploads\/2024\/06\/Afis-jpg-Artgen24-1086x1536.jpg 1086w, https:\/\/www.artep.ro\/wp-content\/uploads\/2024\/06\/Afis-jpg-Artgen24-1448x2048.jpg 1448w, https:\/\/www.artep.ro\/wp-content\/uploads\/2024\/06\/Afis-jpg-Artgen24-8x12.jpg 8w, https:\/\/www.artep.ro\/wp-content\/uploads\/2024\/06\/Afis-jpg-Artgen24-600x849.jpg 600w, https:\/\/www.artep.ro\/wp-content\/uploads\/2024\/06\/Afis-jpg-Artgen24-scaled.jpg 1810w\" sizes=\"(max-width: 724px) 100vw, 724px\" \/>\t\t\t\t\t\t\t\t\t\t\t\t\t\t\t<\/div>\n\t\t\t\t<\/div>\n\t\t\t\t<\/div>\n\t\t\t\t\t<\/div>\n\t\t\t\t<\/div>\n\t\t\t\t<\/div>","protected":false},"excerpt":{"rendered":"<p>ART GEN&#8217;24 \u00cen art\u0103, ca oriunde altundeva, experien\u021ba este esen\u021bial\u0103. Asocia\u021bia Galeria Artep iese \u00een \u00eent\u00e2mpinarea arti\u0219tilor absolven\u021bi de arte vizuale din Ia\u0219i \u0219i ofer\u0103, \u00een urma unui concurs public jurizat de o comisie de speciali\u0219ti, o galerie-ramp\u0103 de lansare, prin program Art Gen, care ajunge \u00een 2024 la a doua edi\u021bie. Mul\u021bumim tuturor studen\u021bilor [&hellip;]<\/p>\n","protected":false},"author":1,"featured_media":0,"parent":0,"menu_order":0,"comment_status":"closed","ping_status":"closed","template":"","meta":{"_acf_changed":false,"footnotes":""},"class_list":["post-8201","page","type-page","status-publish","hentry"],"acf":[],"_links":{"self":[{"href":"https:\/\/www.artep.ro\/en\/wp-json\/wp\/v2\/pages\/8201","targetHints":{"allow":["GET"]}}],"collection":[{"href":"https:\/\/www.artep.ro\/en\/wp-json\/wp\/v2\/pages"}],"about":[{"href":"https:\/\/www.artep.ro\/en\/wp-json\/wp\/v2\/types\/page"}],"author":[{"embeddable":true,"href":"https:\/\/www.artep.ro\/en\/wp-json\/wp\/v2\/users\/1"}],"replies":[{"embeddable":true,"href":"https:\/\/www.artep.ro\/en\/wp-json\/wp\/v2\/comments?post=8201"}],"version-history":[{"count":49,"href":"https:\/\/www.artep.ro\/en\/wp-json\/wp\/v2\/pages\/8201\/revisions"}],"predecessor-version":[{"id":9521,"href":"https:\/\/www.artep.ro\/en\/wp-json\/wp\/v2\/pages\/8201\/revisions\/9521"}],"wp:attachment":[{"href":"https:\/\/www.artep.ro\/en\/wp-json\/wp\/v2\/media?parent=8201"}],"curies":[{"name":"wp","href":"https:\/\/api.w.org\/{rel}","templated":true}]}}