{"id":8318,"date":"2024-07-19T08:29:54","date_gmt":"2024-07-19T08:29:54","guid":{"rendered":"https:\/\/www.artep.ro\/?page_id=8318"},"modified":"2024-07-19T13:59:45","modified_gmt":"2024-07-19T13:59:45","slug":"claudiu-ciobanu-artist","status":"publish","type":"page","link":"https:\/\/www.artep.ro\/en\/claudiu-ciobanu-artist\/","title":{"rendered":"CLAUDIU CIOBANU, ARTIST"},"content":{"rendered":"<div data-elementor-type=\"wp-page\" data-elementor-id=\"8318\" class=\"elementor elementor-8318\" data-elementor-post-type=\"page\">\n\t\t\t\t<div class=\"elementor-element elementor-element-0642aa0 e-flex e-con-boxed e-con e-parent\" data-id=\"0642aa0\" data-element_type=\"container\" data-e-type=\"container\">\n\t\t\t\t\t<div class=\"e-con-inner\">\n\t\t<div class=\"elementor-element elementor-element-307041a e-con-full e-flex e-con e-child\" data-id=\"307041a\" data-element_type=\"container\" data-e-type=\"container\">\n\t\t\t\t<div class=\"elementor-element elementor-element-ed1914d elementor-widget elementor-widget-text-editor\" data-id=\"ed1914d\" data-element_type=\"widget\" data-e-type=\"widget\" data-widget_type=\"text-editor.default\">\n\t\t\t\t<div class=\"elementor-widget-container\">\n\t\t\t\t\t\t\t\t\t20-30 aprilie 2024, Berlin, Germania\t\t\t\t\t\t\t\t<\/div>\n\t\t\t\t<\/div>\n\t\t\t\t<div class=\"elementor-element elementor-element-38a5d44 elementor-widget-divider--view-line elementor-widget elementor-widget-divider\" data-id=\"38a5d44\" data-element_type=\"widget\" data-e-type=\"widget\" data-widget_type=\"divider.default\">\n\t\t\t\t<div class=\"elementor-widget-container\">\n\t\t\t\t\t\t\t<div class=\"elementor-divider\">\n\t\t\t<span class=\"elementor-divider-separator\">\n\t\t\t\t\t\t<\/span>\n\t\t<\/div>\n\t\t\t\t\t\t<\/div>\n\t\t\t\t<\/div>\n\t\t\t\t<\/div>\n\t\t\t\t\t<\/div>\n\t\t\t\t<\/div>\n\t\t<div class=\"elementor-element elementor-element-12339fa e-flex e-con-boxed e-con e-parent\" data-id=\"12339fa\" data-element_type=\"container\" data-e-type=\"container\">\n\t\t\t\t\t<div class=\"e-con-inner\">\n\t\t\t\t<div class=\"elementor-element elementor-element-7c8fb26 elementor-widget elementor-widget-gallery\" data-id=\"7c8fb26\" data-element_type=\"widget\" data-e-type=\"widget\" data-settings=\"{&quot;gallery_layout&quot;:&quot;masonry&quot;,&quot;columns&quot;:3,&quot;gap&quot;:{&quot;unit&quot;:&quot;px&quot;,&quot;size&quot;:30,&quot;sizes&quot;:[]},&quot;columns_tablet&quot;:2,&quot;columns_mobile&quot;:1,&quot;gap_tablet&quot;:{&quot;unit&quot;:&quot;px&quot;,&quot;size&quot;:10,&quot;sizes&quot;:[]},&quot;gap_mobile&quot;:{&quot;unit&quot;:&quot;px&quot;,&quot;size&quot;:10,&quot;sizes&quot;:[]},&quot;link_to&quot;:&quot;file&quot;,&quot;overlay_background&quot;:&quot;yes&quot;,&quot;content_hover_animation&quot;:&quot;fade-in&quot;}\" data-widget_type=\"gallery.default\">\n\t\t\t\t<div class=\"elementor-widget-container\">\n\t\t\t\t\t\t\t<div class=\"elementor-gallery__container\">\n\t\t\t\t\t\t\t<a class=\"e-gallery-item elementor-gallery-item elementor-animated-content\" href=\"https:\/\/www.artep.ro\/wp-content\/uploads\/2024\/07\/20240424_142355.jpg\" data-elementor-open-lightbox=\"yes\" data-elementor-lightbox-slideshow=\"7c8fb26\" data-e-action-hash=\"#elementor-action%3Aaction%3Dlightbox%26settings%3DeyJpZCI6ODM5OCwidXJsIjoiaHR0cHM6XC9cL3d3dy5hcnRlcC5yb1wvd3AtY29udGVudFwvdXBsb2Fkc1wvMjAyNFwvMDdcLzIwMjQwNDI0XzE0MjM1NS5qcGciLCJzbGlkZXNob3ciOiI3YzhmYjI2In0%3D\">\n\t\t\t\t\t<div class=\"e-gallery-image elementor-gallery-item__image\" data-thumbnail=\"https:\/\/www.artep.ro\/wp-content\/uploads\/2024\/07\/20240424_142355.jpg\" data-width=\"1920\" data-height=\"1440\" aria-label=\"\" role=\"img\" ><\/div>\n\t\t\t\t\t\t\t\t\t\t\t<div class=\"elementor-gallery-item__overlay\"><\/div>\n\t\t\t\t\t\t\t\t\t\t\t\t\t\t<\/a>\n\t\t\t\t\t\t\t<a class=\"e-gallery-item elementor-gallery-item elementor-animated-content\" href=\"https:\/\/www.artep.ro\/wp-content\/uploads\/2024\/07\/DSCF9703.jpg\" data-elementor-open-lightbox=\"yes\" data-elementor-lightbox-slideshow=\"7c8fb26\" data-e-action-hash=\"#elementor-action%3Aaction%3Dlightbox%26settings%3DeyJpZCI6ODM5OSwidXJsIjoiaHR0cHM6XC9cL3d3dy5hcnRlcC5yb1wvd3AtY29udGVudFwvdXBsb2Fkc1wvMjAyNFwvMDdcL0RTQ0Y5NzAzLmpwZyIsInNsaWRlc2hvdyI6IjdjOGZiMjYifQ%3D%3D\">\n\t\t\t\t\t<div class=\"e-gallery-image elementor-gallery-item__image\" data-thumbnail=\"https:\/\/www.artep.ro\/wp-content\/uploads\/2024\/07\/DSCF9703.jpg\" data-width=\"1920\" data-height=\"1280\" aria-label=\"\" role=\"img\" ><\/div>\n\t\t\t\t\t\t\t\t\t\t\t<div class=\"elementor-gallery-item__overlay\"><\/div>\n\t\t\t\t\t\t\t\t\t\t\t\t\t\t<\/a>\n\t\t\t\t\t\t\t<a class=\"e-gallery-item elementor-gallery-item elementor-animated-content\" href=\"https:\/\/www.artep.ro\/wp-content\/uploads\/2024\/07\/IMG_3595.jpg\" data-elementor-open-lightbox=\"yes\" data-elementor-lightbox-slideshow=\"7c8fb26\" data-e-action-hash=\"#elementor-action%3Aaction%3Dlightbox%26settings%3DeyJpZCI6ODQwMCwidXJsIjoiaHR0cHM6XC9cL3d3dy5hcnRlcC5yb1wvd3AtY29udGVudFwvdXBsb2Fkc1wvMjAyNFwvMDdcL0lNR18zNTk1LmpwZyIsInNsaWRlc2hvdyI6IjdjOGZiMjYifQ%3D%3D\">\n\t\t\t\t\t<div class=\"e-gallery-image elementor-gallery-item__image\" data-thumbnail=\"https:\/\/www.artep.ro\/wp-content\/uploads\/2024\/07\/IMG_3595.jpg\" data-width=\"1920\" data-height=\"1440\" aria-label=\"\" role=\"img\" ><\/div>\n\t\t\t\t\t\t\t\t\t\t\t<div class=\"elementor-gallery-item__overlay\"><\/div>\n\t\t\t\t\t\t\t\t\t\t\t\t\t\t<\/a>\n\t\t\t\t\t\t\t<a class=\"e-gallery-item elementor-gallery-item elementor-animated-content\" href=\"https:\/\/www.artep.ro\/wp-content\/uploads\/2024\/07\/IMG_3596.jpg\" data-elementor-open-lightbox=\"yes\" data-elementor-lightbox-slideshow=\"7c8fb26\" data-e-action-hash=\"#elementor-action%3Aaction%3Dlightbox%26settings%3DeyJpZCI6ODQwMSwidXJsIjoiaHR0cHM6XC9cL3d3dy5hcnRlcC5yb1wvd3AtY29udGVudFwvdXBsb2Fkc1wvMjAyNFwvMDdcL0lNR18zNTk2LmpwZyIsInNsaWRlc2hvdyI6IjdjOGZiMjYifQ%3D%3D\">\n\t\t\t\t\t<div class=\"e-gallery-image elementor-gallery-item__image\" data-thumbnail=\"https:\/\/www.artep.ro\/wp-content\/uploads\/2024\/07\/IMG_3596.jpg\" data-width=\"1440\" data-height=\"1920\" aria-label=\"\" role=\"img\" ><\/div>\n\t\t\t\t\t\t\t\t\t\t\t<div class=\"elementor-gallery-item__overlay\"><\/div>\n\t\t\t\t\t\t\t\t\t\t\t\t\t\t<\/a>\n\t\t\t\t\t\t\t<a class=\"e-gallery-item elementor-gallery-item elementor-animated-content\" href=\"https:\/\/www.artep.ro\/wp-content\/uploads\/2024\/07\/IMG_3611.jpg\" data-elementor-open-lightbox=\"yes\" data-elementor-lightbox-slideshow=\"7c8fb26\" data-e-action-hash=\"#elementor-action%3Aaction%3Dlightbox%26settings%3DeyJpZCI6ODQwMiwidXJsIjoiaHR0cHM6XC9cL3d3dy5hcnRlcC5yb1wvd3AtY29udGVudFwvdXBsb2Fkc1wvMjAyNFwvMDdcL0lNR18zNjExLmpwZyIsInNsaWRlc2hvdyI6IjdjOGZiMjYifQ%3D%3D\">\n\t\t\t\t\t<div class=\"e-gallery-image elementor-gallery-item__image\" data-thumbnail=\"https:\/\/www.artep.ro\/wp-content\/uploads\/2024\/07\/IMG_3611.jpg\" data-width=\"1920\" data-height=\"1440\" aria-label=\"\" role=\"img\" ><\/div>\n\t\t\t\t\t\t\t\t\t\t\t<div class=\"elementor-gallery-item__overlay\"><\/div>\n\t\t\t\t\t\t\t\t\t\t\t\t\t\t<\/a>\n\t\t\t\t\t\t\t<a class=\"e-gallery-item elementor-gallery-item elementor-animated-content\" href=\"https:\/\/www.artep.ro\/wp-content\/uploads\/2024\/07\/IMG_3620.jpg\" data-elementor-open-lightbox=\"yes\" data-elementor-lightbox-slideshow=\"7c8fb26\" data-e-action-hash=\"#elementor-action%3Aaction%3Dlightbox%26settings%3DeyJpZCI6ODQwMywidXJsIjoiaHR0cHM6XC9cL3d3dy5hcnRlcC5yb1wvd3AtY29udGVudFwvdXBsb2Fkc1wvMjAyNFwvMDdcL0lNR18zNjIwLmpwZyIsInNsaWRlc2hvdyI6IjdjOGZiMjYifQ%3D%3D\">\n\t\t\t\t\t<div class=\"e-gallery-image elementor-gallery-item__image\" data-thumbnail=\"https:\/\/www.artep.ro\/wp-content\/uploads\/2024\/07\/IMG_3620.jpg\" data-width=\"1920\" data-height=\"1440\" aria-label=\"\" role=\"img\" ><\/div>\n\t\t\t\t\t\t\t\t\t\t\t<div class=\"elementor-gallery-item__overlay\"><\/div>\n\t\t\t\t\t\t\t\t\t\t\t\t\t\t<\/a>\n\t\t\t\t\t\t\t<a class=\"e-gallery-item elementor-gallery-item elementor-animated-content\" href=\"https:\/\/www.artep.ro\/wp-content\/uploads\/2024\/07\/IMG_3623.jpg\" data-elementor-open-lightbox=\"yes\" data-elementor-lightbox-slideshow=\"7c8fb26\" data-e-action-hash=\"#elementor-action%3Aaction%3Dlightbox%26settings%3DeyJpZCI6ODQwNCwidXJsIjoiaHR0cHM6XC9cL3d3dy5hcnRlcC5yb1wvd3AtY29udGVudFwvdXBsb2Fkc1wvMjAyNFwvMDdcL0lNR18zNjIzLmpwZyIsInNsaWRlc2hvdyI6IjdjOGZiMjYifQ%3D%3D\">\n\t\t\t\t\t<div class=\"e-gallery-image elementor-gallery-item__image\" data-thumbnail=\"https:\/\/www.artep.ro\/wp-content\/uploads\/2024\/07\/IMG_3623.jpg\" data-width=\"1920\" data-height=\"1440\" aria-label=\"\" role=\"img\" ><\/div>\n\t\t\t\t\t\t\t\t\t\t\t<div class=\"elementor-gallery-item__overlay\"><\/div>\n\t\t\t\t\t\t\t\t\t\t\t\t\t\t<\/a>\n\t\t\t\t\t\t\t<a class=\"e-gallery-item elementor-gallery-item elementor-animated-content\" href=\"https:\/\/www.artep.ro\/wp-content\/uploads\/2024\/07\/IMG_3652.jpg\" data-elementor-open-lightbox=\"yes\" data-elementor-lightbox-slideshow=\"7c8fb26\" data-e-action-hash=\"#elementor-action%3Aaction%3Dlightbox%26settings%3DeyJpZCI6ODQwNSwidXJsIjoiaHR0cHM6XC9cL3d3dy5hcnRlcC5yb1wvd3AtY29udGVudFwvdXBsb2Fkc1wvMjAyNFwvMDdcL0lNR18zNjUyLmpwZyIsInNsaWRlc2hvdyI6IjdjOGZiMjYifQ%3D%3D\">\n\t\t\t\t\t<div class=\"e-gallery-image elementor-gallery-item__image\" data-thumbnail=\"https:\/\/www.artep.ro\/wp-content\/uploads\/2024\/07\/IMG_3652.jpg\" data-width=\"1920\" data-height=\"1440\" aria-label=\"\" role=\"img\" ><\/div>\n\t\t\t\t\t\t\t\t\t\t\t<div class=\"elementor-gallery-item__overlay\"><\/div>\n\t\t\t\t\t\t\t\t\t\t\t\t\t\t<\/a>\n\t\t\t\t\t\t\t<a class=\"e-gallery-item elementor-gallery-item elementor-animated-content\" href=\"https:\/\/www.artep.ro\/wp-content\/uploads\/2024\/07\/IMG_3685.jpg\" data-elementor-open-lightbox=\"yes\" data-elementor-lightbox-slideshow=\"7c8fb26\" data-e-action-hash=\"#elementor-action%3Aaction%3Dlightbox%26settings%3DeyJpZCI6ODQwNiwidXJsIjoiaHR0cHM6XC9cL3d3dy5hcnRlcC5yb1wvd3AtY29udGVudFwvdXBsb2Fkc1wvMjAyNFwvMDdcL0lNR18zNjg1LmpwZyIsInNsaWRlc2hvdyI6IjdjOGZiMjYifQ%3D%3D\">\n\t\t\t\t\t<div class=\"e-gallery-image elementor-gallery-item__image\" data-thumbnail=\"https:\/\/www.artep.ro\/wp-content\/uploads\/2024\/07\/IMG_3685.jpg\" data-width=\"1920\" data-height=\"1440\" aria-label=\"\" role=\"img\" ><\/div>\n\t\t\t\t\t\t\t\t\t\t\t<div class=\"elementor-gallery-item__overlay\"><\/div>\n\t\t\t\t\t\t\t\t\t\t\t\t\t\t<\/a>\n\t\t\t\t\t\t\t<a class=\"e-gallery-item elementor-gallery-item elementor-animated-content\" href=\"https:\/\/www.artep.ro\/wp-content\/uploads\/2024\/07\/IMG_3738.jpg\" data-elementor-open-lightbox=\"yes\" data-elementor-lightbox-slideshow=\"7c8fb26\" data-e-action-hash=\"#elementor-action%3Aaction%3Dlightbox%26settings%3DeyJpZCI6ODQwNywidXJsIjoiaHR0cHM6XC9cL3d3dy5hcnRlcC5yb1wvd3AtY29udGVudFwvdXBsb2Fkc1wvMjAyNFwvMDdcL0lNR18zNzM4LmpwZyIsInNsaWRlc2hvdyI6IjdjOGZiMjYifQ%3D%3D\">\n\t\t\t\t\t<div class=\"e-gallery-image elementor-gallery-item__image\" data-thumbnail=\"https:\/\/www.artep.ro\/wp-content\/uploads\/2024\/07\/IMG_3738.jpg\" data-width=\"1920\" data-height=\"1440\" aria-label=\"\" role=\"img\" ><\/div>\n\t\t\t\t\t\t\t\t\t\t\t<div class=\"elementor-gallery-item__overlay\"><\/div>\n\t\t\t\t\t\t\t\t\t\t\t\t\t\t<\/a>\n\t\t\t\t\t\t\t<a class=\"e-gallery-item elementor-gallery-item elementor-animated-content\" href=\"https:\/\/www.artep.ro\/wp-content\/uploads\/2024\/07\/IMG_3762.jpg\" data-elementor-open-lightbox=\"yes\" data-elementor-lightbox-slideshow=\"7c8fb26\" data-e-action-hash=\"#elementor-action%3Aaction%3Dlightbox%26settings%3DeyJpZCI6ODQwOCwidXJsIjoiaHR0cHM6XC9cL3d3dy5hcnRlcC5yb1wvd3AtY29udGVudFwvdXBsb2Fkc1wvMjAyNFwvMDdcL0lNR18zNzYyLmpwZyIsInNsaWRlc2hvdyI6IjdjOGZiMjYifQ%3D%3D\">\n\t\t\t\t\t<div class=\"e-gallery-image elementor-gallery-item__image\" data-thumbnail=\"https:\/\/www.artep.ro\/wp-content\/uploads\/2024\/07\/IMG_3762.jpg\" data-width=\"1920\" data-height=\"1440\" aria-label=\"\" role=\"img\" ><\/div>\n\t\t\t\t\t\t\t\t\t\t\t<div class=\"elementor-gallery-item__overlay\"><\/div>\n\t\t\t\t\t\t\t\t\t\t\t\t\t\t<\/a>\n\t\t\t\t\t\t\t<a class=\"e-gallery-item elementor-gallery-item elementor-animated-content\" href=\"https:\/\/www.artep.ro\/wp-content\/uploads\/2024\/07\/IMG_3770.jpg\" data-elementor-open-lightbox=\"yes\" data-elementor-lightbox-slideshow=\"7c8fb26\" data-e-action-hash=\"#elementor-action%3Aaction%3Dlightbox%26settings%3DeyJpZCI6ODQwOSwidXJsIjoiaHR0cHM6XC9cL3d3dy5hcnRlcC5yb1wvd3AtY29udGVudFwvdXBsb2Fkc1wvMjAyNFwvMDdcL0lNR18zNzcwLmpwZyIsInNsaWRlc2hvdyI6IjdjOGZiMjYifQ%3D%3D\">\n\t\t\t\t\t<div class=\"e-gallery-image elementor-gallery-item__image\" data-thumbnail=\"https:\/\/www.artep.ro\/wp-content\/uploads\/2024\/07\/IMG_3770.jpg\" data-width=\"1920\" data-height=\"1440\" aria-label=\"\" role=\"img\" ><\/div>\n\t\t\t\t\t\t\t\t\t\t\t<div class=\"elementor-gallery-item__overlay\"><\/div>\n\t\t\t\t\t\t\t\t\t\t\t\t\t\t<\/a>\n\t\t\t\t\t\t\t<a class=\"e-gallery-item elementor-gallery-item elementor-animated-content\" href=\"https:\/\/www.artep.ro\/wp-content\/uploads\/2024\/07\/IMG_3786.jpg\" data-elementor-open-lightbox=\"yes\" data-elementor-lightbox-slideshow=\"7c8fb26\" data-e-action-hash=\"#elementor-action%3Aaction%3Dlightbox%26settings%3DeyJpZCI6ODQxMCwidXJsIjoiaHR0cHM6XC9cL3d3dy5hcnRlcC5yb1wvd3AtY29udGVudFwvdXBsb2Fkc1wvMjAyNFwvMDdcL0lNR18zNzg2LmpwZyIsInNsaWRlc2hvdyI6IjdjOGZiMjYifQ%3D%3D\">\n\t\t\t\t\t<div class=\"e-gallery-image elementor-gallery-item__image\" data-thumbnail=\"https:\/\/www.artep.ro\/wp-content\/uploads\/2024\/07\/IMG_3786.jpg\" data-width=\"1920\" data-height=\"1440\" aria-label=\"\" role=\"img\" ><\/div>\n\t\t\t\t\t\t\t\t\t\t\t<div class=\"elementor-gallery-item__overlay\"><\/div>\n\t\t\t\t\t\t\t\t\t\t\t\t\t\t<\/a>\n\t\t\t\t\t\t\t<a class=\"e-gallery-item elementor-gallery-item elementor-animated-content\" href=\"https:\/\/www.artep.ro\/wp-content\/uploads\/2024\/07\/IMG_3823.jpg\" data-elementor-open-lightbox=\"yes\" data-elementor-lightbox-slideshow=\"7c8fb26\" data-e-action-hash=\"#elementor-action%3Aaction%3Dlightbox%26settings%3DeyJpZCI6ODQxMSwidXJsIjoiaHR0cHM6XC9cL3d3dy5hcnRlcC5yb1wvd3AtY29udGVudFwvdXBsb2Fkc1wvMjAyNFwvMDdcL0lNR18zODIzLmpwZyIsInNsaWRlc2hvdyI6IjdjOGZiMjYifQ%3D%3D\">\n\t\t\t\t\t<div class=\"e-gallery-image elementor-gallery-item__image\" data-thumbnail=\"https:\/\/www.artep.ro\/wp-content\/uploads\/2024\/07\/IMG_3823.jpg\" data-width=\"1920\" data-height=\"1440\" aria-label=\"\" role=\"img\" ><\/div>\n\t\t\t\t\t\t\t\t\t\t\t<div class=\"elementor-gallery-item__overlay\"><\/div>\n\t\t\t\t\t\t\t\t\t\t\t\t\t\t<\/a>\n\t\t\t\t\t\t\t<a class=\"e-gallery-item elementor-gallery-item elementor-animated-content\" href=\"https:\/\/www.artep.ro\/wp-content\/uploads\/2024\/07\/IMG_3896.jpg\" data-elementor-open-lightbox=\"yes\" data-elementor-lightbox-slideshow=\"7c8fb26\" data-e-action-hash=\"#elementor-action%3Aaction%3Dlightbox%26settings%3DeyJpZCI6ODQxMiwidXJsIjoiaHR0cHM6XC9cL3d3dy5hcnRlcC5yb1wvd3AtY29udGVudFwvdXBsb2Fkc1wvMjAyNFwvMDdcL0lNR18zODk2LmpwZyIsInNsaWRlc2hvdyI6IjdjOGZiMjYifQ%3D%3D\">\n\t\t\t\t\t<div class=\"e-gallery-image elementor-gallery-item__image\" data-thumbnail=\"https:\/\/www.artep.ro\/wp-content\/uploads\/2024\/07\/IMG_3896.jpg\" data-width=\"1920\" data-height=\"1440\" aria-label=\"\" role=\"img\" ><\/div>\n\t\t\t\t\t\t\t\t\t\t\t<div class=\"elementor-gallery-item__overlay\"><\/div>\n\t\t\t\t\t\t\t\t\t\t\t\t\t\t<\/a>\n\t\t\t\t\t\t\t<a class=\"e-gallery-item elementor-gallery-item elementor-animated-content\" href=\"https:\/\/www.artep.ro\/wp-content\/uploads\/2024\/07\/IMG_3944.jpg\" data-elementor-open-lightbox=\"yes\" data-elementor-lightbox-slideshow=\"7c8fb26\" data-e-action-hash=\"#elementor-action%3Aaction%3Dlightbox%26settings%3DeyJpZCI6ODQxNCwidXJsIjoiaHR0cHM6XC9cL3d3dy5hcnRlcC5yb1wvd3AtY29udGVudFwvdXBsb2Fkc1wvMjAyNFwvMDdcL0lNR18zOTQ0LmpwZyIsInNsaWRlc2hvdyI6IjdjOGZiMjYifQ%3D%3D\">\n\t\t\t\t\t<div class=\"e-gallery-image elementor-gallery-item__image\" data-thumbnail=\"https:\/\/www.artep.ro\/wp-content\/uploads\/2024\/07\/IMG_3944.jpg\" data-width=\"1440\" data-height=\"1920\" aria-label=\"\" role=\"img\" ><\/div>\n\t\t\t\t\t\t\t\t\t\t\t<div class=\"elementor-gallery-item__overlay\"><\/div>\n\t\t\t\t\t\t\t\t\t\t\t\t\t\t<\/a>\n\t\t\t\t\t\t\t<a class=\"e-gallery-item elementor-gallery-item elementor-animated-content\" href=\"https:\/\/www.artep.ro\/wp-content\/uploads\/2024\/07\/IMG_3948.jpg\" data-elementor-open-lightbox=\"yes\" data-elementor-lightbox-slideshow=\"7c8fb26\" data-e-action-hash=\"#elementor-action%3Aaction%3Dlightbox%26settings%3DeyJpZCI6ODQxNSwidXJsIjoiaHR0cHM6XC9cL3d3dy5hcnRlcC5yb1wvd3AtY29udGVudFwvdXBsb2Fkc1wvMjAyNFwvMDdcL0lNR18zOTQ4LmpwZyIsInNsaWRlc2hvdyI6IjdjOGZiMjYifQ%3D%3D\">\n\t\t\t\t\t<div class=\"e-gallery-image elementor-gallery-item__image\" data-thumbnail=\"https:\/\/www.artep.ro\/wp-content\/uploads\/2024\/07\/IMG_3948.jpg\" data-width=\"1920\" data-height=\"1440\" aria-label=\"\" role=\"img\" ><\/div>\n\t\t\t\t\t\t\t\t\t\t\t<div class=\"elementor-gallery-item__overlay\"><\/div>\n\t\t\t\t\t\t\t\t\t\t\t\t\t\t<\/a>\n\t\t\t\t\t\t\t<a class=\"e-gallery-item elementor-gallery-item elementor-animated-content\" href=\"https:\/\/www.artep.ro\/wp-content\/uploads\/2024\/07\/IMG_3996.jpg\" data-elementor-open-lightbox=\"yes\" data-elementor-lightbox-slideshow=\"7c8fb26\" data-e-action-hash=\"#elementor-action%3Aaction%3Dlightbox%26settings%3DeyJpZCI6ODQxNiwidXJsIjoiaHR0cHM6XC9cL3d3dy5hcnRlcC5yb1wvd3AtY29udGVudFwvdXBsb2Fkc1wvMjAyNFwvMDdcL0lNR18zOTk2LmpwZyIsInNsaWRlc2hvdyI6IjdjOGZiMjYifQ%3D%3D\">\n\t\t\t\t\t<div class=\"e-gallery-image elementor-gallery-item__image\" data-thumbnail=\"https:\/\/www.artep.ro\/wp-content\/uploads\/2024\/07\/IMG_3996.jpg\" data-width=\"1920\" data-height=\"1440\" aria-label=\"\" role=\"img\" ><\/div>\n\t\t\t\t\t\t\t\t\t\t\t<div class=\"elementor-gallery-item__overlay\"><\/div>\n\t\t\t\t\t\t\t\t\t\t\t\t\t\t<\/a>\n\t\t\t\t\t\t\t<a class=\"e-gallery-item elementor-gallery-item elementor-animated-content\" href=\"https:\/\/www.artep.ro\/wp-content\/uploads\/2024\/07\/IMG_4004.jpg\" data-elementor-open-lightbox=\"yes\" data-elementor-lightbox-slideshow=\"7c8fb26\" data-e-action-hash=\"#elementor-action%3Aaction%3Dlightbox%26settings%3DeyJpZCI6ODQxNywidXJsIjoiaHR0cHM6XC9cL3d3dy5hcnRlcC5yb1wvd3AtY29udGVudFwvdXBsb2Fkc1wvMjAyNFwvMDdcL0lNR180MDA0LmpwZyIsInNsaWRlc2hvdyI6IjdjOGZiMjYifQ%3D%3D\">\n\t\t\t\t\t<div class=\"e-gallery-image elementor-gallery-item__image\" data-thumbnail=\"https:\/\/www.artep.ro\/wp-content\/uploads\/2024\/07\/IMG_4004.jpg\" data-width=\"1920\" data-height=\"1440\" aria-label=\"\" role=\"img\" ><\/div>\n\t\t\t\t\t\t\t\t\t\t\t<div class=\"elementor-gallery-item__overlay\"><\/div>\n\t\t\t\t\t\t\t\t\t\t\t\t\t\t<\/a>\n\t\t\t\t\t\t\t<a class=\"e-gallery-item elementor-gallery-item elementor-animated-content\" href=\"https:\/\/www.artep.ro\/wp-content\/uploads\/2024\/07\/IMG_4029.jpg\" data-elementor-open-lightbox=\"yes\" data-elementor-lightbox-slideshow=\"7c8fb26\" data-e-action-hash=\"#elementor-action%3Aaction%3Dlightbox%26settings%3DeyJpZCI6ODQxOCwidXJsIjoiaHR0cHM6XC9cL3d3dy5hcnRlcC5yb1wvd3AtY29udGVudFwvdXBsb2Fkc1wvMjAyNFwvMDdcL0lNR180MDI5LmpwZyIsInNsaWRlc2hvdyI6IjdjOGZiMjYifQ%3D%3D\">\n\t\t\t\t\t<div class=\"e-gallery-image elementor-gallery-item__image\" data-thumbnail=\"https:\/\/www.artep.ro\/wp-content\/uploads\/2024\/07\/IMG_4029.jpg\" data-width=\"1920\" data-height=\"1440\" aria-label=\"\" role=\"img\" ><\/div>\n\t\t\t\t\t\t\t\t\t\t\t<div class=\"elementor-gallery-item__overlay\"><\/div>\n\t\t\t\t\t\t\t\t\t\t\t\t\t\t<\/a>\n\t\t\t\t\t<\/div>\n\t\t\t\t\t<\/div>\n\t\t\t\t<\/div>\n\t\t\t\t\t<\/div>\n\t\t\t\t<\/div>\n\t\t<div class=\"elementor-element elementor-element-b59e05b e-flex e-con-boxed e-con e-parent\" data-id=\"b59e05b\" data-element_type=\"container\" data-e-type=\"container\">\n\t\t\t\t\t<div class=\"e-con-inner\">\n\t\t<div class=\"elementor-element elementor-element-99cac02 e-con-full e-flex e-con e-child\" data-id=\"99cac02\" data-element_type=\"container\" data-e-type=\"container\">\n\t\t\t\t<div class=\"elementor-element elementor-element-3775828 elementor-widget elementor-widget-text-editor\" data-id=\"3775828\" data-element_type=\"widget\" data-e-type=\"widget\" data-widget_type=\"text-editor.default\">\n\t\t\t\t<div class=\"elementor-widget-container\">\n\t\t\t\t\t\t\t\t\t<p>Claudiu Ciobanu face parte din t\u00e2n\u0103ra genera\u021bie de arti\u0219ti ie\u0219eni, fiind absolvent al Facult\u0103\u0163ii de Arte Vizuale \u015fi Design, Uiversitate Na\u021bional\u0103 de Art\u0103 \u201eGeorge Enescu\u201d din Ia\u015fi. A urmat studii de pictur\u0103 prin programul Erasmus, la Universidad de Salamanca, Spania, unde a descoperit tehnici de pictur\u0103 \u0219i desen experimental. Studiile din Spania s-au finalizat cu un proiect expozi\u021bional de desene care a fost selectat ulterior \u00een 2009 pentru expozi\u021bia Young Romanian Art 10, \u201eSlightly bored\u201d, curatoriat\u0103 de Mircea Nicolae la Galeria Nou\u0103, Institutul Cultural Rom\u00e2n de la Vene\u021bia. A participat \u00een diferite proiecte at\u00e2t na\u021bionale, c\u00e2t \u0219i interna\u021bionale, fiind prezent \u00een expozi\u021bii din Israel, Washington, Berlin, Viena. \u00cen 2022 a prezentat la Galeria Artep, SOLARIS, o instala\u021bie de art\u0103 curatoriat\u0103 de Cristian Nae, iar \u00een 2023, Memento Vivere, expozi\u021bia de art\u0103 curatoriat\u0103 de Cristiana Ursache fiind g\u0103zduit\u0103 la ICR Viena. Claudiu Ciobanu, n\u0103scut \u00een 1984, tr\u0103ie\u0219te \u0219i lucreaz\u0103 \u00een Ia\u0219i. \n\n<p>Organizer: Artep Gallery Association\n\n<p>Partener principal: Haus der Kulturen der Welt\n\n<p>Parteneri: Universitatea Na\u021bional\u0103 de Arte \u201eGeorge Enescu\u201d din Ia\u0219i, Institutul de Cercetare Multidisciplinar\u0103 \u00een Art\u0103, PROPAGARTA, Empower Artists, Modernism, PIN Magazine, Destination Ia\u0219i \n\n<p>Proiect cultural co-finan\u021bat de: Administra\u021bia Fondului Cultural Na\u021bional\n\nProiectul nu reprezint\u0103 \u00een mod necesar pozi\u0163ia Administra\u021biei Fondului Cultural Na\u021bional. AFCN nu este responsabil\u0103 de con\u021binutul proiectului sau de modul \u00een care rezultatele proiectului pot fi folosite. Acestea sunt \u00een \u00eentregime responsabilitatea beneficiarului finan\u021b\u0103rii.\t\t\t\t\t\t\t\t<\/div>\n\t\t\t\t<\/div>\n\t\t\t\t<div class=\"elementor-element elementor-element-a9d3679 elementor-widget-divider--view-line elementor-widget elementor-widget-divider\" data-id=\"a9d3679\" data-element_type=\"widget\" data-e-type=\"widget\" data-widget_type=\"divider.default\">\n\t\t\t\t<div class=\"elementor-widget-container\">\n\t\t\t\t\t\t\t<div class=\"elementor-divider\">\n\t\t\t<span class=\"elementor-divider-separator\">\n\t\t\t\t\t\t<\/span>\n\t\t<\/div>\n\t\t\t\t\t\t<\/div>\n\t\t\t\t<\/div>\n\t\t\t\t<\/div>\n\t\t\t\t\t<\/div>\n\t\t\t\t<\/div>\n\t\t\t\t<\/div>","protected":false},"excerpt":{"rendered":"<p>20-30 aprilie 2024, Berlin, Germania Claudiu Ciobanu face parte din t\u00e2n\u0103ra genera\u021bie de arti\u0219ti ie\u0219eni, fiind absolvent al Facult\u0103\u0163ii de Arte Vizuale \u015fi Design, Uiversitate Na\u021bional\u0103 de Art\u0103 \u201eGeorge Enescu\u201d din Ia\u015fi. A urmat studii de pictur\u0103 prin programul Erasmus, la Universidad de Salamanca, Spania, unde a descoperit tehnici de pictur\u0103 \u0219i desen experimental. Studiile [&hellip;]<\/p>\n","protected":false},"author":1,"featured_media":0,"parent":0,"menu_order":0,"comment_status":"closed","ping_status":"closed","template":"","meta":{"_acf_changed":false,"footnotes":""},"class_list":["post-8318","page","type-page","status-publish","hentry"],"acf":[],"_links":{"self":[{"href":"https:\/\/www.artep.ro\/en\/wp-json\/wp\/v2\/pages\/8318","targetHints":{"allow":["GET"]}}],"collection":[{"href":"https:\/\/www.artep.ro\/en\/wp-json\/wp\/v2\/pages"}],"about":[{"href":"https:\/\/www.artep.ro\/en\/wp-json\/wp\/v2\/types\/page"}],"author":[{"embeddable":true,"href":"https:\/\/www.artep.ro\/en\/wp-json\/wp\/v2\/users\/1"}],"replies":[{"embeddable":true,"href":"https:\/\/www.artep.ro\/en\/wp-json\/wp\/v2\/comments?post=8318"}],"version-history":[{"count":19,"href":"https:\/\/www.artep.ro\/en\/wp-json\/wp\/v2\/pages\/8318\/revisions"}],"predecessor-version":[{"id":8421,"href":"https:\/\/www.artep.ro\/en\/wp-json\/wp\/v2\/pages\/8318\/revisions\/8421"}],"wp:attachment":[{"href":"https:\/\/www.artep.ro\/en\/wp-json\/wp\/v2\/media?parent=8318"}],"curies":[{"name":"wp","href":"https:\/\/api.w.org\/{rel}","templated":true}]}}