{"id":8451,"date":"2024-07-19T14:21:05","date_gmt":"2024-07-19T14:21:05","guid":{"rendered":"https:\/\/www.artep.ro\/?page_id=8451"},"modified":"2024-07-19T14:24:20","modified_gmt":"2024-07-19T14:24:20","slug":"andrei-gavrilita-artist","status":"publish","type":"page","link":"https:\/\/www.artep.ro\/en\/andrei-gavrilita-artist\/","title":{"rendered":"Andrei Gavrili\u021ba, artist"},"content":{"rendered":"<div data-elementor-type=\"wp-page\" data-elementor-id=\"8451\" class=\"elementor elementor-8451\" data-elementor-post-type=\"page\">\n\t\t\t\t<div class=\"elementor-element elementor-element-0642aa0 e-flex e-con-boxed e-con e-parent\" data-id=\"0642aa0\" data-element_type=\"container\" data-e-type=\"container\">\n\t\t\t\t\t<div class=\"e-con-inner\">\n\t\t<div class=\"elementor-element elementor-element-307041a e-con-full e-flex e-con e-child\" data-id=\"307041a\" data-element_type=\"container\" data-e-type=\"container\">\n\t\t\t\t<div class=\"elementor-element elementor-element-ed1914d elementor-widget elementor-widget-text-editor\" data-id=\"ed1914d\" data-element_type=\"widget\" data-e-type=\"widget\" data-widget_type=\"text-editor.default\">\n\t\t\t\t<div class=\"elementor-widget-container\">\n\t\t\t\t\t\t\t\t\t11-21 mai 2024, Berlin, Germania\t\t\t\t\t\t\t\t<\/div>\n\t\t\t\t<\/div>\n\t\t\t\t<div class=\"elementor-element elementor-element-38a5d44 elementor-widget-divider--view-line elementor-widget elementor-widget-divider\" data-id=\"38a5d44\" data-element_type=\"widget\" data-e-type=\"widget\" data-widget_type=\"divider.default\">\n\t\t\t\t<div class=\"elementor-widget-container\">\n\t\t\t\t\t\t\t<div class=\"elementor-divider\">\n\t\t\t<span class=\"elementor-divider-separator\">\n\t\t\t\t\t\t<\/span>\n\t\t<\/div>\n\t\t\t\t\t\t<\/div>\n\t\t\t\t<\/div>\n\t\t\t\t<\/div>\n\t\t\t\t\t<\/div>\n\t\t\t\t<\/div>\n\t\t<div class=\"elementor-element elementor-element-12339fa e-flex e-con-boxed e-con e-parent\" data-id=\"12339fa\" data-element_type=\"container\" data-e-type=\"container\">\n\t\t\t\t\t<div class=\"e-con-inner\">\n\t\t\t\t<div class=\"elementor-element elementor-element-7c8fb26 elementor-widget elementor-widget-gallery\" data-id=\"7c8fb26\" data-element_type=\"widget\" data-e-type=\"widget\" data-settings=\"{&quot;gallery_layout&quot;:&quot;masonry&quot;,&quot;columns&quot;:3,&quot;gap&quot;:{&quot;unit&quot;:&quot;px&quot;,&quot;size&quot;:30,&quot;sizes&quot;:[]},&quot;columns_tablet&quot;:2,&quot;columns_mobile&quot;:1,&quot;gap_tablet&quot;:{&quot;unit&quot;:&quot;px&quot;,&quot;size&quot;:10,&quot;sizes&quot;:[]},&quot;gap_mobile&quot;:{&quot;unit&quot;:&quot;px&quot;,&quot;size&quot;:10,&quot;sizes&quot;:[]},&quot;link_to&quot;:&quot;file&quot;,&quot;overlay_background&quot;:&quot;yes&quot;,&quot;content_hover_animation&quot;:&quot;fade-in&quot;}\" data-widget_type=\"gallery.default\">\n\t\t\t\t<div class=\"elementor-widget-container\">\n\t\t\t\t\t\t\t<div class=\"elementor-gallery__container\">\n\t\t\t\t\t\t\t<a class=\"e-gallery-item elementor-gallery-item elementor-animated-content\" href=\"https:\/\/www.artep.ro\/wp-content\/uploads\/2024\/07\/AGP1433.jpg\" data-elementor-open-lightbox=\"yes\" data-elementor-lightbox-slideshow=\"7c8fb26\" data-e-action-hash=\"#elementor-action%3Aaction%3Dlightbox%26settings%3DeyJpZCI6ODQ1MywidXJsIjoiaHR0cHM6XC9cL3d3dy5hcnRlcC5yb1wvd3AtY29udGVudFwvdXBsb2Fkc1wvMjAyNFwvMDdcL0FHUDE0MzMuanBnIiwic2xpZGVzaG93IjoiN2M4ZmIyNiJ9\">\n\t\t\t\t\t<div class=\"e-gallery-image elementor-gallery-item__image\" data-thumbnail=\"https:\/\/www.artep.ro\/wp-content\/uploads\/2024\/07\/AGP1433.jpg\" data-width=\"1920\" data-height=\"1535\" aria-label=\"\" role=\"img\" ><\/div>\n\t\t\t\t\t\t\t\t\t\t\t<div class=\"elementor-gallery-item__overlay\"><\/div>\n\t\t\t\t\t\t\t\t\t\t\t\t\t\t<\/a>\n\t\t\t\t\t\t\t<a class=\"e-gallery-item elementor-gallery-item elementor-animated-content\" href=\"https:\/\/www.artep.ro\/wp-content\/uploads\/2024\/07\/AGP1434.jpg\" data-elementor-open-lightbox=\"yes\" data-elementor-lightbox-slideshow=\"7c8fb26\" data-e-action-hash=\"#elementor-action%3Aaction%3Dlightbox%26settings%3DeyJpZCI6ODQ1NCwidXJsIjoiaHR0cHM6XC9cL3d3dy5hcnRlcC5yb1wvd3AtY29udGVudFwvdXBsb2Fkc1wvMjAyNFwvMDdcL0FHUDE0MzQuanBnIiwic2xpZGVzaG93IjoiN2M4ZmIyNiJ9\">\n\t\t\t\t\t<div class=\"e-gallery-image elementor-gallery-item__image\" data-thumbnail=\"https:\/\/www.artep.ro\/wp-content\/uploads\/2024\/07\/AGP1434.jpg\" data-width=\"1920\" data-height=\"1535\" aria-label=\"\" role=\"img\" ><\/div>\n\t\t\t\t\t\t\t\t\t\t\t<div class=\"elementor-gallery-item__overlay\"><\/div>\n\t\t\t\t\t\t\t\t\t\t\t\t\t\t<\/a>\n\t\t\t\t\t\t\t<a class=\"e-gallery-item elementor-gallery-item elementor-animated-content\" href=\"https:\/\/www.artep.ro\/wp-content\/uploads\/2024\/07\/AGP1441.jpg\" data-elementor-open-lightbox=\"yes\" data-elementor-lightbox-slideshow=\"7c8fb26\" data-e-action-hash=\"#elementor-action%3Aaction%3Dlightbox%26settings%3DeyJpZCI6ODQ1NSwidXJsIjoiaHR0cHM6XC9cL3d3dy5hcnRlcC5yb1wvd3AtY29udGVudFwvdXBsb2Fkc1wvMjAyNFwvMDdcL0FHUDE0NDEuanBnIiwic2xpZGVzaG93IjoiN2M4ZmIyNiJ9\">\n\t\t\t\t\t<div class=\"e-gallery-image elementor-gallery-item__image\" data-thumbnail=\"https:\/\/www.artep.ro\/wp-content\/uploads\/2024\/07\/AGP1441.jpg\" data-width=\"1920\" data-height=\"1535\" aria-label=\"\" role=\"img\" ><\/div>\n\t\t\t\t\t\t\t\t\t\t\t<div class=\"elementor-gallery-item__overlay\"><\/div>\n\t\t\t\t\t\t\t\t\t\t\t\t\t\t<\/a>\n\t\t\t\t\t\t\t<a class=\"e-gallery-item elementor-gallery-item elementor-animated-content\" href=\"https:\/\/www.artep.ro\/wp-content\/uploads\/2024\/07\/AGP1445.jpg\" data-elementor-open-lightbox=\"yes\" data-elementor-lightbox-slideshow=\"7c8fb26\" data-e-action-hash=\"#elementor-action%3Aaction%3Dlightbox%26settings%3DeyJpZCI6ODQ1NiwidXJsIjoiaHR0cHM6XC9cL3d3dy5hcnRlcC5yb1wvd3AtY29udGVudFwvdXBsb2Fkc1wvMjAyNFwvMDdcL0FHUDE0NDUuanBnIiwic2xpZGVzaG93IjoiN2M4ZmIyNiJ9\">\n\t\t\t\t\t<div class=\"e-gallery-image elementor-gallery-item__image\" data-thumbnail=\"https:\/\/www.artep.ro\/wp-content\/uploads\/2024\/07\/AGP1445.jpg\" data-width=\"1920\" data-height=\"1535\" aria-label=\"\" role=\"img\" ><\/div>\n\t\t\t\t\t\t\t\t\t\t\t<div class=\"elementor-gallery-item__overlay\"><\/div>\n\t\t\t\t\t\t\t\t\t\t\t\t\t\t<\/a>\n\t\t\t\t\t\t\t<a class=\"e-gallery-item elementor-gallery-item elementor-animated-content\" href=\"https:\/\/www.artep.ro\/wp-content\/uploads\/2024\/07\/AGP1459.jpg\" data-elementor-open-lightbox=\"yes\" data-elementor-lightbox-slideshow=\"7c8fb26\" data-e-action-hash=\"#elementor-action%3Aaction%3Dlightbox%26settings%3DeyJpZCI6ODQ1NywidXJsIjoiaHR0cHM6XC9cL3d3dy5hcnRlcC5yb1wvd3AtY29udGVudFwvdXBsb2Fkc1wvMjAyNFwvMDdcL0FHUDE0NTkuanBnIiwic2xpZGVzaG93IjoiN2M4ZmIyNiJ9\">\n\t\t\t\t\t<div class=\"e-gallery-image elementor-gallery-item__image\" data-thumbnail=\"https:\/\/www.artep.ro\/wp-content\/uploads\/2024\/07\/AGP1459.jpg\" data-width=\"1920\" data-height=\"1535\" aria-label=\"\" role=\"img\" ><\/div>\n\t\t\t\t\t\t\t\t\t\t\t<div class=\"elementor-gallery-item__overlay\"><\/div>\n\t\t\t\t\t\t\t\t\t\t\t\t\t\t<\/a>\n\t\t\t\t\t\t\t<a class=\"e-gallery-item elementor-gallery-item elementor-animated-content\" href=\"https:\/\/www.artep.ro\/wp-content\/uploads\/2024\/07\/AGP1463.jpg\" data-elementor-open-lightbox=\"yes\" data-elementor-lightbox-slideshow=\"7c8fb26\" data-e-action-hash=\"#elementor-action%3Aaction%3Dlightbox%26settings%3DeyJpZCI6ODQ1OCwidXJsIjoiaHR0cHM6XC9cL3d3dy5hcnRlcC5yb1wvd3AtY29udGVudFwvdXBsb2Fkc1wvMjAyNFwvMDdcL0FHUDE0NjMuanBnIiwic2xpZGVzaG93IjoiN2M4ZmIyNiJ9\">\n\t\t\t\t\t<div class=\"e-gallery-image elementor-gallery-item__image\" data-thumbnail=\"https:\/\/www.artep.ro\/wp-content\/uploads\/2024\/07\/AGP1463.jpg\" data-width=\"1920\" data-height=\"1535\" aria-label=\"\" role=\"img\" ><\/div>\n\t\t\t\t\t\t\t\t\t\t\t<div class=\"elementor-gallery-item__overlay\"><\/div>\n\t\t\t\t\t\t\t\t\t\t\t\t\t\t<\/a>\n\t\t\t\t\t\t\t<a class=\"e-gallery-item elementor-gallery-item elementor-animated-content\" href=\"https:\/\/www.artep.ro\/wp-content\/uploads\/2024\/07\/AGP1465.jpg\" data-elementor-open-lightbox=\"yes\" data-elementor-lightbox-slideshow=\"7c8fb26\" data-e-action-hash=\"#elementor-action%3Aaction%3Dlightbox%26settings%3DeyJpZCI6ODQ1OSwidXJsIjoiaHR0cHM6XC9cL3d3dy5hcnRlcC5yb1wvd3AtY29udGVudFwvdXBsb2Fkc1wvMjAyNFwvMDdcL0FHUDE0NjUuanBnIiwic2xpZGVzaG93IjoiN2M4ZmIyNiJ9\">\n\t\t\t\t\t<div class=\"e-gallery-image elementor-gallery-item__image\" data-thumbnail=\"https:\/\/www.artep.ro\/wp-content\/uploads\/2024\/07\/AGP1465.jpg\" data-width=\"1920\" data-height=\"1535\" aria-label=\"\" role=\"img\" ><\/div>\n\t\t\t\t\t\t\t\t\t\t\t<div class=\"elementor-gallery-item__overlay\"><\/div>\n\t\t\t\t\t\t\t\t\t\t\t\t\t\t<\/a>\n\t\t\t\t\t\t\t<a class=\"e-gallery-item elementor-gallery-item elementor-animated-content\" href=\"https:\/\/www.artep.ro\/wp-content\/uploads\/2024\/07\/AGP1466.jpg\" data-elementor-open-lightbox=\"yes\" data-elementor-lightbox-slideshow=\"7c8fb26\" data-e-action-hash=\"#elementor-action%3Aaction%3Dlightbox%26settings%3DeyJpZCI6ODQ2MCwidXJsIjoiaHR0cHM6XC9cL3d3dy5hcnRlcC5yb1wvd3AtY29udGVudFwvdXBsb2Fkc1wvMjAyNFwvMDdcL0FHUDE0NjYuanBnIiwic2xpZGVzaG93IjoiN2M4ZmIyNiJ9\">\n\t\t\t\t\t<div class=\"e-gallery-image elementor-gallery-item__image\" data-thumbnail=\"https:\/\/www.artep.ro\/wp-content\/uploads\/2024\/07\/AGP1466.jpg\" data-width=\"1920\" data-height=\"1535\" aria-label=\"\" role=\"img\" ><\/div>\n\t\t\t\t\t\t\t\t\t\t\t<div class=\"elementor-gallery-item__overlay\"><\/div>\n\t\t\t\t\t\t\t\t\t\t\t\t\t\t<\/a>\n\t\t\t\t\t\t\t<a class=\"e-gallery-item elementor-gallery-item elementor-animated-content\" href=\"https:\/\/www.artep.ro\/wp-content\/uploads\/2024\/07\/AGP1499.jpg\" data-elementor-open-lightbox=\"yes\" data-elementor-lightbox-slideshow=\"7c8fb26\" data-e-action-hash=\"#elementor-action%3Aaction%3Dlightbox%26settings%3DeyJpZCI6ODQ2MSwidXJsIjoiaHR0cHM6XC9cL3d3dy5hcnRlcC5yb1wvd3AtY29udGVudFwvdXBsb2Fkc1wvMjAyNFwvMDdcL0FHUDE0OTkuanBnIiwic2xpZGVzaG93IjoiN2M4ZmIyNiJ9\">\n\t\t\t\t\t<div class=\"e-gallery-image elementor-gallery-item__image\" data-thumbnail=\"https:\/\/www.artep.ro\/wp-content\/uploads\/2024\/07\/AGP1499.jpg\" data-width=\"1920\" data-height=\"1535\" aria-label=\"\" role=\"img\" ><\/div>\n\t\t\t\t\t\t\t\t\t\t\t<div class=\"elementor-gallery-item__overlay\"><\/div>\n\t\t\t\t\t\t\t\t\t\t\t\t\t\t<\/a>\n\t\t\t\t\t\t\t<a class=\"e-gallery-item elementor-gallery-item elementor-animated-content\" href=\"https:\/\/www.artep.ro\/wp-content\/uploads\/2024\/07\/AGP1500.jpg\" data-elementor-open-lightbox=\"yes\" data-elementor-lightbox-slideshow=\"7c8fb26\" data-e-action-hash=\"#elementor-action%3Aaction%3Dlightbox%26settings%3DeyJpZCI6ODQ2MiwidXJsIjoiaHR0cHM6XC9cL3d3dy5hcnRlcC5yb1wvd3AtY29udGVudFwvdXBsb2Fkc1wvMjAyNFwvMDdcL0FHUDE1MDAuanBnIiwic2xpZGVzaG93IjoiN2M4ZmIyNiJ9\">\n\t\t\t\t\t<div class=\"e-gallery-image elementor-gallery-item__image\" data-thumbnail=\"https:\/\/www.artep.ro\/wp-content\/uploads\/2024\/07\/AGP1500.jpg\" data-width=\"1920\" data-height=\"1535\" aria-label=\"\" role=\"img\" ><\/div>\n\t\t\t\t\t\t\t\t\t\t\t<div class=\"elementor-gallery-item__overlay\"><\/div>\n\t\t\t\t\t\t\t\t\t\t\t\t\t\t<\/a>\n\t\t\t\t\t\t\t<a class=\"e-gallery-item elementor-gallery-item elementor-animated-content\" href=\"https:\/\/www.artep.ro\/wp-content\/uploads\/2024\/07\/IMG_1945.jpg\" data-elementor-open-lightbox=\"yes\" data-elementor-lightbox-slideshow=\"7c8fb26\" data-e-action-hash=\"#elementor-action%3Aaction%3Dlightbox%26settings%3DeyJpZCI6ODQ2MywidXJsIjoiaHR0cHM6XC9cL3d3dy5hcnRlcC5yb1wvd3AtY29udGVudFwvdXBsb2Fkc1wvMjAyNFwvMDdcL0lNR18xOTQ1LmpwZyIsInNsaWRlc2hvdyI6IjdjOGZiMjYifQ%3D%3D\">\n\t\t\t\t\t<div class=\"e-gallery-image elementor-gallery-item__image\" data-thumbnail=\"https:\/\/www.artep.ro\/wp-content\/uploads\/2024\/07\/IMG_1945.jpg\" data-width=\"1920\" data-height=\"1440\" aria-label=\"\" role=\"img\" ><\/div>\n\t\t\t\t\t\t\t\t\t\t\t<div class=\"elementor-gallery-item__overlay\"><\/div>\n\t\t\t\t\t\t\t\t\t\t\t\t\t\t<\/a>\n\t\t\t\t\t\t\t<a class=\"e-gallery-item elementor-gallery-item elementor-animated-content\" href=\"https:\/\/www.artep.ro\/wp-content\/uploads\/2024\/07\/IMG_1947.jpg\" data-elementor-open-lightbox=\"yes\" data-elementor-lightbox-slideshow=\"7c8fb26\" data-e-action-hash=\"#elementor-action%3Aaction%3Dlightbox%26settings%3DeyJpZCI6ODQ2NCwidXJsIjoiaHR0cHM6XC9cL3d3dy5hcnRlcC5yb1wvd3AtY29udGVudFwvdXBsb2Fkc1wvMjAyNFwvMDdcL0lNR18xOTQ3LmpwZyIsInNsaWRlc2hvdyI6IjdjOGZiMjYifQ%3D%3D\">\n\t\t\t\t\t<div class=\"e-gallery-image elementor-gallery-item__image\" data-thumbnail=\"https:\/\/www.artep.ro\/wp-content\/uploads\/2024\/07\/IMG_1947.jpg\" data-width=\"1920\" data-height=\"1440\" aria-label=\"\" role=\"img\" ><\/div>\n\t\t\t\t\t\t\t\t\t\t\t<div class=\"elementor-gallery-item__overlay\"><\/div>\n\t\t\t\t\t\t\t\t\t\t\t\t\t\t<\/a>\n\t\t\t\t\t\t\t<a class=\"e-gallery-item elementor-gallery-item elementor-animated-content\" href=\"https:\/\/www.artep.ro\/wp-content\/uploads\/2024\/07\/IMG_2100.jpg\" data-elementor-open-lightbox=\"yes\" data-elementor-lightbox-slideshow=\"7c8fb26\" data-e-action-hash=\"#elementor-action%3Aaction%3Dlightbox%26settings%3DeyJpZCI6ODQ2NSwidXJsIjoiaHR0cHM6XC9cL3d3dy5hcnRlcC5yb1wvd3AtY29udGVudFwvdXBsb2Fkc1wvMjAyNFwvMDdcL0lNR18yMTAwLmpwZyIsInNsaWRlc2hvdyI6IjdjOGZiMjYifQ%3D%3D\">\n\t\t\t\t\t<div class=\"e-gallery-image elementor-gallery-item__image\" data-thumbnail=\"https:\/\/www.artep.ro\/wp-content\/uploads\/2024\/07\/IMG_2100.jpg\" data-width=\"1920\" data-height=\"1440\" aria-label=\"\" role=\"img\" ><\/div>\n\t\t\t\t\t\t\t\t\t\t\t<div class=\"elementor-gallery-item__overlay\"><\/div>\n\t\t\t\t\t\t\t\t\t\t\t\t\t\t<\/a>\n\t\t\t\t\t\t\t<a class=\"e-gallery-item elementor-gallery-item elementor-animated-content\" href=\"https:\/\/www.artep.ro\/wp-content\/uploads\/2024\/07\/IMG_2128.jpg\" data-elementor-open-lightbox=\"yes\" data-elementor-lightbox-slideshow=\"7c8fb26\" data-e-action-hash=\"#elementor-action%3Aaction%3Dlightbox%26settings%3DeyJpZCI6ODQ2NiwidXJsIjoiaHR0cHM6XC9cL3d3dy5hcnRlcC5yb1wvd3AtY29udGVudFwvdXBsb2Fkc1wvMjAyNFwvMDdcL0lNR18yMTI4LmpwZyIsInNsaWRlc2hvdyI6IjdjOGZiMjYifQ%3D%3D\">\n\t\t\t\t\t<div class=\"e-gallery-image elementor-gallery-item__image\" data-thumbnail=\"https:\/\/www.artep.ro\/wp-content\/uploads\/2024\/07\/IMG_2128.jpg\" data-width=\"1920\" data-height=\"1440\" aria-label=\"\" role=\"img\" ><\/div>\n\t\t\t\t\t\t\t\t\t\t\t<div class=\"elementor-gallery-item__overlay\"><\/div>\n\t\t\t\t\t\t\t\t\t\t\t\t\t\t<\/a>\n\t\t\t\t\t\t\t<a class=\"e-gallery-item elementor-gallery-item elementor-animated-content\" href=\"https:\/\/www.artep.ro\/wp-content\/uploads\/2024\/07\/IMG_2178.jpg\" data-elementor-open-lightbox=\"yes\" data-elementor-lightbox-slideshow=\"7c8fb26\" data-e-action-hash=\"#elementor-action%3Aaction%3Dlightbox%26settings%3DeyJpZCI6ODQ2NywidXJsIjoiaHR0cHM6XC9cL3d3dy5hcnRlcC5yb1wvd3AtY29udGVudFwvdXBsb2Fkc1wvMjAyNFwvMDdcL0lNR18yMTc4LmpwZyIsInNsaWRlc2hvdyI6IjdjOGZiMjYifQ%3D%3D\">\n\t\t\t\t\t<div class=\"e-gallery-image elementor-gallery-item__image\" data-thumbnail=\"https:\/\/www.artep.ro\/wp-content\/uploads\/2024\/07\/IMG_2178.jpg\" data-width=\"1920\" data-height=\"1440\" aria-label=\"\" role=\"img\" ><\/div>\n\t\t\t\t\t\t\t\t\t\t\t<div class=\"elementor-gallery-item__overlay\"><\/div>\n\t\t\t\t\t\t\t\t\t\t\t\t\t\t<\/a>\n\t\t\t\t\t\t\t<a class=\"e-gallery-item elementor-gallery-item elementor-animated-content\" href=\"https:\/\/www.artep.ro\/wp-content\/uploads\/2024\/07\/IMG_2213.jpg\" data-elementor-open-lightbox=\"yes\" data-elementor-lightbox-slideshow=\"7c8fb26\" data-e-action-hash=\"#elementor-action%3Aaction%3Dlightbox%26settings%3DeyJpZCI6ODQ2OCwidXJsIjoiaHR0cHM6XC9cL3d3dy5hcnRlcC5yb1wvd3AtY29udGVudFwvdXBsb2Fkc1wvMjAyNFwvMDdcL0lNR18yMjEzLmpwZyIsInNsaWRlc2hvdyI6IjdjOGZiMjYifQ%3D%3D\">\n\t\t\t\t\t<div class=\"e-gallery-image elementor-gallery-item__image\" data-thumbnail=\"https:\/\/www.artep.ro\/wp-content\/uploads\/2024\/07\/IMG_2213.jpg\" data-width=\"1920\" data-height=\"1440\" aria-label=\"\" role=\"img\" ><\/div>\n\t\t\t\t\t\t\t\t\t\t\t<div class=\"elementor-gallery-item__overlay\"><\/div>\n\t\t\t\t\t\t\t\t\t\t\t\t\t\t<\/a>\n\t\t\t\t\t\t\t<a class=\"e-gallery-item elementor-gallery-item elementor-animated-content\" href=\"https:\/\/www.artep.ro\/wp-content\/uploads\/2024\/07\/IMG_2225.jpg\" data-elementor-open-lightbox=\"yes\" data-elementor-lightbox-slideshow=\"7c8fb26\" data-e-action-hash=\"#elementor-action%3Aaction%3Dlightbox%26settings%3DeyJpZCI6ODQ2OSwidXJsIjoiaHR0cHM6XC9cL3d3dy5hcnRlcC5yb1wvd3AtY29udGVudFwvdXBsb2Fkc1wvMjAyNFwvMDdcL0lNR18yMjI1LmpwZyIsInNsaWRlc2hvdyI6IjdjOGZiMjYifQ%3D%3D\">\n\t\t\t\t\t<div class=\"e-gallery-image elementor-gallery-item__image\" data-thumbnail=\"https:\/\/www.artep.ro\/wp-content\/uploads\/2024\/07\/IMG_2225.jpg\" data-width=\"1920\" data-height=\"1440\" aria-label=\"\" role=\"img\" ><\/div>\n\t\t\t\t\t\t\t\t\t\t\t<div class=\"elementor-gallery-item__overlay\"><\/div>\n\t\t\t\t\t\t\t\t\t\t\t\t\t\t<\/a>\n\t\t\t\t\t\t\t<a class=\"e-gallery-item elementor-gallery-item elementor-animated-content\" href=\"https:\/\/www.artep.ro\/wp-content\/uploads\/2024\/07\/IMG_2238.jpg\" data-elementor-open-lightbox=\"yes\" data-elementor-lightbox-slideshow=\"7c8fb26\" data-e-action-hash=\"#elementor-action%3Aaction%3Dlightbox%26settings%3DeyJpZCI6ODQ3MCwidXJsIjoiaHR0cHM6XC9cL3d3dy5hcnRlcC5yb1wvd3AtY29udGVudFwvdXBsb2Fkc1wvMjAyNFwvMDdcL0lNR18yMjM4LmpwZyIsInNsaWRlc2hvdyI6IjdjOGZiMjYifQ%3D%3D\">\n\t\t\t\t\t<div class=\"e-gallery-image elementor-gallery-item__image\" data-thumbnail=\"https:\/\/www.artep.ro\/wp-content\/uploads\/2024\/07\/IMG_2238.jpg\" data-width=\"1920\" data-height=\"1440\" aria-label=\"\" role=\"img\" ><\/div>\n\t\t\t\t\t\t\t\t\t\t\t<div class=\"elementor-gallery-item__overlay\"><\/div>\n\t\t\t\t\t\t\t\t\t\t\t\t\t\t<\/a>\n\t\t\t\t\t\t\t<a class=\"e-gallery-item elementor-gallery-item elementor-animated-content\" href=\"https:\/\/www.artep.ro\/wp-content\/uploads\/2024\/07\/IMG_2259.jpg\" data-elementor-open-lightbox=\"yes\" data-elementor-lightbox-slideshow=\"7c8fb26\" data-e-action-hash=\"#elementor-action%3Aaction%3Dlightbox%26settings%3DeyJpZCI6ODQ3MSwidXJsIjoiaHR0cHM6XC9cL3d3dy5hcnRlcC5yb1wvd3AtY29udGVudFwvdXBsb2Fkc1wvMjAyNFwvMDdcL0lNR18yMjU5LmpwZyIsInNsaWRlc2hvdyI6IjdjOGZiMjYifQ%3D%3D\">\n\t\t\t\t\t<div class=\"e-gallery-image elementor-gallery-item__image\" data-thumbnail=\"https:\/\/www.artep.ro\/wp-content\/uploads\/2024\/07\/IMG_2259.jpg\" data-width=\"1920\" data-height=\"1440\" aria-label=\"\" role=\"img\" ><\/div>\n\t\t\t\t\t\t\t\t\t\t\t<div class=\"elementor-gallery-item__overlay\"><\/div>\n\t\t\t\t\t\t\t\t\t\t\t\t\t\t<\/a>\n\t\t\t\t\t<\/div>\n\t\t\t\t\t<\/div>\n\t\t\t\t<\/div>\n\t\t\t\t\t<\/div>\n\t\t\t\t<\/div>\n\t\t<div class=\"elementor-element elementor-element-b59e05b e-flex e-con-boxed e-con e-parent\" data-id=\"b59e05b\" data-element_type=\"container\" data-e-type=\"container\">\n\t\t\t\t\t<div class=\"e-con-inner\">\n\t\t<div class=\"elementor-element elementor-element-99cac02 e-con-full e-flex e-con e-child\" data-id=\"99cac02\" data-element_type=\"container\" data-e-type=\"container\">\n\t\t\t\t<div class=\"elementor-element elementor-element-3775828 elementor-widget elementor-widget-text-editor\" data-id=\"3775828\" data-element_type=\"widget\" data-e-type=\"widget\" data-widget_type=\"text-editor.default\">\n\t\t\t\t<div class=\"elementor-widget-container\">\n\t\t\t\t\t\t\t\t\t<p>Andrei Gavrili\u021ba este un artist vizual specializat \u00een fotografie. Practica sa artistic\u0103 este caracterizat\u0103 de proiecte care exploreaz\u0103 mediul fotografic din punct de vedere conceptual, dar \u0219i de serii de fotografie documentar\u0103 \u0219i direct\u0103. Andrei folose\u0219te mediul fotografic ca pe o unealt\u0103 \u00een explor\u0103rile sale artistice, \u00eencerc\u00e2nd s\u0103 \u00een\u021beleag\u0103 lumea \u0219i pe sine \u00eensu\u0219i. Proiectele sale conceptuale prezint\u0103 o perspectiv\u0103 experimental\u0103 \u0219i didactic\u0103 care chestioneaz\u0103 \u0219i \u00eempinge limitele fotografiei, \u00een timp ce lucr\u0103rile de fotografie direct\u0103 sunt o ancor\u0103 \u00een lumea fizic\u0103, explor\u0103ri ale intimit\u0103\u021bii, exprim\u0103ri ale sensibilit\u0103\u021bii artistului \u0219i a rela\u021biei sale cu contextul \u00een care se afl\u0103. Andrei Gavrili\u021ba s-a n\u0103scut \u00een 2001 \u00een Republica Moldova, dar studiaz\u0103 \u0219i lucreaz\u0103 \u00een Ia\u0219i.\n\n<p>Organizer: Artep Gallery Association\nMain partner: Haus der Kulturen der Welt\nPartners: \"George Enescu\" National University of Arts in Ia\u0219i, Institute for Multidisciplinary Research in Art, PROPAGARTA, Empower Artists, Modernism, PIN Magazine, Destination Ia\u0219i\nCultural project co-financed by the Administration of the National Cultural Fund\n\n<p>The project does not necessarily represent the position of the National Cultural Fund Administration. AFCN is not responsible for the content of the project or how the works may be used. These are entirely the responsibility of the beneficiary of the funding.\t\t\t\t\t\t\t\t<\/div>\n\t\t\t\t<\/div>\n\t\t\t\t<div class=\"elementor-element elementor-element-a9d3679 elementor-widget-divider--view-line elementor-widget elementor-widget-divider\" data-id=\"a9d3679\" data-element_type=\"widget\" data-e-type=\"widget\" data-widget_type=\"divider.default\">\n\t\t\t\t<div class=\"elementor-widget-container\">\n\t\t\t\t\t\t\t<div class=\"elementor-divider\">\n\t\t\t<span class=\"elementor-divider-separator\">\n\t\t\t\t\t\t<\/span>\n\t\t<\/div>\n\t\t\t\t\t\t<\/div>\n\t\t\t\t<\/div>\n\t\t\t\t<\/div>\n\t\t\t\t\t<\/div>\n\t\t\t\t<\/div>\n\t\t\t\t<\/div>","protected":false},"excerpt":{"rendered":"<p>11-21 mai 2024, Berlin, Germania Andrei Gavrili\u021ba este un artist vizual specializat \u00een fotografie. Practica sa artistic\u0103 este caracterizat\u0103 de proiecte care exploreaz\u0103 mediul fotografic din punct de vedere conceptual, dar \u0219i de serii de fotografie documentar\u0103 \u0219i direct\u0103. Andrei folose\u0219te mediul fotografic ca pe o unealt\u0103 \u00een explor\u0103rile sale artistice, \u00eencerc\u00e2nd s\u0103 \u00een\u021beleag\u0103 lumea [&hellip;]<\/p>\n","protected":false},"author":1,"featured_media":0,"parent":0,"menu_order":0,"comment_status":"closed","ping_status":"closed","template":"","meta":{"_acf_changed":false,"footnotes":""},"class_list":["post-8451","page","type-page","status-publish","hentry"],"acf":[],"_links":{"self":[{"href":"https:\/\/www.artep.ro\/en\/wp-json\/wp\/v2\/pages\/8451","targetHints":{"allow":["GET"]}}],"collection":[{"href":"https:\/\/www.artep.ro\/en\/wp-json\/wp\/v2\/pages"}],"about":[{"href":"https:\/\/www.artep.ro\/en\/wp-json\/wp\/v2\/types\/page"}],"author":[{"embeddable":true,"href":"https:\/\/www.artep.ro\/en\/wp-json\/wp\/v2\/users\/1"}],"replies":[{"embeddable":true,"href":"https:\/\/www.artep.ro\/en\/wp-json\/wp\/v2\/comments?post=8451"}],"version-history":[{"count":4,"href":"https:\/\/www.artep.ro\/en\/wp-json\/wp\/v2\/pages\/8451\/revisions"}],"predecessor-version":[{"id":8475,"href":"https:\/\/www.artep.ro\/en\/wp-json\/wp\/v2\/pages\/8451\/revisions\/8475"}],"wp:attachment":[{"href":"https:\/\/www.artep.ro\/en\/wp-json\/wp\/v2\/media?parent=8451"}],"curies":[{"name":"wp","href":"https:\/\/api.w.org\/{rel}","templated":true}]}}