{"id":8476,"date":"2024-07-19T14:25:25","date_gmt":"2024-07-19T14:25:25","guid":{"rendered":"https:\/\/www.artep.ro\/?page_id=8476"},"modified":"2024-10-25T12:35:00","modified_gmt":"2024-10-25T12:35:00","slug":"daniel-neugebauer-curator","status":"publish","type":"page","link":"https:\/\/www.artep.ro\/en\/daniel-neugebauer-curator\/","title":{"rendered":"Daniel Neugebauer, Curator"},"content":{"rendered":"<div data-elementor-type=\"wp-page\" data-elementor-id=\"8476\" class=\"elementor elementor-8476\" data-elementor-post-type=\"page\">\n\t\t\t\t<div class=\"elementor-element elementor-element-0642aa0 e-flex e-con-boxed e-con e-parent\" data-id=\"0642aa0\" data-element_type=\"container\" data-e-type=\"container\">\n\t\t\t\t\t<div class=\"e-con-inner\">\n\t\t<div class=\"elementor-element elementor-element-307041a e-con-full e-flex e-con e-child\" data-id=\"307041a\" data-element_type=\"container\" data-e-type=\"container\">\n\t\t\t\t<div class=\"elementor-element elementor-element-ed1914d elementor-widget elementor-widget-text-editor\" data-id=\"ed1914d\" data-element_type=\"widget\" data-e-type=\"widget\" data-widget_type=\"text-editor.default\">\n\t\t\t\t<div class=\"elementor-widget-container\">\n\t\t\t\t\t\t\t\t\t8-19 octombrie 2024, Ia\u0219i, Rom\u00e2nia\t\t\t\t\t\t\t\t<\/div>\n\t\t\t\t<\/div>\n\t\t\t\t<div class=\"elementor-element elementor-element-38a5d44 elementor-widget-divider--view-line elementor-widget elementor-widget-divider\" data-id=\"38a5d44\" data-element_type=\"widget\" data-e-type=\"widget\" data-widget_type=\"divider.default\">\n\t\t\t\t<div class=\"elementor-widget-container\">\n\t\t\t\t\t\t\t<div class=\"elementor-divider\">\n\t\t\t<span class=\"elementor-divider-separator\">\n\t\t\t\t\t\t<\/span>\n\t\t<\/div>\n\t\t\t\t\t\t<\/div>\n\t\t\t\t<\/div>\n\t\t\t\t<\/div>\n\t\t\t\t\t<\/div>\n\t\t\t\t<\/div>\n\t\t<div class=\"elementor-element elementor-element-b59e05b e-flex e-con-boxed e-con e-parent\" data-id=\"b59e05b\" data-element_type=\"container\" data-e-type=\"container\">\n\t\t\t\t\t<div class=\"e-con-inner\">\n\t\t<div class=\"elementor-element elementor-element-99cac02 e-con-full e-flex e-con e-child\" data-id=\"99cac02\" data-element_type=\"container\" data-e-type=\"container\">\n\t\t\t\t<div class=\"elementor-element elementor-element-3775828 elementor-widget elementor-widget-text-editor\" data-id=\"3775828\" data-element_type=\"widget\" data-e-type=\"widget\" data-widget_type=\"text-editor.default\">\n\t\t\t\t<div class=\"elementor-widget-container\">\n\t\t\t\t\t\t\t\t\t<p>Daniel Neugebauer este educator\/curator\/manager cultural care locuie\u0219te \u00een Berlin. A coordonat departamentele de comunicare \u0219i educa\u021bie culturale la Haus der Kulturen der Welt (HKW) \u00een perioada 2018-2022. \u00cen 2023 s-a al\u0103turat echipei curatoriale a HKW coordonat\u0103 de Bonaventure Ndikung. Neugebauer a fost primul Connected World Senior Fellow la Vrije Universiteit Amsterdam, 2022-2023, unde a lucrat pe tema rela\u021biei dintre universitate \u0219i corpurile studen\u021bilor. A editat patru volume din seria HKW Das Neue Alphabet (2020-2023) despre politicile corpului \u0219i poetica lor. Anterior, a fost: coordonator educativ la Pavilionul Rom\u00e2niei, Bienala de la Vene\u021bia, edi\u021bia a 59-a, 2022, al\u0103turi de Adina Pintilie; \u0219ef de marketing, mediere \u0219i str\u00e2ngere de fonduri la Van Abbemuseum, Eindhoven, 2012-2018. A coordonat activit\u0103\u021bile de marketing ale Documenta 14 (Kassel\/Athes) \u00een 2016-2017. Preg\u0103tirea lui \u00eencepe la Kunsthalle Bielefeld, unde a lucrat \u00een perioada 2006-2012, \u0219i a ob\u021binut o diplom\u0103 \u00een gerontologie cultural\u0103 \u00een 2012. Din 2018 activeaz\u0103 ca membru al Consiliului pentru Arte din Berlin, ca voluntar.<\/p><p>Organizer: Artep Gallery Association<\/p><p>Partener principal: Haus der Kulturen der Welt<br \/>Parteneri: Universitatea Na\u021bional\u0103 de Arte \u201eGeorge Enescu\u201d din Ia\u0219i, Institutul de Cercetare Multidisciplinar\u0103 \u00een Art\u0103, PROPAGARTA, Empower Artists, Modernism, PIN Magazine, Destination Ia\u0219i<\/p><p>Cultural project co-financed by: National Cultural Fund Administration (AFCN)<\/p><p>The project does not necessarily represent the position of the National Cultural Fund Administration. AFCN is not responsible for the content of the project or how the works may be used. These are entirely the responsibility of the beneficiary of the funding.<\/p>\t\t\t\t\t\t\t\t<\/div>\n\t\t\t\t<\/div>\n\t\t\t\t<div class=\"elementor-element elementor-element-a9d3679 elementor-widget-divider--view-line elementor-widget elementor-widget-divider\" data-id=\"a9d3679\" data-element_type=\"widget\" data-e-type=\"widget\" data-widget_type=\"divider.default\">\n\t\t\t\t<div class=\"elementor-widget-container\">\n\t\t\t\t\t\t\t<div class=\"elementor-divider\">\n\t\t\t<span class=\"elementor-divider-separator\">\n\t\t\t\t\t\t<\/span>\n\t\t<\/div>\n\t\t\t\t\t\t<\/div>\n\t\t\t\t<\/div>\n\t\t\t\t<\/div>\n\t\t<div class=\"elementor-element elementor-element-676a1a8 e-con-full e-flex e-con e-child\" data-id=\"676a1a8\" data-element_type=\"container\" data-e-type=\"container\">\n\t\t\t\t<div class=\"elementor-element elementor-element-559b3cf elementor-widget elementor-widget-image\" data-id=\"559b3cf\" data-element_type=\"widget\" data-e-type=\"widget\" data-widget_type=\"image.default\">\n\t\t\t\t<div class=\"elementor-widget-container\">\n\t\t\t\t\t\t\t\t\t\t\t\t\t\t\t<img fetchpriority=\"high\" decoding=\"async\" width=\"800\" height=\"800\" src=\"https:\/\/www.artep.ro\/wp-content\/uploads\/2024\/10\/Postari-Bio-8-1024x1024.jpg\" class=\"attachment-large size-large wp-image-8924\" alt=\"\" srcset=\"https:\/\/www.artep.ro\/wp-content\/uploads\/2024\/10\/Postari-Bio-8-1024x1024.jpg 1024w, https:\/\/www.artep.ro\/wp-content\/uploads\/2024\/10\/Postari-Bio-8-300x300.jpg 300w, https:\/\/www.artep.ro\/wp-content\/uploads\/2024\/10\/Postari-Bio-8-150x150.jpg 150w, https:\/\/www.artep.ro\/wp-content\/uploads\/2024\/10\/Postari-Bio-8-768x768.jpg 768w, https:\/\/www.artep.ro\/wp-content\/uploads\/2024\/10\/Postari-Bio-8-12x12.jpg 12w, https:\/\/www.artep.ro\/wp-content\/uploads\/2024\/10\/Postari-Bio-8-600x600.jpg 600w, https:\/\/www.artep.ro\/wp-content\/uploads\/2024\/10\/Postari-Bio-8-100x100.jpg 100w, https:\/\/www.artep.ro\/wp-content\/uploads\/2024\/10\/Postari-Bio-8.jpg 1080w\" sizes=\"(max-width: 800px) 100vw, 800px\" \/>\t\t\t\t\t\t\t\t\t\t\t\t\t\t\t<\/div>\n\t\t\t\t<\/div>\n\t\t\t\t<\/div>\n\t\t\t\t\t<\/div>\n\t\t\t\t<\/div>\n\t\t<div class=\"elementor-element elementor-element-f4423e4 e-flex e-con-boxed e-con e-parent\" data-id=\"f4423e4\" data-element_type=\"container\" data-e-type=\"container\">\n\t\t\t\t\t<div class=\"e-con-inner\">\n\t\t\t\t<div class=\"elementor-element elementor-element-32a4567 elementor-widget elementor-widget-gallery\" data-id=\"32a4567\" data-element_type=\"widget\" data-e-type=\"widget\" data-settings=\"{&quot;columns&quot;:2,&quot;lazyload&quot;:&quot;yes&quot;,&quot;gallery_layout&quot;:&quot;grid&quot;,&quot;columns_tablet&quot;:2,&quot;columns_mobile&quot;:1,&quot;gap&quot;:{&quot;unit&quot;:&quot;px&quot;,&quot;size&quot;:10,&quot;sizes&quot;:[]},&quot;gap_tablet&quot;:{&quot;unit&quot;:&quot;px&quot;,&quot;size&quot;:10,&quot;sizes&quot;:[]},&quot;gap_mobile&quot;:{&quot;unit&quot;:&quot;px&quot;,&quot;size&quot;:10,&quot;sizes&quot;:[]},&quot;link_to&quot;:&quot;file&quot;,&quot;aspect_ratio&quot;:&quot;3:2&quot;,&quot;overlay_background&quot;:&quot;yes&quot;,&quot;content_hover_animation&quot;:&quot;fade-in&quot;}\" data-widget_type=\"gallery.default\">\n\t\t\t\t<div class=\"elementor-widget-container\">\n\t\t\t\t\t\t\t<div class=\"elementor-gallery__container\">\n\t\t\t\t\t\t\t<a class=\"e-gallery-item elementor-gallery-item elementor-animated-content\" href=\"https:\/\/www.artep.ro\/wp-content\/uploads\/2024\/10\/WhatsApp-Image-2024-10-25-at-15.28.28-1.jpeg\" data-elementor-open-lightbox=\"yes\" data-elementor-lightbox-slideshow=\"32a4567\" data-e-action-hash=\"#elementor-action%3Aaction%3Dlightbox%26settings%3DeyJpZCI6ODk1OCwidXJsIjoiaHR0cHM6XC9cL3d3dy5hcnRlcC5yb1wvd3AtY29udGVudFwvdXBsb2Fkc1wvMjAyNFwvMTBcL1doYXRzQXBwLUltYWdlLTIwMjQtMTAtMjUtYXQtMTUuMjguMjgtMS5qcGVnIiwic2xpZGVzaG93IjoiMzJhNDU2NyJ9\">\n\t\t\t\t\t<div class=\"e-gallery-image elementor-gallery-item__image\" data-thumbnail=\"https:\/\/www.artep.ro\/wp-content\/uploads\/2024\/10\/WhatsApp-Image-2024-10-25-at-15.28.28-1.jpeg\" data-width=\"1600\" data-height=\"1200\" aria-label=\"\" role=\"img\" ><\/div>\n\t\t\t\t\t\t\t\t\t\t\t<div class=\"elementor-gallery-item__overlay\"><\/div>\n\t\t\t\t\t\t\t\t\t\t\t\t\t\t<\/a>\n\t\t\t\t\t\t\t<a class=\"e-gallery-item elementor-gallery-item elementor-animated-content\" href=\"https:\/\/www.artep.ro\/wp-content\/uploads\/2024\/10\/WhatsApp-Image-2024-10-25-at-15.28.28.jpeg\" data-elementor-open-lightbox=\"yes\" data-elementor-lightbox-slideshow=\"32a4567\" data-e-action-hash=\"#elementor-action%3Aaction%3Dlightbox%26settings%3DeyJpZCI6ODk1OSwidXJsIjoiaHR0cHM6XC9cL3d3dy5hcnRlcC5yb1wvd3AtY29udGVudFwvdXBsb2Fkc1wvMjAyNFwvMTBcL1doYXRzQXBwLUltYWdlLTIwMjQtMTAtMjUtYXQtMTUuMjguMjguanBlZyIsInNsaWRlc2hvdyI6IjMyYTQ1NjcifQ%3D%3D\">\n\t\t\t\t\t<div class=\"e-gallery-image elementor-gallery-item__image\" data-thumbnail=\"https:\/\/www.artep.ro\/wp-content\/uploads\/2024\/10\/WhatsApp-Image-2024-10-25-at-15.28.28.jpeg\" data-width=\"1536\" data-height=\"2048\" aria-label=\"\" role=\"img\" ><\/div>\n\t\t\t\t\t\t\t\t\t\t\t<div class=\"elementor-gallery-item__overlay\"><\/div>\n\t\t\t\t\t\t\t\t\t\t\t\t\t\t<\/a>\n\t\t\t\t\t\t\t<a class=\"e-gallery-item elementor-gallery-item elementor-animated-content\" href=\"https:\/\/www.artep.ro\/wp-content\/uploads\/2024\/10\/WhatsApp-Image-2024-10-25-at-15.30.53.jpeg\" data-elementor-open-lightbox=\"yes\" data-elementor-lightbox-slideshow=\"32a4567\" data-e-action-hash=\"#elementor-action%3Aaction%3Dlightbox%26settings%3DeyJpZCI6ODk2MCwidXJsIjoiaHR0cHM6XC9cL3d3dy5hcnRlcC5yb1wvd3AtY29udGVudFwvdXBsb2Fkc1wvMjAyNFwvMTBcL1doYXRzQXBwLUltYWdlLTIwMjQtMTAtMjUtYXQtMTUuMzAuNTMuanBlZyIsInNsaWRlc2hvdyI6IjMyYTQ1NjcifQ%3D%3D\">\n\t\t\t\t\t<div class=\"e-gallery-image elementor-gallery-item__image\" data-thumbnail=\"https:\/\/www.artep.ro\/wp-content\/uploads\/2024\/10\/WhatsApp-Image-2024-10-25-at-15.30.53.jpeg\" data-width=\"2016\" data-height=\"1512\" aria-label=\"\" role=\"img\" ><\/div>\n\t\t\t\t\t\t\t\t\t\t\t<div class=\"elementor-gallery-item__overlay\"><\/div>\n\t\t\t\t\t\t\t\t\t\t\t\t\t\t<\/a>\n\t\t\t\t\t\t\t<a class=\"e-gallery-item elementor-gallery-item elementor-animated-content\" href=\"https:\/\/www.artep.ro\/wp-content\/uploads\/2024\/10\/WhatsApp-Image-2024-10-25-at-15.30.55-1.jpeg\" data-elementor-open-lightbox=\"yes\" data-elementor-lightbox-slideshow=\"32a4567\" data-e-action-hash=\"#elementor-action%3Aaction%3Dlightbox%26settings%3DeyJpZCI6ODk2MSwidXJsIjoiaHR0cHM6XC9cL3d3dy5hcnRlcC5yb1wvd3AtY29udGVudFwvdXBsb2Fkc1wvMjAyNFwvMTBcL1doYXRzQXBwLUltYWdlLTIwMjQtMTAtMjUtYXQtMTUuMzAuNTUtMS5qcGVnIiwic2xpZGVzaG93IjoiMzJhNDU2NyJ9\">\n\t\t\t\t\t<div class=\"e-gallery-image elementor-gallery-item__image\" data-thumbnail=\"https:\/\/www.artep.ro\/wp-content\/uploads\/2024\/10\/WhatsApp-Image-2024-10-25-at-15.30.55-1.jpeg\" data-width=\"2016\" data-height=\"1512\" aria-label=\"\" role=\"img\" ><\/div>\n\t\t\t\t\t\t\t\t\t\t\t<div class=\"elementor-gallery-item__overlay\"><\/div>\n\t\t\t\t\t\t\t\t\t\t\t\t\t\t<\/a>\n\t\t\t\t\t\t\t<a class=\"e-gallery-item elementor-gallery-item elementor-animated-content\" href=\"https:\/\/www.artep.ro\/wp-content\/uploads\/2024\/10\/WhatsApp-Image-2024-10-25-at-15.30.55-2.jpeg\" data-elementor-open-lightbox=\"yes\" data-elementor-lightbox-slideshow=\"32a4567\" data-e-action-hash=\"#elementor-action%3Aaction%3Dlightbox%26settings%3DeyJpZCI6ODk2MiwidXJsIjoiaHR0cHM6XC9cL3d3dy5hcnRlcC5yb1wvd3AtY29udGVudFwvdXBsb2Fkc1wvMjAyNFwvMTBcL1doYXRzQXBwLUltYWdlLTIwMjQtMTAtMjUtYXQtMTUuMzAuNTUtMi5qcGVnIiwic2xpZGVzaG93IjoiMzJhNDU2NyJ9\">\n\t\t\t\t\t<div class=\"e-gallery-image elementor-gallery-item__image\" data-thumbnail=\"https:\/\/www.artep.ro\/wp-content\/uploads\/2024\/10\/WhatsApp-Image-2024-10-25-at-15.30.55-2.jpeg\" data-width=\"1536\" data-height=\"2048\" aria-label=\"\" role=\"img\" ><\/div>\n\t\t\t\t\t\t\t\t\t\t\t<div class=\"elementor-gallery-item__overlay\"><\/div>\n\t\t\t\t\t\t\t\t\t\t\t\t\t\t<\/a>\n\t\t\t\t\t\t\t<a class=\"e-gallery-item elementor-gallery-item elementor-animated-content\" href=\"https:\/\/www.artep.ro\/wp-content\/uploads\/2024\/10\/WhatsApp-Image-2024-10-25-at-15.30.55-3.jpeg\" data-elementor-open-lightbox=\"yes\" data-elementor-lightbox-slideshow=\"32a4567\" data-e-action-hash=\"#elementor-action%3Aaction%3Dlightbox%26settings%3DeyJpZCI6ODk2MywidXJsIjoiaHR0cHM6XC9cL3d3dy5hcnRlcC5yb1wvd3AtY29udGVudFwvdXBsb2Fkc1wvMjAyNFwvMTBcL1doYXRzQXBwLUltYWdlLTIwMjQtMTAtMjUtYXQtMTUuMzAuNTUtMy5qcGVnIiwic2xpZGVzaG93IjoiMzJhNDU2NyJ9\">\n\t\t\t\t\t<div class=\"e-gallery-image elementor-gallery-item__image\" data-thumbnail=\"https:\/\/www.artep.ro\/wp-content\/uploads\/2024\/10\/WhatsApp-Image-2024-10-25-at-15.30.55-3.jpeg\" data-width=\"1600\" data-height=\"1200\" aria-label=\"\" role=\"img\" ><\/div>\n\t\t\t\t\t\t\t\t\t\t\t<div class=\"elementor-gallery-item__overlay\"><\/div>\n\t\t\t\t\t\t\t\t\t\t\t\t\t\t<\/a>\n\t\t\t\t\t\t\t<a class=\"e-gallery-item elementor-gallery-item elementor-animated-content\" href=\"https:\/\/www.artep.ro\/wp-content\/uploads\/2024\/10\/WhatsApp-Image-2024-10-25-at-15.30.55-4.jpeg\" data-elementor-open-lightbox=\"yes\" data-elementor-lightbox-slideshow=\"32a4567\" data-e-action-hash=\"#elementor-action%3Aaction%3Dlightbox%26settings%3DeyJpZCI6ODk2NCwidXJsIjoiaHR0cHM6XC9cL3d3dy5hcnRlcC5yb1wvd3AtY29udGVudFwvdXBsb2Fkc1wvMjAyNFwvMTBcL1doYXRzQXBwLUltYWdlLTIwMjQtMTAtMjUtYXQtMTUuMzAuNTUtNC5qcGVnIiwic2xpZGVzaG93IjoiMzJhNDU2NyJ9\">\n\t\t\t\t\t<div class=\"e-gallery-image elementor-gallery-item__image\" data-thumbnail=\"https:\/\/www.artep.ro\/wp-content\/uploads\/2024\/10\/WhatsApp-Image-2024-10-25-at-15.30.55-4.jpeg\" data-width=\"1200\" data-height=\"1600\" aria-label=\"\" role=\"img\" ><\/div>\n\t\t\t\t\t\t\t\t\t\t\t<div class=\"elementor-gallery-item__overlay\"><\/div>\n\t\t\t\t\t\t\t\t\t\t\t\t\t\t<\/a>\n\t\t\t\t\t\t\t<a class=\"e-gallery-item elementor-gallery-item elementor-animated-content\" href=\"https:\/\/www.artep.ro\/wp-content\/uploads\/2024\/10\/WhatsApp-Image-2024-10-25-at-15.30.55.jpeg\" data-elementor-open-lightbox=\"yes\" data-elementor-lightbox-slideshow=\"32a4567\" data-e-action-hash=\"#elementor-action%3Aaction%3Dlightbox%26settings%3DeyJpZCI6ODk2NSwidXJsIjoiaHR0cHM6XC9cL3d3dy5hcnRlcC5yb1wvd3AtY29udGVudFwvdXBsb2Fkc1wvMjAyNFwvMTBcL1doYXRzQXBwLUltYWdlLTIwMjQtMTAtMjUtYXQtMTUuMzAuNTUuanBlZyIsInNsaWRlc2hvdyI6IjMyYTQ1NjcifQ%3D%3D\">\n\t\t\t\t\t<div class=\"e-gallery-image elementor-gallery-item__image\" data-thumbnail=\"https:\/\/www.artep.ro\/wp-content\/uploads\/2024\/10\/WhatsApp-Image-2024-10-25-at-15.30.55.jpeg\" data-width=\"1512\" data-height=\"2016\" aria-label=\"\" role=\"img\" ><\/div>\n\t\t\t\t\t\t\t\t\t\t\t<div class=\"elementor-gallery-item__overlay\"><\/div>\n\t\t\t\t\t\t\t\t\t\t\t\t\t\t<\/a>\n\t\t\t\t\t\t\t<a class=\"e-gallery-item elementor-gallery-item elementor-animated-content\" href=\"https:\/\/www.artep.ro\/wp-content\/uploads\/2024\/10\/WhatsApp-Image-2024-10-25-at-15.32.26-1-scaled.jpeg\" data-elementor-open-lightbox=\"yes\" data-elementor-lightbox-slideshow=\"32a4567\" data-e-action-hash=\"#elementor-action%3Aaction%3Dlightbox%26settings%3DeyJpZCI6ODk2OSwidXJsIjoiaHR0cHM6XC9cL3d3dy5hcnRlcC5yb1wvd3AtY29udGVudFwvdXBsb2Fkc1wvMjAyNFwvMTBcL1doYXRzQXBwLUltYWdlLTIwMjQtMTAtMjUtYXQtMTUuMzIuMjYtMS1zY2FsZWQuanBlZyIsInNsaWRlc2hvdyI6IjMyYTQ1NjcifQ%3D%3D\">\n\t\t\t\t\t<div class=\"e-gallery-image elementor-gallery-item__image\" data-thumbnail=\"https:\/\/www.artep.ro\/wp-content\/uploads\/2024\/10\/WhatsApp-Image-2024-10-25-at-15.32.26-1-scaled.jpeg\" data-width=\"2560\" data-height=\"1915\" aria-label=\"\" role=\"img\" ><\/div>\n\t\t\t\t\t\t\t\t\t\t\t<div class=\"elementor-gallery-item__overlay\"><\/div>\n\t\t\t\t\t\t\t\t\t\t\t\t\t\t<\/a>\n\t\t\t\t\t\t\t<a class=\"e-gallery-item elementor-gallery-item elementor-animated-content\" href=\"https:\/\/www.artep.ro\/wp-content\/uploads\/2024\/10\/WhatsApp-Image-2024-10-25-at-15.32.26-scaled.jpeg\" data-elementor-open-lightbox=\"yes\" data-elementor-lightbox-slideshow=\"32a4567\" data-e-action-hash=\"#elementor-action%3Aaction%3Dlightbox%26settings%3DeyJpZCI6ODk3MCwidXJsIjoiaHR0cHM6XC9cL3d3dy5hcnRlcC5yb1wvd3AtY29udGVudFwvdXBsb2Fkc1wvMjAyNFwvMTBcL1doYXRzQXBwLUltYWdlLTIwMjQtMTAtMjUtYXQtMTUuMzIuMjYtc2NhbGVkLmpwZWciLCJzbGlkZXNob3ciOiIzMmE0NTY3In0%3D\">\n\t\t\t\t\t<div class=\"e-gallery-image elementor-gallery-item__image\" data-thumbnail=\"https:\/\/www.artep.ro\/wp-content\/uploads\/2024\/10\/WhatsApp-Image-2024-10-25-at-15.32.26-scaled.jpeg\" data-width=\"2560\" data-height=\"1915\" aria-label=\"\" role=\"img\" ><\/div>\n\t\t\t\t\t\t\t\t\t\t\t<div class=\"elementor-gallery-item__overlay\"><\/div>\n\t\t\t\t\t\t\t\t\t\t\t\t\t\t<\/a>\n\t\t\t\t\t<\/div>\n\t\t\t\t\t<\/div>\n\t\t\t\t<\/div>\n\t\t\t\t\t<\/div>\n\t\t\t\t<\/div>\n\t\t\t\t<\/div>","protected":false},"excerpt":{"rendered":"<p>8-19 octombrie 2024, Ia\u0219i, Rom\u00e2nia Daniel Neugebauer este educator\/curator\/manager cultural care locuie\u0219te \u00een Berlin. A coordonat departamentele de comunicare \u0219i educa\u021bie culturale la Haus der Kulturen der Welt (HKW) \u00een perioada 2018-2022. \u00cen 2023 s-a al\u0103turat echipei curatoriale a HKW coordonat\u0103 de Bonaventure Ndikung. Neugebauer a fost primul Connected World Senior Fellow la Vrije Universiteit [&hellip;]<\/p>\n","protected":false},"author":1,"featured_media":0,"parent":0,"menu_order":0,"comment_status":"closed","ping_status":"closed","template":"","meta":{"_acf_changed":false,"footnotes":""},"class_list":["post-8476","page","type-page","status-publish","hentry"],"acf":[],"_links":{"self":[{"href":"https:\/\/www.artep.ro\/en\/wp-json\/wp\/v2\/pages\/8476","targetHints":{"allow":["GET"]}}],"collection":[{"href":"https:\/\/www.artep.ro\/en\/wp-json\/wp\/v2\/pages"}],"about":[{"href":"https:\/\/www.artep.ro\/en\/wp-json\/wp\/v2\/types\/page"}],"author":[{"embeddable":true,"href":"https:\/\/www.artep.ro\/en\/wp-json\/wp\/v2\/users\/1"}],"replies":[{"embeddable":true,"href":"https:\/\/www.artep.ro\/en\/wp-json\/wp\/v2\/comments?post=8476"}],"version-history":[{"count":31,"href":"https:\/\/www.artep.ro\/en\/wp-json\/wp\/v2\/pages\/8476\/revisions"}],"predecessor-version":[{"id":8979,"href":"https:\/\/www.artep.ro\/en\/wp-json\/wp\/v2\/pages\/8476\/revisions\/8979"}],"wp:attachment":[{"href":"https:\/\/www.artep.ro\/en\/wp-json\/wp\/v2\/media?parent=8476"}],"curies":[{"name":"wp","href":"https:\/\/api.w.org\/{rel}","templated":true}]}}