{"id":8507,"date":"2024-08-12T10:21:24","date_gmt":"2024-08-12T10:21:24","guid":{"rendered":"https:\/\/www.artep.ro\/?page_id=8507"},"modified":"2024-11-05T14:40:01","modified_gmt":"2024-11-05T14:40:01","slug":"portretul-mostenirea-generala-a-unei-generatii-atelier-de-fotografie-sustinut-de-laura-capatana","status":"publish","type":"page","link":"https:\/\/www.artep.ro\/en\/portretul-mostenirea-generala-a-unei-generatii-atelier-de-fotografie-sustinut-de-laura-capatana\/","title":{"rendered":"Portretul &#8211; Mo\u0219tenirea vizual\u0103 a unei genera\u021bii. Atelier de fotografie sus\u021binut de Laura C\u0103p\u0103\u021b\u00e2n\u0103"},"content":{"rendered":"<div data-elementor-type=\"wp-page\" data-elementor-id=\"8507\" class=\"elementor elementor-8507\" data-elementor-post-type=\"page\">\n\t\t\t\t<div class=\"elementor-element elementor-element-5328855 e-flex e-con-boxed e-con e-parent\" data-id=\"5328855\" data-element_type=\"container\" data-e-type=\"container\">\n\t\t\t\t\t<div class=\"e-con-inner\">\n\t\t<div class=\"elementor-element elementor-element-e391133 e-con-full e-flex e-con e-child\" data-id=\"e391133\" data-element_type=\"container\" data-e-type=\"container\">\n\t\t\t\t<div class=\"elementor-element elementor-element-037d874 elementor-widget elementor-widget-text-editor\" data-id=\"037d874\" data-element_type=\"widget\" data-e-type=\"widget\" data-widget_type=\"text-editor.default\">\n\t\t\t\t<div class=\"elementor-widget-container\">\n\t\t\t\t\t\t\t\t\tPortretul &#8211; Mo\u0219tenirea General\u0103 a unei genera\u021bii. Atelier de fotografie sus\u021binut de Laura C\u0103p\u0103\u021b\u00e2n\u0103\t\t\t\t\t\t\t\t<\/div>\n\t\t\t\t<\/div>\n\t\t\t\t<div class=\"elementor-element elementor-element-faf0d5b elementor-widget elementor-widget-heading\" data-id=\"faf0d5b\" data-element_type=\"widget\" data-e-type=\"widget\" data-widget_type=\"heading.default\">\n\t\t\t\t<div class=\"elementor-widget-container\">\n\t\t\t\t\t<h2 class=\"elementor-heading-title elementor-size-default\"><a href=\"https:\/\/www.artep.ro\/en\/galerie-foto-portretul-mostenirea-generala-a-unei-generatii-atelier-de-fotografie-sustinut-de-laura-capatana\/\">\u00centreaga galerie foto poate fi vizualizat\u0103 aici. <\/a><\/h2>\t\t\t\t<\/div>\n\t\t\t\t<\/div>\n\t\t\t\t<\/div>\n\t\t<div class=\"elementor-element elementor-element-a16ccf7 e-con-full e-flex e-con e-child\" data-id=\"a16ccf7\" data-element_type=\"container\" data-e-type=\"container\">\n\t\t\t\t<\/div>\n\t\t\t\t\t<\/div>\n\t\t\t\t<\/div>\n\t\t<div class=\"elementor-element elementor-element-ffb895c e-flex e-con-boxed e-con e-parent\" data-id=\"ffb895c\" data-element_type=\"container\" data-e-type=\"container\">\n\t\t\t\t\t<div class=\"e-con-inner\">\n\t\t<div class=\"elementor-element elementor-element-ed7a5f5 e-con-full e-flex e-con e-child\" data-id=\"ed7a5f5\" data-element_type=\"container\" data-e-type=\"container\">\n\t\t\t\t<div class=\"elementor-element elementor-element-cdd0a86 elementor-widget elementor-widget-text-editor\" data-id=\"cdd0a86\" data-element_type=\"widget\" data-e-type=\"widget\" data-widget_type=\"text-editor.default\">\n\t\t\t\t<div class=\"elementor-widget-container\">\n\t\t\t\t\t\t\t\t\t<p>In 2024, at Artep Gallery Association the approach to research and archiving the intangible heritage of the town of \u0218ona, in Bra\u0219ov county is taken further. This approach is carried out in partnership with  \u0218tefan C\u00e2ltia Foundation, the Village Association \"\u021bona Noastra\", Monumentum Association, Renascendis Association, Soxen - KraftMade Association and F\u0103g\u0103ra\u0219 Research Institute. It is co-financed by the National Cultural Fund Administration (the second session \/2024, intangible cultural heritage area).<\/p><p>This year we are dedicating it to the development of the website of \u0218ona archive, with over 3000 photos, materials and documents schematised, detailed and artistically curated, available in both Romanian and English.<\/p><p>Because photography is the most accessible current resource for capturing the present<span class=\"Apple-converted-space\">\u00a0 <\/span>between 15th and 16th of August, 2024 we are organizing the photography workshop PORTRAIT - THE VISUAL HERITAGE OF A GENERATION, in \u0218ona, dedicated to the children of the village. We are focusing on portrait photography to make sure the children of \u0218ona can also leave their mark on how the present-turned-past will be rendered a century from now. The workshop will be coordinated by Laura C\u0103p\u0103t\u00e2n\u0103-Juller, documentary film director and journalist. Children will learn theoretical notions of portrait photography, correlated with field photography sessions.<\/p><p>Laura C\u0102P\u0102\u021a\u00c2N\u0102-JULLER is a documentary filmmaker, she writes and takes photographs for the publication she works with (\"Allgemeine Deutsche Zeitung f\u00fcr Rum\u00e4nien\"). Since she moved to Bra\u0219ov in 2016, she has been involved in the cultural life of the city, organizing and coordinating screenings and film festivals (\"One World Romania Documentary Film and Human Rights Festival\", \"Les Films de Cannes\", \"KineDok\" , \"UrbanEye FF\"). Laura has experience in working with children (she graduated from the German-language pedagogic high school in Sibiu) and has supported photography workshops with children between the ages of 4 and 16 for many years. Laura also tutors documentary filmmaking workshops for teenagers.<\/p><p>The photos taken by the children on the topic of family life during the workshop PORTRAIT - THE VISUAL HERITAGE OF A GENERATION will be printed in large sizes and exhibited in the village, in a unique collective exhibition, which can be admired by locals, tourists, passers-by starting the 31st of August until the summer of 2025.<\/p><p>On the 31st of August, the Night of the Museums takes place in the Village, and in \u0218ona, for the first time, the Archive House no. 221. This is a space dedicated to local stories, where there will be a photo and document scanning marathon throughout the day and night. This initiative aims to encourage other village initiative groups to start their own archives and to promote the beauty and value of old photographs. We invite visitors to come with old photos from the village or from \u0218ara F\u0103g\u0103ra\u0219ului to be scanned and to make a collective effort to identify the characters, in the spirit that has turned our \u0218ona into what it is and the Archive House into an open community.<\/p><p>Organizer: Artep Gallery Association<\/p><p>With the support of: the Administration of the National Cultural Fund<\/p><p>Partners: \u0218tefan C\u00e2ltia Foundation, \"\u0218ona Noastra\" Village Association, Monumentum Association, Renascendis Association, Soxen - KraftMade Association and F\u0103g\u0103ra\u0219 Research Institute<span class=\"Apple-converted-space\">\u00a0<\/span><\/p><p><i>The project does not necessarily represent the position of the National Cultural Fund Administration. AFCN is not responsible for the content of the project or how the works may be used. These are entirely the responsibility of the beneficiary of the funding.<\/i><\/p>\t\t\t\t\t\t\t\t<\/div>\n\t\t\t\t<\/div>\n\t\t\t\t<\/div>\n\t\t<div class=\"elementor-element elementor-element-ce54818 e-con-full e-flex e-con e-child\" data-id=\"ce54818\" data-element_type=\"container\" data-e-type=\"container\">\n\t\t\t\t<div class=\"elementor-element elementor-element-5cee025 elementor-widget elementor-widget-image\" data-id=\"5cee025\" data-element_type=\"widget\" data-e-type=\"widget\" data-widget_type=\"image.default\">\n\t\t\t\t<div class=\"elementor-widget-container\">\n\t\t\t\t\t\t\t\t\t\t\t\t\t\t\t<img fetchpriority=\"high\" decoding=\"async\" width=\"724\" height=\"1024\" src=\"https:\/\/www.artep.ro\/wp-content\/uploads\/2024\/08\/Sona-Atelier-Foto-AfisWeb-1-724x1024.jpg\" class=\"attachment-large size-large wp-image-8515\" alt=\"\" srcset=\"https:\/\/www.artep.ro\/wp-content\/uploads\/2024\/08\/Sona-Atelier-Foto-AfisWeb-1-724x1024.jpg 724w, https:\/\/www.artep.ro\/wp-content\/uploads\/2024\/08\/Sona-Atelier-Foto-AfisWeb-1-212x300.jpg 212w, https:\/\/www.artep.ro\/wp-content\/uploads\/2024\/08\/Sona-Atelier-Foto-AfisWeb-1-768x1086.jpg 768w, https:\/\/www.artep.ro\/wp-content\/uploads\/2024\/08\/Sona-Atelier-Foto-AfisWeb-1-1086x1536.jpg 1086w, https:\/\/www.artep.ro\/wp-content\/uploads\/2024\/08\/Sona-Atelier-Foto-AfisWeb-1-1448x2048.jpg 1448w, https:\/\/www.artep.ro\/wp-content\/uploads\/2024\/08\/Sona-Atelier-Foto-AfisWeb-1-8x12.jpg 8w, https:\/\/www.artep.ro\/wp-content\/uploads\/2024\/08\/Sona-Atelier-Foto-AfisWeb-1-600x848.jpg 600w, https:\/\/www.artep.ro\/wp-content\/uploads\/2024\/08\/Sona-Atelier-Foto-AfisWeb-1-scaled.jpg 1811w\" sizes=\"(max-width: 724px) 100vw, 724px\" \/>\t\t\t\t\t\t\t\t\t\t\t\t\t\t\t<\/div>\n\t\t\t\t<\/div>\n\t\t\t\t<\/div>\n\t\t\t\t\t<\/div>\n\t\t\t\t<\/div>\n\t\t\t\t<\/div>","protected":false},"excerpt":{"rendered":"<p>Portretul &#8211; Mo\u0219tenirea General\u0103 a unei genera\u021bii. Atelier de fotografie sus\u021binut de Laura C\u0103p\u0103\u021b\u00e2n\u0103 \u00centreaga galerie foto poate fi vizualizat\u0103 aici. \u00cen 2024, Asocia\u021bia Galeria Artep, aprofundeaz\u0103 demersul de cercetare \u0219i arhivare a patrimoniului imaterial din localitatea \u0218ona, jude\u021bul Bra\u0219ov, demers derulat \u00een parteneriat cu Funda\u021bia \u0218tefan C\u00e2l\u021bia, Asocia\u021bia S\u0103teasc\u0103 \u201e\u0218ona Noastr\u0103\u201d, Asocia\u021bia Monumentum, Asocia\u021bia [&hellip;]<\/p>\n","protected":false},"author":1,"featured_media":0,"parent":0,"menu_order":0,"comment_status":"closed","ping_status":"closed","template":"","meta":{"_acf_changed":false,"footnotes":""},"class_list":["post-8507","page","type-page","status-publish","hentry"],"acf":[],"_links":{"self":[{"href":"https:\/\/www.artep.ro\/en\/wp-json\/wp\/v2\/pages\/8507","targetHints":{"allow":["GET"]}}],"collection":[{"href":"https:\/\/www.artep.ro\/en\/wp-json\/wp\/v2\/pages"}],"about":[{"href":"https:\/\/www.artep.ro\/en\/wp-json\/wp\/v2\/types\/page"}],"author":[{"embeddable":true,"href":"https:\/\/www.artep.ro\/en\/wp-json\/wp\/v2\/users\/1"}],"replies":[{"embeddable":true,"href":"https:\/\/www.artep.ro\/en\/wp-json\/wp\/v2\/comments?post=8507"}],"version-history":[{"count":20,"href":"https:\/\/www.artep.ro\/en\/wp-json\/wp\/v2\/pages\/8507\/revisions"}],"predecessor-version":[{"id":9111,"href":"https:\/\/www.artep.ro\/en\/wp-json\/wp\/v2\/pages\/8507\/revisions\/9111"}],"wp:attachment":[{"href":"https:\/\/www.artep.ro\/en\/wp-json\/wp\/v2\/media?parent=8507"}],"curies":[{"name":"wp","href":"https:\/\/api.w.org\/{rel}","templated":true}]}}