{"id":8522,"date":"2024-08-15T13:48:49","date_gmt":"2024-08-15T13:48:49","guid":{"rendered":"https:\/\/www.artep.ro\/?page_id=8522"},"modified":"2024-10-01T12:54:55","modified_gmt":"2024-10-01T12:54:55","slug":"expozitia-utopian-body-un-babilon-de-chipuri-pictate-de-claudiu-ciobanu","status":"publish","type":"page","link":"https:\/\/www.artep.ro\/en\/expozitia-utopian-body-un-babilon-de-chipuri-pictate-de-claudiu-ciobanu\/","title":{"rendered":"Utopian Body"},"content":{"rendered":"<div data-elementor-type=\"wp-page\" data-elementor-id=\"8522\" class=\"elementor elementor-8522\" data-elementor-post-type=\"page\">\n\t\t\t\t<div class=\"elementor-element elementor-element-5328855 e-flex e-con-boxed e-con e-parent\" data-id=\"5328855\" data-element_type=\"container\" data-e-type=\"container\">\n\t\t\t\t\t<div class=\"e-con-inner\">\n\t\t<div class=\"elementor-element elementor-element-e391133 e-con-full e-flex e-con e-child\" data-id=\"e391133\" data-element_type=\"container\" data-e-type=\"container\">\n\t\t\t\t<div class=\"elementor-element elementor-element-037d874 elementor-widget elementor-widget-text-editor\" data-id=\"037d874\" data-element_type=\"widget\" data-e-type=\"widget\" data-widget_type=\"text-editor.default\">\n\t\t\t\t<div class=\"elementor-widget-container\">\n\t\t\t\t\t\t\t\t\tExpozi\u021bia UTOPIAN BODY \u2013 un babilon de chipuri pictate de Claudiu Ciobanu\t\t\t\t\t\t\t\t<\/div>\n\t\t\t\t<\/div>\n\t\t\t\t<\/div>\n\t\t\t\t\t<\/div>\n\t\t\t\t<\/div>\n\t\t<div class=\"elementor-element elementor-element-ffb895c e-flex e-con-boxed e-con e-parent\" data-id=\"ffb895c\" data-element_type=\"container\" data-e-type=\"container\">\n\t\t\t\t\t<div class=\"e-con-inner\">\n\t\t<div class=\"elementor-element elementor-element-ed7a5f5 e-con-full e-flex e-con e-child\" data-id=\"ed7a5f5\" data-element_type=\"container\" data-e-type=\"container\">\n\t\t\t\t<div class=\"elementor-element elementor-element-cdd0a86 elementor-widget elementor-widget-text-editor\" data-id=\"cdd0a86\" data-element_type=\"widget\" data-e-type=\"widget\" data-widget_type=\"text-editor.default\">\n\t\t\t\t<div class=\"elementor-widget-container\">\n\t\t\t\t\t\t\t\t\t<p>Vino \u00een perioada <b>10 septembrie \u2013 26 octombrie<\/b> <b>2024<\/b>, la Galeria Artep din Ia\u0219i, la expozi\u021bia UTOPIAN BODY, pentru o interpretare inedit\u0103 a identit\u0103\u021bii din perspectiva artistului Claudiu Ciobanu.<span class=\"Apple-converted-space\">\u00a0<\/span><\/p>\t\t\t\t\t\t\t\t<\/div>\n\t\t\t\t<\/div>\n\t\t\t\t<div class=\"elementor-element elementor-element-8c7b0a8 elementor-widget elementor-widget-text-editor\" data-id=\"8c7b0a8\" data-element_type=\"widget\" data-e-type=\"widget\" data-widget_type=\"text-editor.default\">\n\t\t\t\t<div class=\"elementor-widget-container\">\n\t\t\t\t\t\t\t\t\t\u201eClaudiu Ciobanu analizeaz\u0103 \u0219i reflect\u0103 at\u00e2t modalit\u0103\u021bile de reprezentare, c\u00e2t \u0219i tipurile de discurs, construind propria utopie prin alegerea de a picta doar capete \u2013 simboluri ale min\u021bii. Aceste capete sunt lipsite de v\u00e2rst\u0103, gen, ras\u0103 sau tr\u0103s\u0103turi distinctive, servind drept o p\u00e2nz\u0103 universal\u0103 pentru interpretarea privitorului. Ele sunt neutre, suger\u00e2nd faptul c\u0103 mintea este generatorul tuturor conexiunilor, percep\u021biilor \u0219i identit\u0103\u021bilor. (&#8230;) \u00cen UTOPIAN BODY, Claudiu Ciobanu ne invit\u0103 s\u0103 privim dincolo de dimensiunea noastr\u0103 material\u0103, s\u0103 p\u0103trundem \u00een ochiul min\u021bii \u0219i s\u0103 descoperim esen\u021ba adev\u0103rat\u0103 a umanit\u0103\u021bii noastre \u2013 fragil\u0103 \u0219i puternic\u0103, vulnerabil\u0103 \u0219i capabil\u0103\u201d, detaliaz\u0103 curatoarea expozi\u021biei, Cristiana Ursache.\t\t\t\t\t\t\t\t<\/div>\n\t\t\t\t<\/div>\n\t\t\t\t<div class=\"elementor-element elementor-element-e877eeb elementor-widget elementor-widget-text-editor\" data-id=\"e877eeb\" data-element_type=\"widget\" data-e-type=\"widget\" data-widget_type=\"text-editor.default\">\n\t\t\t\t<div class=\"elementor-widget-container\">\n\t\t\t\t\t\t\t\t\tClaudiu Ciobanu face parte din t\u00e2n\u0103ra genera\u021bie de arti\u0219ti ie\u0219eni, fiind absolvent al Facult\u0103\u0163ii de Arte Vizuale \u015fi Design, Uiversitate Na\u021bional\u0103 de Art\u0103 \u201eGeorge Enescu\u201d din Ia\u015fi. A urmat studii de pictur\u0103 prin programul Erasmus, la Universidad de Salamanca, Spania, unde a descoperit tehnici de pictur\u0103 \u0219i desen experimental. Studiile din Spania s-au finalizat cu un proiect expozi\u021bional de desene care a fost selectat ulterior \u00een 2009 pentru expozi\u021bia Young Romanian Art 10, \u201eSlightly bored\u201d, curatoriat\u0103 de Mircea Nicolae la Galeria Nou\u0103, Institutul Cultural Rom\u00e2n de la Vene\u021bia. A participat \u00een diferite proiecte at\u00e2t na\u021bionale, c\u00e2t \u0219i interna\u021bionale, fiind prezent \u00een expozi\u021bii din Israel, Washington, Berlin, Viena. \u00cen 2022 a prezentat la Galeria Artep, SOLARIS, o instala\u021bie de art\u0103 curatoriat\u0103 de Cristian Nae, iar \u00een 2023, Memento Vivere, expozi\u021bia de art\u0103 curatoriat\u0103 de Cristiana Ursache fiind g\u0103zduit\u0103 la ICR Viena. Claudiu Ciobanu, n\u0103scut \u00een 1984, tr\u0103ie\u0219te \u0219i lucreaz\u0103 \u00een Ia\u0219i.\t\t\t\t\t\t\t\t<\/div>\n\t\t\t\t<\/div>\n\t\t\t\t<div class=\"elementor-element elementor-element-79b4d46 elementor-widget elementor-widget-text-editor\" data-id=\"79b4d46\" data-element_type=\"widget\" data-e-type=\"widget\" data-widget_type=\"text-editor.default\">\n\t\t\t\t<div class=\"elementor-widget-container\">\n\t\t\t\t\t\t\t\t\tCristiana Ursache este curatoare la Galeria Artep din Ia\u0219i. A absolvit studiile de licen\u021b\u0103 \u0219i master la Universitatea de Arte \u201eGeorge Enescu\u201d Ia\u0219i, la Istoria \u0219i Teoria Artei \u0219i  Teorii \u0219i Practici \u00een Artele Vizuale. \u00cen prezent desf\u0103\u0219oar\u0103 o cercetare \u00een cadrul \u0219colii doctorale de la aceea\u0219i universitate, av\u00e2nd ca obiect de studiu practicile curatoriale din Rom\u00e2nia \u00een intervalul 2000-2023. \u00cen trecut a urmat cursuri la universit\u0103\u021bi din Spania \u0219i Elve\u021bia, la Escuela de Arte de Sevilla prin programul de Burse de Studii Erasmus+ \u0219i la Zurich University of the Arts, aprofund\u00e2nd cursul The Emancipated Audience \u2013 Experiential Curatorial Knowledge Production. A curatoriat expozi\u021bii \u00een \u021bar\u0103 \u0219i \u00een str\u0103in\u0103tate ale unor arti\u0219ti precum: \u0218tefan C\u00e2l\u021bia, Sorin Ilfoveanu, Claudiu Ciobanu \u0219i Miruna Radovici. \u00cen vara anului 2022 a avut rolul de mediator cultural la Pavilionul Rom\u00e2niei din cadrul edi\u021biei 59 a Bienalei de la Vene\u021bia.\n\t\t\t\t\t\t\t\t<\/div>\n\t\t\t\t<\/div>\n\t\t\t\t<div class=\"elementor-element elementor-element-033ff20 elementor-widget elementor-widget-text-editor\" data-id=\"033ff20\" data-element_type=\"widget\" data-e-type=\"widget\" data-widget_type=\"text-editor.default\">\n\t\t\t\t<div class=\"elementor-widget-container\">\n\t\t\t\t\t\t\t\t\tExpozi\u021bia este rezultatul cercet\u0103rii derulate de artistul Claudiu Ciobanu pe tema body politics, \u00een cadrul proiectului Reziden\u021ba Artistic\u0103 110, dezvoltat de Asocia\u021bia Galeria Artep \u0219i co-finan\u021bat de Administra\u021bia Fondului Cultural Na\u021bional (AFCN), dedicat dezvolt\u0103rii de reziden\u021be de crea\u021bie pentru arti\u0219ti \u0219i curatori din Ia\u0219i \u0219i Berlin. Programul de reziden\u021be artistice derulat pe parcursul anului 2024 are la baz\u0103 parteneriatul specific dintre institu\u021bia ie\u0219ean\u0103 Asocia\u021bia Galeria Artep \u0219i institu\u021bia berlinez\u0103 Haus der Kulturen der Welt (Casa Culturilor Lumii).\t\t\t\t\t\t\t\t<\/div>\n\t\t\t\t<\/div>\n\t\t\t\t<div class=\"elementor-element elementor-element-7d2da1b elementor-widget elementor-widget-text-editor\" data-id=\"7d2da1b\" data-element_type=\"widget\" data-e-type=\"widget\" data-widget_type=\"text-editor.default\">\n\t\t\t\t<div class=\"elementor-widget-container\">\n\t\t\t\t\t\t\t\t\tDin 2018, Galeria Artep aduce \u00een aten\u021bia publicului ie\u0219ean cei mai aprecia\u021bi arti\u0219ti vizuali rom\u00e2ni, \u00een instala\u021bii de pictur\u0103, sculptur\u0103 \u0219i fotografie coordonate de curatori pasiona\u021bi, instala\u021bii corelate cu film de autor, cercetare \u0219i o abordare convergent\u0103 asupra domeniului. Galeria Artep a propus publicului ie\u0219ean o serie impresionant\u0103 de arti\u0219ti vizuali, precum: Felix Aftene (2018, 2020) \u0218tefan C\u00e2l\u021bia (2019, 2020, 2021, 2022), Virgil Scripcariu (2019), Mark Verlan \u0219i Ghenadie Popescu (2020), Matei Bejenaru (2021), Nicu Ilfoveanu (2021), Claudiu Ciobanu (2022, 2023 la ICR Viena), Miruna Radovici (2022), Sorin Ilfoveanu (2022\/2023), Radu Carnariu (2023), Andrei Gavrili\u021ba (2023), \u00c5sa Sonjasdotter (2024). \t\t\t\t\t\t\t\t<\/div>\n\t\t\t\t<\/div>\n\t\t\t\t<div class=\"elementor-element elementor-element-cc96ffe elementor-widget elementor-widget-text-editor\" data-id=\"cc96ffe\" data-element_type=\"widget\" data-e-type=\"widget\" data-widget_type=\"text-editor.default\">\n\t\t\t\t<div class=\"elementor-widget-container\">\n\t\t\t\t\t\t\t\t\tOrganizer: Artep Gallery Association\nMain partner: Haus der Kulturen der Welt\nPartners: \"George Enescu\" National University of Arts in Ia\u0219i, Institute for Multidisciplinary Research in Art, PROPAGARTA, Empower Artists, Modernism, PIN Magazine, Destination Ia\u0219i\nCultural project co-financed by the Administration of the National Cultural Fund\t\t\t\t\t\t\t\t<\/div>\n\t\t\t\t<\/div>\n\t\t\t\t<div class=\"elementor-element elementor-element-445ce73 elementor-widget elementor-widget-text-editor\" data-id=\"445ce73\" data-element_type=\"widget\" data-e-type=\"widget\" data-widget_type=\"text-editor.default\">\n\t\t\t\t<div class=\"elementor-widget-container\">\n\t\t\t\t\t\t\t\t\tThe project does not necessarily represent the position of the National Cultural Fund Administration. AFCN is not responsible for the content of the project or how the works may be used. These are entirely the responsibility of the beneficiary of the funding.\n\t\t\t\t\t\t\t\t<\/div>\n\t\t\t\t<\/div>\n\t\t\t\t<\/div>\n\t\t<div class=\"elementor-element elementor-element-965ac76 e-con-full e-flex e-con e-child\" data-id=\"965ac76\" data-element_type=\"container\" data-e-type=\"container\">\n\t\t\t\t<div class=\"elementor-element elementor-element-e1cfed6 elementor-widget elementor-widget-image\" data-id=\"e1cfed6\" data-element_type=\"widget\" data-e-type=\"widget\" data-widget_type=\"image.default\">\n\t\t\t\t<div class=\"elementor-widget-container\">\n\t\t\t\t\t\t\t\t\t\t\t\t\t\t\t<img fetchpriority=\"high\" decoding=\"async\" width=\"724\" height=\"1024\" src=\"https:\/\/www.artep.ro\/wp-content\/uploads\/2024\/09\/UtopianBody-AfisWeb-724x1024.jpg\" class=\"attachment-large size-large wp-image-8651\" alt=\"\" srcset=\"https:\/\/www.artep.ro\/wp-content\/uploads\/2024\/09\/UtopianBody-AfisWeb-724x1024.jpg 724w, https:\/\/www.artep.ro\/wp-content\/uploads\/2024\/09\/UtopianBody-AfisWeb-212x300.jpg 212w, https:\/\/www.artep.ro\/wp-content\/uploads\/2024\/09\/UtopianBody-AfisWeb-768x1086.jpg 768w, https:\/\/www.artep.ro\/wp-content\/uploads\/2024\/09\/UtopianBody-AfisWeb-1086x1536.jpg 1086w, https:\/\/www.artep.ro\/wp-content\/uploads\/2024\/09\/UtopianBody-AfisWeb-1448x2048.jpg 1448w, https:\/\/www.artep.ro\/wp-content\/uploads\/2024\/09\/UtopianBody-AfisWeb-8x12.jpg 8w, https:\/\/www.artep.ro\/wp-content\/uploads\/2024\/09\/UtopianBody-AfisWeb-600x848.jpg 600w, https:\/\/www.artep.ro\/wp-content\/uploads\/2024\/09\/UtopianBody-AfisWeb-scaled.jpg 1811w\" sizes=\"(max-width: 724px) 100vw, 724px\" \/>\t\t\t\t\t\t\t\t\t\t\t\t\t\t\t<\/div>\n\t\t\t\t<\/div>\n\t\t\t\t<\/div>\n\t\t\t\t\t<\/div>\n\t\t\t\t<\/div>\n\t\t\t\t<\/div>","protected":false},"excerpt":{"rendered":"<p>Expozi\u021bia UTOPIAN BODY \u2013 un babilon de chipuri pictate de Claudiu Ciobanu Vino \u00een perioada 10 septembrie \u2013 26 octombrie 2024, la Galeria Artep din Ia\u0219i, la expozi\u021bia UTOPIAN BODY, pentru o interpretare inedit\u0103 a identit\u0103\u021bii din perspectiva artistului Claudiu Ciobanu.\u00a0 \u201eClaudiu Ciobanu analizeaz\u0103 \u0219i reflect\u0103 at\u00e2t modalit\u0103\u021bile de reprezentare, c\u00e2t \u0219i tipurile de discurs, [&hellip;]<\/p>\n","protected":false},"author":1,"featured_media":0,"parent":0,"menu_order":0,"comment_status":"closed","ping_status":"closed","template":"","meta":{"_acf_changed":false,"footnotes":""},"class_list":["post-8522","page","type-page","status-publish","hentry"],"acf":[],"_links":{"self":[{"href":"https:\/\/www.artep.ro\/en\/wp-json\/wp\/v2\/pages\/8522","targetHints":{"allow":["GET"]}}],"collection":[{"href":"https:\/\/www.artep.ro\/en\/wp-json\/wp\/v2\/pages"}],"about":[{"href":"https:\/\/www.artep.ro\/en\/wp-json\/wp\/v2\/types\/page"}],"author":[{"embeddable":true,"href":"https:\/\/www.artep.ro\/en\/wp-json\/wp\/v2\/users\/1"}],"replies":[{"embeddable":true,"href":"https:\/\/www.artep.ro\/en\/wp-json\/wp\/v2\/comments?post=8522"}],"version-history":[{"count":51,"href":"https:\/\/www.artep.ro\/en\/wp-json\/wp\/v2\/pages\/8522\/revisions"}],"predecessor-version":[{"id":8730,"href":"https:\/\/www.artep.ro\/en\/wp-json\/wp\/v2\/pages\/8522\/revisions\/8730"}],"wp:attachment":[{"href":"https:\/\/www.artep.ro\/en\/wp-json\/wp\/v2\/media?parent=8522"}],"curies":[{"name":"wp","href":"https:\/\/api.w.org\/{rel}","templated":true}]}}