{"id":8640,"date":"2024-10-01T12:56:53","date_gmt":"2024-10-01T12:56:53","guid":{"rendered":"https:\/\/www.artep.ro\/?page_id=8640"},"modified":"2024-10-01T12:56:53","modified_gmt":"2024-10-01T12:56:53","slug":"program-de-mentorat-in-cadrul-proiecutlui-rezidenta-artistica-110","status":"publish","type":"page","link":"https:\/\/www.artep.ro\/en\/program-de-mentorat-in-cadrul-proiecutlui-rezidenta-artistica-110\/","title":{"rendered":"Mentoring Program within the Artistic Residency 110 Project"},"content":{"rendered":"<div data-elementor-type=\"wp-page\" data-elementor-id=\"8640\" class=\"elementor elementor-8640\" data-elementor-post-type=\"page\">\n\t\t\t\t<div class=\"elementor-element elementor-element-5328855 e-flex e-con-boxed e-con e-parent\" data-id=\"5328855\" data-element_type=\"container\" data-e-type=\"container\">\n\t\t\t\t\t<div class=\"e-con-inner\">\n\t\t<div class=\"elementor-element elementor-element-e391133 e-con-full e-flex e-con e-child\" data-id=\"e391133\" data-element_type=\"container\" data-e-type=\"container\">\n\t\t\t\t<div class=\"elementor-element elementor-element-037d874 elementor-widget elementor-widget-text-editor\" data-id=\"037d874\" data-element_type=\"widget\" data-e-type=\"widget\" data-widget_type=\"text-editor.default\">\n\t\t\t\t<div class=\"elementor-widget-container\">\n\t\t\t\t\t\t\t\t\tMentoring Program within the Artistic Residency 110 Project\n\t\t\t\t\t\t\t\t<\/div>\n\t\t\t\t<\/div>\n\t\t\t\t<\/div>\n\t\t\t\t\t<\/div>\n\t\t\t\t<\/div>\n\t\t<div class=\"elementor-element elementor-element-ffb895c e-flex e-con-boxed e-con e-parent\" data-id=\"ffb895c\" data-element_type=\"container\" data-e-type=\"container\">\n\t\t\t\t\t<div class=\"e-con-inner\">\n\t\t<div class=\"elementor-element elementor-element-ed7a5f5 e-con-full e-flex e-con e-child\" data-id=\"ed7a5f5\" data-element_type=\"container\" data-e-type=\"container\">\n\t\t\t\t<div class=\"elementor-element elementor-element-cdd0a86 elementor-widget elementor-widget-text-editor\" data-id=\"cdd0a86\" data-element_type=\"widget\" data-e-type=\"widget\" data-widget_type=\"text-editor.default\">\n\t\t\t\t<div class=\"elementor-widget-container\">\n\t\t\t\t\t\t\t\t\tAs part of the 110 Artistic Residency project, young artist Andrei Gavrili\u021ba will deepen the research conducted in Berlin from May 11-22, 2024, through online mentoring sessions. These sessions are aimed at strengthening the young artist's knowledge both on the residency theme, Body Politics, and in developing his artistic practice \u2013 photography. His mentors for the June-July 2024 period will be artists Laura Letinsky and Mark Power.\nThe 110 Artistic Residency is a program developed by the Artep Gallery Association, in partnership with the Berlin-based institution Haus der Kulturen der Welt (House of World Cultures), and co-financed by the Administration of the National Cultural Fund (AFCN).\n\t\t\t\t\t\t\t\t<\/div>\n\t\t\t\t<\/div>\n\t\t\t\t<\/div>\n\t\t\t\t\t<\/div>\n\t\t\t\t<\/div>\n\t\t<div class=\"elementor-element elementor-element-36fac00 e-flex e-con-boxed e-con e-parent\" data-id=\"36fac00\" data-element_type=\"container\" data-e-type=\"container\">\n\t\t\t\t\t<div class=\"e-con-inner\">\n\t\t\t\t<div class=\"elementor-element elementor-element-e6d870f elementor-widget-divider--view-line elementor-widget elementor-widget-divider\" data-id=\"e6d870f\" data-element_type=\"widget\" data-e-type=\"widget\" data-widget_type=\"divider.default\">\n\t\t\t\t<div class=\"elementor-widget-container\">\n\t\t\t\t\t\t\t<div class=\"elementor-divider\">\n\t\t\t<span class=\"elementor-divider-separator\">\n\t\t\t\t\t\t<\/span>\n\t\t<\/div>\n\t\t\t\t\t\t<\/div>\n\t\t\t\t<\/div>\n\t\t\t\t\t<\/div>\n\t\t\t\t<\/div>\n\t\t<div class=\"elementor-element elementor-element-afa4d3f e-flex e-con-boxed e-con e-parent\" data-id=\"afa4d3f\" data-element_type=\"container\" data-e-type=\"container\">\n\t\t\t\t\t<div class=\"e-con-inner\">\n\t\t<div class=\"elementor-element elementor-element-233ed59 e-con-full e-flex e-con e-child\" data-id=\"233ed59\" data-element_type=\"container\" data-e-type=\"container\">\n\t\t\t\t<div class=\"elementor-element elementor-element-1a9d4ca elementor-widget elementor-widget-text-editor\" data-id=\"1a9d4ca\" data-element_type=\"widget\" data-e-type=\"widget\" data-widget_type=\"text-editor.default\">\n\t\t\t\t<div class=\"elementor-widget-container\">\n\t\t\t\t\t\t\t\t\tLaura Letinsky has a BFA from the University of Manitoba, Winnipeg, Canada, and her MFA in Photography from Yale University\u2019s School of Art, Letinsky has been a Professor at the University of Chicago since 1994. She shows with Yancey Richardson Gallery, NYC, and Document, Chicago, and exhibits internationally including PhotoEspana, Madrid, the Israeli International Photography Festival, Mumbai Photography Festival, Mumbai, India, MIT, Cambridge, MA,Basel Design, The Photographers Gallery, London, and , Denver Art Museum, CO. \nAwards include the Maison Dora Maar, France; Canada Council International Residency, Kunstlerhaus Bethanien, Berlin, The Canada Council Project Grants, The Anonymous Was a Woman Award, and the John Simon Guggenheim Fellowship, and her work is published in monographs and catalogues such as To Want For Nothing, Roman Nvmerals, 2019, Time\u2019s Assignation, Radius Books, 2017, Ill Form and Void Full, Radius Books, 2014, Feast, Smart Museum of Art, UC Press, 2013, After All, Damiani, 2010, Hardly More Than Ever, Renaissance Society, 2004, Blink, Phaidon Press, 2002, and Venus Inferred, University of Chicago Press, 2000.\n\t\t\t\t\t\t\t\t<\/div>\n\t\t\t\t<\/div>\n\t\t\t\t<div class=\"elementor-element elementor-element-67451e5 elementor-widget elementor-widget-image\" data-id=\"67451e5\" data-element_type=\"widget\" data-e-type=\"widget\" data-widget_type=\"image.default\">\n\t\t\t\t<div class=\"elementor-widget-container\">\n\t\t\t\t\t\t\t\t\t\t\t\t\t\t\t<img fetchpriority=\"high\" decoding=\"async\" width=\"800\" height=\"450\" src=\"https:\/\/www.artep.ro\/wp-content\/uploads\/2024\/08\/SS-mentorat-Laura-1024x576.jpg\" class=\"attachment-large size-large wp-image-8535\" alt=\"\" srcset=\"https:\/\/www.artep.ro\/wp-content\/uploads\/2024\/08\/SS-mentorat-Laura-1024x576.jpg 1024w, https:\/\/www.artep.ro\/wp-content\/uploads\/2024\/08\/SS-mentorat-Laura-300x169.jpg 300w, https:\/\/www.artep.ro\/wp-content\/uploads\/2024\/08\/SS-mentorat-Laura-768x432.jpg 768w, https:\/\/www.artep.ro\/wp-content\/uploads\/2024\/08\/SS-mentorat-Laura-1536x864.jpg 1536w, https:\/\/www.artep.ro\/wp-content\/uploads\/2024\/08\/SS-mentorat-Laura-18x10.jpg 18w, https:\/\/www.artep.ro\/wp-content\/uploads\/2024\/08\/SS-mentorat-Laura-600x338.jpg 600w, https:\/\/www.artep.ro\/wp-content\/uploads\/2024\/08\/SS-mentorat-Laura.jpg 1920w\" sizes=\"(max-width: 800px) 100vw, 800px\" \/>\t\t\t\t\t\t\t\t\t\t\t\t\t\t\t<\/div>\n\t\t\t\t<\/div>\n\t\t\t\t<\/div>\n\t\t<div class=\"elementor-element elementor-element-e28e51d e-con-full e-flex e-con e-child\" data-id=\"e28e51d\" data-element_type=\"container\" data-e-type=\"container\">\n\t\t\t\t<div class=\"elementor-element elementor-element-43e9ad2 elementor-widget elementor-widget-image\" data-id=\"43e9ad2\" data-element_type=\"widget\" data-e-type=\"widget\" data-widget_type=\"image.default\">\n\t\t\t\t<div class=\"elementor-widget-container\">\n\t\t\t\t\t\t\t\t\t\t\t\t\t\t\t<img decoding=\"async\" width=\"800\" height=\"1000\" src=\"https:\/\/www.artep.ro\/wp-content\/uploads\/2024\/08\/Laura-Letinsky-819x1024.jpg\" class=\"attachment-large size-large wp-image-8524\" alt=\"\" srcset=\"https:\/\/www.artep.ro\/wp-content\/uploads\/2024\/08\/Laura-Letinsky-819x1024.jpg 819w, https:\/\/www.artep.ro\/wp-content\/uploads\/2024\/08\/Laura-Letinsky-240x300.jpg 240w, https:\/\/www.artep.ro\/wp-content\/uploads\/2024\/08\/Laura-Letinsky-768x961.jpg 768w, https:\/\/www.artep.ro\/wp-content\/uploads\/2024\/08\/Laura-Letinsky-1228x1536.jpg 1228w, https:\/\/www.artep.ro\/wp-content\/uploads\/2024\/08\/Laura-Letinsky-10x12.jpg 10w, https:\/\/www.artep.ro\/wp-content\/uploads\/2024\/08\/Laura-Letinsky-600x750.jpg 600w, https:\/\/www.artep.ro\/wp-content\/uploads\/2024\/08\/Laura-Letinsky.jpg 1500w\" sizes=\"(max-width: 800px) 100vw, 800px\" \/>\t\t\t\t\t\t\t\t\t\t\t\t\t\t\t<\/div>\n\t\t\t\t<\/div>\n\t\t\t\t<\/div>\n\t\t\t\t\t<\/div>\n\t\t\t\t<\/div>\n\t\t<div class=\"elementor-element elementor-element-bdb6825 e-flex e-con-boxed e-con e-parent\" data-id=\"bdb6825\" data-element_type=\"container\" data-e-type=\"container\">\n\t\t\t\t\t<div class=\"e-con-inner\">\n\t\t\t\t<div class=\"elementor-element elementor-element-2217b48 elementor-widget-divider--view-line elementor-widget elementor-widget-divider\" data-id=\"2217b48\" data-element_type=\"widget\" data-e-type=\"widget\" data-widget_type=\"divider.default\">\n\t\t\t\t<div class=\"elementor-widget-container\">\n\t\t\t\t\t\t\t<div class=\"elementor-divider\">\n\t\t\t<span class=\"elementor-divider-separator\">\n\t\t\t\t\t\t<\/span>\n\t\t<\/div>\n\t\t\t\t\t\t<\/div>\n\t\t\t\t<\/div>\n\t\t\t\t\t<\/div>\n\t\t\t\t<\/div>\n\t\t<div class=\"elementor-element elementor-element-941fbb2 e-flex e-con-boxed e-con e-parent\" data-id=\"941fbb2\" data-element_type=\"container\" data-e-type=\"container\">\n\t\t\t\t\t<div class=\"e-con-inner\">\n\t\t<div class=\"elementor-element elementor-element-8279c0e e-con-full e-flex e-con e-child\" data-id=\"8279c0e\" data-element_type=\"container\" data-e-type=\"container\">\n\t\t\t\t<div class=\"elementor-element elementor-element-b0f9dca elementor-widget elementor-widget-text-editor\" data-id=\"b0f9dca\" data-element_type=\"widget\" data-e-type=\"widget\" data-widget_type=\"text-editor.default\">\n\t\t\t\t<div class=\"elementor-widget-container\">\n\t\t\t\t\t\t\t\t\tMark Power\u2019s complex, meticulously crafted images - usually made with large format cameras - have earned him a reputation as one of the forerunners of British photography. For many years his work has been seen in numerous galleries and museums across the world, and is in several important collections, both public and private. However, Power considers himself to be primarily a book maker, and to date he has published fifteen: The Shipping Forecast (1996), a poetic response to the esoteric language of daily maritime weather reports; Superstructure (2000), a documentation of the construction of London's Millennium Dome; The Treasury Project (2002), about the restoration of a nineteenth- century historical monument: 26 Different Endings (2007), which depicts those landscapes unlucky enough to fall just off the edge of the London A-Z, a map which could be said to define the boundaries of the British capital; The Sound of Two Songs (2010), the culmination of his five year project set in contemporary Poland following her accession to the European Union; Mass (2013), an investigation into the power and wealth of the Polish Catholic church; Die Mauer ist Weg! (2014), about chance and choice when confronted, accidentally, with a major news event - in this case the fall of the Berlin Wall; Destroying the Laboratory for the Sake of the Experiment (2016), a collaboration with the poet Daniel Cockrill about pre-Brexit England; Icebreaker (2018) which documents two Finnish ships operating in the Bay of Bothnia; Terre a l\u2019Amende (2021), the result of an artist-in- residency programme in the Channel Island of Guernsey, and the five-book, work-in- progress series, Good Morning, America, Volumes I (2018), II (2019), III (2020) and IV (2023). A revised and much-expanded version of his first book, The Shipping Forecast was published in 2022.\nPower taught at the University of Brighton from 1992 until 2017, first as a Senior Lecturer, then as the Professor of Photography. He joined Magnum as a nominee in 2002, becoming a full member in 2007. He lives in Brighton, on the south coast of England, with his wife Jo and their dog Kodak.\n\t\t\t\t\t\t\t\t<\/div>\n\t\t\t\t<\/div>\n\t\t\t\t<div class=\"elementor-element elementor-element-326aef8 elementor-widget elementor-widget-image\" data-id=\"326aef8\" data-element_type=\"widget\" data-e-type=\"widget\" data-widget_type=\"image.default\">\n\t\t\t\t<div class=\"elementor-widget-container\">\n\t\t\t\t\t\t\t\t\t\t\t\t\t\t\t<img decoding=\"async\" width=\"800\" height=\"450\" src=\"https:\/\/www.artep.ro\/wp-content\/uploads\/2024\/08\/SS-Mark-Power-1024x576.jpg\" class=\"attachment-large size-large wp-image-8539\" alt=\"\" srcset=\"https:\/\/www.artep.ro\/wp-content\/uploads\/2024\/08\/SS-Mark-Power-1024x576.jpg 1024w, https:\/\/www.artep.ro\/wp-content\/uploads\/2024\/08\/SS-Mark-Power-300x169.jpg 300w, https:\/\/www.artep.ro\/wp-content\/uploads\/2024\/08\/SS-Mark-Power-768x432.jpg 768w, https:\/\/www.artep.ro\/wp-content\/uploads\/2024\/08\/SS-Mark-Power-1536x864.jpg 1536w, https:\/\/www.artep.ro\/wp-content\/uploads\/2024\/08\/SS-Mark-Power-18x10.jpg 18w, https:\/\/www.artep.ro\/wp-content\/uploads\/2024\/08\/SS-Mark-Power-600x338.jpg 600w, https:\/\/www.artep.ro\/wp-content\/uploads\/2024\/08\/SS-Mark-Power.jpg 1600w\" sizes=\"(max-width: 800px) 100vw, 800px\" \/>\t\t\t\t\t\t\t\t\t\t\t\t\t\t\t<\/div>\n\t\t\t\t<\/div>\n\t\t\t\t<\/div>\n\t\t<div class=\"elementor-element elementor-element-c60159f e-con-full e-flex e-con e-child\" data-id=\"c60159f\" data-element_type=\"container\" data-e-type=\"container\">\n\t\t\t\t<div class=\"elementor-element elementor-element-5924866 elementor-widget elementor-widget-image\" data-id=\"5924866\" data-element_type=\"widget\" data-e-type=\"widget\" data-widget_type=\"image.default\">\n\t\t\t\t<div class=\"elementor-widget-container\">\n\t\t\t\t\t\t\t\t\t\t\t\t\t\t\t<img loading=\"lazy\" decoding=\"async\" width=\"480\" height=\"640\" src=\"https:\/\/www.artep.ro\/wp-content\/uploads\/2024\/08\/Mark-Power.jpg\" class=\"attachment-large size-large wp-image-8525\" alt=\"\" srcset=\"https:\/\/www.artep.ro\/wp-content\/uploads\/2024\/08\/Mark-Power.jpg 480w, https:\/\/www.artep.ro\/wp-content\/uploads\/2024\/08\/Mark-Power-225x300.jpg 225w, https:\/\/www.artep.ro\/wp-content\/uploads\/2024\/08\/Mark-Power-9x12.jpg 9w\" sizes=\"(max-width: 480px) 100vw, 480px\" \/>\t\t\t\t\t\t\t\t\t\t\t\t\t\t\t<\/div>\n\t\t\t\t<\/div>\n\t\t\t\t<\/div>\n\t\t\t\t\t<\/div>\n\t\t\t\t<\/div>\n\t\t<div class=\"elementor-element elementor-element-4d07c60 e-flex e-con-boxed e-con e-parent\" data-id=\"4d07c60\" data-element_type=\"container\" data-e-type=\"container\">\n\t\t\t\t\t<div class=\"e-con-inner\">\n\t\t\t\t<div class=\"elementor-element elementor-element-2100b77 elementor-widget-divider--view-line elementor-widget elementor-widget-divider\" data-id=\"2100b77\" data-element_type=\"widget\" data-e-type=\"widget\" data-widget_type=\"divider.default\">\n\t\t\t\t<div class=\"elementor-widget-container\">\n\t\t\t\t\t\t\t<div class=\"elementor-divider\">\n\t\t\t<span class=\"elementor-divider-separator\">\n\t\t\t\t\t\t<\/span>\n\t\t<\/div>\n\t\t\t\t\t\t<\/div>\n\t\t\t\t<\/div>\n\t\t\t\t\t<\/div>\n\t\t\t\t<\/div>\n\t\t<div class=\"elementor-element elementor-element-502243f e-flex e-con-boxed e-con e-parent\" data-id=\"502243f\" data-element_type=\"container\" data-e-type=\"container\">\n\t\t\t\t\t<div class=\"e-con-inner\">\n\t\t<div class=\"elementor-element elementor-element-0b3ebb7 e-con-full e-flex e-con e-child\" data-id=\"0b3ebb7\" data-element_type=\"container\" data-e-type=\"container\">\n\t\t\t\t<div class=\"elementor-element elementor-element-a8850f6 elementor-widget elementor-widget-text-editor\" data-id=\"a8850f6\" data-element_type=\"widget\" data-e-type=\"widget\" data-widget_type=\"text-editor.default\">\n\t\t\t\t<div class=\"elementor-widget-container\">\n\t\t\t\t\t\t\t\t\tOrganizer: Asocia\u021bia Galeria Artep\t\u2028Main Partner: Haus der Kulturen der Welt Berlin\t\u2028Partners: Universitatea Na\u021bional\u0103 de Arte \u201eGeorge Enescu\u201d din Ia\u0219i, Institutul de Cercetare Multidisciplinar\u0103 \u00een Art\u0103, PROPAGARTA, Empower Artists, Modernism, PIN Magazine, Destination Ia\u0219i\u2028Cultural project co-financed by: Administra\u021bia Fondului Cultural Na\u021bional\n\t\t\t\t\t\t\t\t<\/div>\n\t\t\t\t<\/div>\n\t\t\t\t<\/div>\n\t\t\t\t\t<\/div>\n\t\t\t\t<\/div>\n\t\t\t\t<\/div>","protected":false},"excerpt":{"rendered":"<p>Program de mentorat \u00een cadrul proiecutlui Reziden\u021ba Artistic\u0103 110 Program de mentorat \u00een cadrul proiecutlui Reziden\u021ba Artistic\u0103 110 \u00cen cadrul proiectului Reziden\u021ba Artistic\u0103 110, t\u00e2n\u0103rul artist Andrei Gavrili\u021ba are parte de aprofundarea cercet\u0103rii desf\u0103\u0219urate la Berlin \u00een intervalul 11-22 mai 2024 prin desf\u0103\u0219urearea unor sesiuni de mentorat online. Acestea au rolul de a consolida cuno\u0219tin\u021bele [&hellip;]<\/p>\n","protected":false},"author":1,"featured_media":0,"parent":0,"menu_order":0,"comment_status":"closed","ping_status":"closed","template":"","meta":{"_acf_changed":false,"footnotes":""},"class_list":["post-8640","page","type-page","status-publish","hentry"],"acf":[],"_links":{"self":[{"href":"https:\/\/www.artep.ro\/en\/wp-json\/wp\/v2\/pages\/8640","targetHints":{"allow":["GET"]}}],"collection":[{"href":"https:\/\/www.artep.ro\/en\/wp-json\/wp\/v2\/pages"}],"about":[{"href":"https:\/\/www.artep.ro\/en\/wp-json\/wp\/v2\/types\/page"}],"author":[{"embeddable":true,"href":"https:\/\/www.artep.ro\/en\/wp-json\/wp\/v2\/users\/1"}],"replies":[{"embeddable":true,"href":"https:\/\/www.artep.ro\/en\/wp-json\/wp\/v2\/comments?post=8640"}],"version-history":[{"count":1,"href":"https:\/\/www.artep.ro\/en\/wp-json\/wp\/v2\/pages\/8640\/revisions"}],"predecessor-version":[{"id":8734,"href":"https:\/\/www.artep.ro\/en\/wp-json\/wp\/v2\/pages\/8640\/revisions\/8734"}],"wp:attachment":[{"href":"https:\/\/www.artep.ro\/en\/wp-json\/wp\/v2\/media?parent=8640"}],"curies":[{"name":"wp","href":"https:\/\/api.w.org\/{rel}","templated":true}]}}