{"id":8839,"date":"2024-10-01T13:39:34","date_gmt":"2024-10-01T13:39:34","guid":{"rendered":"https:\/\/www.artep.ro\/?page_id=8839"},"modified":"2024-10-01T13:56:45","modified_gmt":"2024-10-01T13:56:45","slug":"oamenii-arhivelor-3-0","status":"publish","type":"page","link":"https:\/\/www.artep.ro\/en\/oamenii-arhivelor-3-0\/","title":{"rendered":"OAMENII ARHIVELOR 3.0"},"content":{"rendered":"<div data-elementor-type=\"wp-page\" data-elementor-id=\"8839\" class=\"elementor elementor-8839\" data-elementor-post-type=\"page\">\n\t\t\t\t<div class=\"elementor-element elementor-element-5328855 e-flex e-con-boxed e-con e-parent\" data-id=\"5328855\" data-element_type=\"container\" data-e-type=\"container\">\n\t\t\t\t\t<div class=\"e-con-inner\">\n\t\t<div class=\"elementor-element elementor-element-e391133 e-con-full e-flex e-con e-child\" data-id=\"e391133\" data-element_type=\"container\" data-e-type=\"container\">\n\t\t\t\t<div class=\"elementor-element elementor-element-037d874 elementor-hidden-tablet elementor-hidden-mobile elementor-widget elementor-widget-text-editor\" data-id=\"037d874\" data-element_type=\"widget\" data-e-type=\"widget\" data-widget_type=\"text-editor.default\">\n\t\t\t\t<div class=\"elementor-widget-container\">\n\t\t\t\t\t\t\t\t\tOAMENII ARHIVELOR 3.0\t\t\t\t\t\t\t\t<\/div>\n\t\t\t\t<\/div>\n\t\t\t\t<div class=\"elementor-element elementor-element-22b2de7 elementor-hidden-desktop elementor-widget elementor-widget-text-editor\" data-id=\"22b2de7\" data-element_type=\"widget\" data-e-type=\"widget\" data-widget_type=\"text-editor.default\">\n\t\t\t\t<div class=\"elementor-widget-container\">\n\t\t\t\t\t\t\t\t\tOAMENII<br> ARHIVELOR 3.0\t\t\t\t\t\t\t\t<\/div>\n\t\t\t\t<\/div>\n\t\t\t\t<div class=\"elementor-element elementor-element-78a0d75 elementor-widget elementor-widget-heading\" data-id=\"78a0d75\" data-element_type=\"widget\" data-e-type=\"widget\" data-widget_type=\"heading.default\">\n\t\t\t\t<div class=\"elementor-widget-container\">\n\t\t\t\t\t<h2 class=\"elementor-heading-title elementor-size-default\"><a href=\"https:\/\/www.artep.ro\/en\/galerie-foto-oamenii-arhivelor-3\/\">\u00centreaga galerie foto poate fi vizualizat\u0103 aici<\/a><\/h2>\t\t\t\t<\/div>\n\t\t\t\t<\/div>\n\t\t\t\t<\/div>\n\t\t\t\t\t<\/div>\n\t\t\t\t<\/div>\n\t\t<div class=\"elementor-element elementor-element-ffb895c e-flex e-con-boxed e-con e-parent\" data-id=\"ffb895c\" data-element_type=\"container\" data-e-type=\"container\">\n\t\t\t\t\t<div class=\"e-con-inner\">\n\t\t<div class=\"elementor-element elementor-element-ed7a5f5 e-con-full e-flex e-con e-child\" data-id=\"ed7a5f5\" data-element_type=\"container\" data-e-type=\"container\">\n\t\t\t\t<div class=\"elementor-element elementor-element-5ff1fe1 elementor-widget elementor-widget-text-editor\" data-id=\"5ff1fe1\" data-element_type=\"widget\" data-e-type=\"widget\" data-widget_type=\"text-editor.default\">\n\t\t\t\t<div class=\"elementor-widget-container\">\n\t\t\t\t\t\t\t\t\tS\u00e2mb\u0103t\u0103, 14 septembrie 2024, dedic\u0103m \u00eentreaga zi Oamenilor Arhivelor 3.0 \u2013 Asocia\u021bia Galeria Artep organizeaz\u0103, \u00een cadrul proiectului \u0218ONA \u2013 ARHIVA DIGITAL\u0102, un atelier practic dedicat dezvolt\u0103rii unui kit de arhivare pentru ini\u021biativele de la sat. Ne str\u00e2ngem de aceast\u0103 dat\u0103 chiar la \u0218ona, Bra\u0219ov, la Casa albastr\u0103 nr. 234, \u00een \u0218ura-galerie Regina Ana a Funda\u021biei \u0218tefan C\u00e2l\u021bia.\n\t\t\t\t\t\t\t\t<\/div>\n\t\t\t\t<\/div>\n\t\t\t\t<div class=\"elementor-element elementor-element-241cda9 elementor-widget elementor-widget-text-editor\" data-id=\"241cda9\" data-element_type=\"widget\" data-e-type=\"widget\" data-widget_type=\"text-editor.default\">\n\t\t\t\t<div class=\"elementor-widget-container\">\n\t\t\t\t\t\t\t\t\tPentru a \u00een\u021belege o comunitate este nevoie de principii s\u0103n\u0103toase, iar pentru asta este nevoie de cunoa\u0219terea pove\u0219tilor \u00een profunzime. Locul unde pot fi g\u0103site pove\u0219tile satului sunt arhivele locale, care de cele mai multe ori sunt ini\u021biative pornite din pasiunea cuiva \u0219i investi\u021bia personal\u0103. F\u0103r\u0103 bugete planificate, f\u0103r\u0103 sus\u021binere constant\u0103 \u0219i f\u0103r\u0103 spa\u021bii potrivite. \n\t\t\t\t\t\t\t\t<\/div>\n\t\t\t\t<\/div>\n\t\t\t\t<div class=\"elementor-element elementor-element-c24f899 elementor-widget elementor-widget-text-editor\" data-id=\"c24f899\" data-element_type=\"widget\" data-e-type=\"widget\" data-widget_type=\"text-editor.default\">\n\t\t\t\t<div class=\"elementor-widget-container\">\n\t\t\t\t\t\t\t\t\tCrearea unui ghid, a unui instrument educa\u021bional de \u00eencurajare a comunit\u0103\u021bilor rurale de a \u00eengriji arhive reprezint\u0103 o eliminare a piedicilor tehnice ce pot ap\u0103rea \u00een procesul de constituire a unei arhive, reprezint\u0103 o minimizare a efortului tehnic legat de tehnologia folosit\u0103 pentru scanare, \u00eenseamn\u0103 o cre\u0219tere a nivelului calit\u0103\u021bii informa\u021biilor dob\u00e2ndite despre conservarea \u0219i protejarea fotografiilor. Ca efect pe termen lung \u00eenseamn\u0103 o salvare corect\u0103 a patrimoniului fotografic local.\n\t\t\t\t\t\t\t\t<\/div>\n\t\t\t\t<\/div>\n\t\t\t\t<div class=\"elementor-element elementor-element-9cbfd3e elementor-widget elementor-widget-text-editor\" data-id=\"9cbfd3e\" data-element_type=\"widget\" data-e-type=\"widget\" data-widget_type=\"text-editor.default\">\n\t\t\t\t<div class=\"elementor-widget-container\">\n\t\t\t\t\t\t\t\t\tAm invitat s\u0103 ne sprijine \u00een acest demers o serie de exper\u021bi preocupa\u021bi de arhive vizuale sau istorice, respectiv: Arp\u00e1d Kov\u00e1ts \u2013 care se \u00eengrije\u0219te de laboratorul foto, arhiva familiei \u0219i Muzeul de Fotografie Kov\u00e1ts din Odorheiu Secuiesc, Andrei B\u0103lb\u0103r\u0103u \u2013 fondatorul Muzeului Cineastului Amator din Re\u0219i\u021ba, Nicu Ilfoveanu \u2013 care activeaz\u0103 \u00een domenii precum fotografia, filmul \u0219i publica\u021biile fotografice, fiind creditat cu o pozi\u021bie special\u0103 \u00een cadrul fotografiei rom\u00e2ne\u0219ti contemporane, Radu B\u00e2rl\u0103 \u2013 istoric, specializat pe istoria Transilvaniei \u0219i istoria sa\u0219ilor, care \u0219i-a dedicat ultimii ani istoriei fotografiei \u00een Rom\u00e2nia \u0219i coordon\u0103rii platformei Arhiva de Fotografie, Laura-Cassandra V\u0103lean \u2013 \u00een prezent student\u0103 la masterul de Conservare \u0219i Restaurare la Universitatea NOVA din Lisabona, specializarea conservarea fotografiilor, al\u0103turi de Diana Iabra\u0219u \u2013 fotograf \u0219i pasionat cercet\u0103tor vizual care a coordonat activitatea de recuperare a fotografiei de arhiv\u0103 \u00een \u0218ona \u00een cadrul acestui proiect.\n\t\t\t\t\t\t\t\t<\/div>\n\t\t\t\t<\/div>\n\t\t\t\t<div class=\"elementor-element elementor-element-8049c1d elementor-widget elementor-widget-text-editor\" data-id=\"8049c1d\" data-element_type=\"widget\" data-e-type=\"widget\" data-widget_type=\"text-editor.default\">\n\t\t\t\t<div class=\"elementor-widget-container\">\n\t\t\t\t\t\t\t\t\tPrin proiectul \u201e\u0218ONA \u2013 ARHIVA DIGITAL\u0102. Demers de valorificare a patrimoniului vizual rural\u201d, Asocia\u021bia Galeria Artep aprofundeaz\u0103 \u00een 2024 demersul de cercetare \u0219i arhivare a patrimoniului imaterial din localitatea \u0218ona, jude\u021bul Bra\u0219ov, demers derulat \u00een parteneriat cu Funda\u021bia \u0218tefan C\u00e2l\u021bia, Asocia\u021bia S\u0103teasc\u0103 \u201e\u0218ona Noastr\u0103\u201d, Asocia\u021bia Monumentum, Asocia\u021bia Renascendis, Asocia\u021bia Soxen \u2013 KraftMade \u0219i Institutul de Cercetare F\u0103g\u0103ra\u0219, \u0219i co-finan\u021bat de Administra\u021bia Fondului Cultural Na\u021bional (sesiunea II\/2024, aria patrimoniu cultural imaterial).\t\t\t\t\t\t\t\t<\/div>\n\t\t\t\t<\/div>\n\t\t\t\t<div class=\"elementor-element elementor-element-ea79ab3 elementor-widget elementor-widget-text-editor\" data-id=\"ea79ab3\" data-element_type=\"widget\" data-e-type=\"widget\" data-widget_type=\"text-editor.default\">\n\t\t\t\t<div class=\"elementor-widget-container\">\n\t\t\t\t\t\t\t\t\tThis year we are dedicating it to the development of the website of \u0218ona archive, with over 3000 photos, materials and documents schematised, detailed and artistically curated, available in both Romanian and English.\t\t\t\t\t\t\t\t<\/div>\n\t\t\t\t<\/div>\n\t\t\t\t<div class=\"elementor-element elementor-element-91e2c34 elementor-widget elementor-widget-text-editor\" data-id=\"91e2c34\" data-element_type=\"widget\" data-e-type=\"widget\" data-widget_type=\"text-editor.default\">\n\t\t\t\t<div class=\"elementor-widget-container\">\n\t\t\t\t\t\t\t\t\t\u00cent\u00e2lnirea \u201eOamenii Arhivelor 3.0\u201d se va derula s\u00e2mb\u0103t\u0103, 14 septembrie 2024, \u00een prezen\u021ba unui public restr\u00e2ns, fiind dedicat speciali\u0219tilor \u00een domeniu, cu o component\u0103 de prezentare de studii de caz, \u0219i una dedicat\u0103 edit\u0103rii con\u021binutului Ghidului de arhivare, ce va fi disponibil ulterior, online, o resurs\u0103 ce va esen\u021bializa experien\u021ba profesioni\u0219tilor din domeniu, cu sfaturi practice, pa\u0219i clari de urmat \u0219i exemple. \t\t\t\t\t\t\t\t<\/div>\n\t\t\t\t<\/div>\n\t\t\t\t<div class=\"elementor-element elementor-element-9288abd elementor-widget elementor-widget-text-editor\" data-id=\"9288abd\" data-element_type=\"widget\" data-e-type=\"widget\" data-widget_type=\"text-editor.default\">\n\t\t\t\t<div class=\"elementor-widget-container\">\n\t\t\t\t\t\t\t\t\tOrganizer: Artep Gallery Association<br>\nWith the support of: the Administration of the National Cultural Fund<br>\nPartners: \u0218tefan C\u00e2ltia Foundation, \"\u0218ona Noastra\" Village Association, Monumentum Association, Renascendis Association, Soxen - KraftMade Association and F\u0103g\u0103ra\u0219 Research Institute \t\t\t\t\t\t\t\t<\/div>\n\t\t\t\t<\/div>\n\t\t\t\t<div class=\"elementor-element elementor-element-cad3d5d elementor-widget elementor-widget-text-editor\" data-id=\"cad3d5d\" data-element_type=\"widget\" data-e-type=\"widget\" data-widget_type=\"text-editor.default\">\n\t\t\t\t<div class=\"elementor-widget-container\">\n\t\t\t\t\t\t\t\t\tThe project does not necessarily represent the position of the National Cultural Fund Administration. AFCN is not responsible for the content of the project or how the works may be used. These are entirely the responsibility of the beneficiary of the funding.\t\t\t\t\t\t\t\t<\/div>\n\t\t\t\t<\/div>\n\t\t\t\t<\/div>\n\t\t<div class=\"elementor-element elementor-element-965ac76 e-con-full e-flex e-con e-child\" data-id=\"965ac76\" data-element_type=\"container\" data-e-type=\"container\">\n\t\t\t\t<div class=\"elementor-element elementor-element-e1cfed6 elementor-widget elementor-widget-image\" data-id=\"e1cfed6\" data-element_type=\"widget\" data-e-type=\"widget\" data-widget_type=\"image.default\">\n\t\t\t\t<div class=\"elementor-widget-container\">\n\t\t\t\t\t\t\t\t\t\t\t\t\t\t\t<img fetchpriority=\"high\" decoding=\"async\" width=\"724\" height=\"1024\" src=\"https:\/\/www.artep.ro\/wp-content\/uploads\/2024\/10\/Sona-Oamenii-Arhivelor-AfisWeb-724x1024.jpg\" class=\"attachment-large size-large wp-image-8851\" alt=\"\" srcset=\"https:\/\/www.artep.ro\/wp-content\/uploads\/2024\/10\/Sona-Oamenii-Arhivelor-AfisWeb-724x1024.jpg 724w, https:\/\/www.artep.ro\/wp-content\/uploads\/2024\/10\/Sona-Oamenii-Arhivelor-AfisWeb-212x300.jpg 212w, https:\/\/www.artep.ro\/wp-content\/uploads\/2024\/10\/Sona-Oamenii-Arhivelor-AfisWeb-768x1086.jpg 768w, https:\/\/www.artep.ro\/wp-content\/uploads\/2024\/10\/Sona-Oamenii-Arhivelor-AfisWeb-1086x1536.jpg 1086w, https:\/\/www.artep.ro\/wp-content\/uploads\/2024\/10\/Sona-Oamenii-Arhivelor-AfisWeb-1448x2048.jpg 1448w, https:\/\/www.artep.ro\/wp-content\/uploads\/2024\/10\/Sona-Oamenii-Arhivelor-AfisWeb-8x12.jpg 8w, https:\/\/www.artep.ro\/wp-content\/uploads\/2024\/10\/Sona-Oamenii-Arhivelor-AfisWeb-600x848.jpg 600w, https:\/\/www.artep.ro\/wp-content\/uploads\/2024\/10\/Sona-Oamenii-Arhivelor-AfisWeb-scaled.jpg 1811w\" sizes=\"(max-width: 724px) 100vw, 724px\" \/>\t\t\t\t\t\t\t\t\t\t\t\t\t\t\t<\/div>\n\t\t\t\t<\/div>\n\t\t\t\t<\/div>\n\t\t\t\t\t<\/div>\n\t\t\t\t<\/div>\n\t\t\t\t<\/div>","protected":false},"excerpt":{"rendered":"<p>OAMENII ARHIVELOR 3.0OAMENII ARHIVELOR 3.0 \u00centreaga galerie foto poate fi vizualizat\u0103 aici S\u00e2mb\u0103t\u0103, 14 septembrie 2024, dedic\u0103m \u00eentreaga zi Oamenilor Arhivelor 3.0 \u2013 Asocia\u021bia Galeria Artep organizeaz\u0103, \u00een cadrul proiectului \u0218ONA \u2013 ARHIVA DIGITAL\u0102, un atelier practic dedicat dezvolt\u0103rii unui kit de arhivare pentru ini\u021biativele de la sat. Ne str\u00e2ngem de aceast\u0103 dat\u0103 chiar la [&hellip;]<\/p>\n","protected":false},"author":1,"featured_media":0,"parent":0,"menu_order":0,"comment_status":"closed","ping_status":"closed","template":"","meta":{"_acf_changed":false,"footnotes":""},"class_list":["post-8839","page","type-page","status-publish","hentry"],"acf":[],"_links":{"self":[{"href":"https:\/\/www.artep.ro\/en\/wp-json\/wp\/v2\/pages\/8839","targetHints":{"allow":["GET"]}}],"collection":[{"href":"https:\/\/www.artep.ro\/en\/wp-json\/wp\/v2\/pages"}],"about":[{"href":"https:\/\/www.artep.ro\/en\/wp-json\/wp\/v2\/types\/page"}],"author":[{"embeddable":true,"href":"https:\/\/www.artep.ro\/en\/wp-json\/wp\/v2\/users\/1"}],"replies":[{"embeddable":true,"href":"https:\/\/www.artep.ro\/en\/wp-json\/wp\/v2\/comments?post=8839"}],"version-history":[{"count":28,"href":"https:\/\/www.artep.ro\/en\/wp-json\/wp\/v2\/pages\/8839\/revisions"}],"predecessor-version":[{"id":8898,"href":"https:\/\/www.artep.ro\/en\/wp-json\/wp\/v2\/pages\/8839\/revisions\/8898"}],"wp:attachment":[{"href":"https:\/\/www.artep.ro\/en\/wp-json\/wp\/v2\/media?parent=8839"}],"curies":[{"name":"wp","href":"https:\/\/api.w.org\/{rel}","templated":true}]}}