{"id":9153,"date":"2024-11-05T14:47:43","date_gmt":"2024-11-05T14:47:43","guid":{"rendered":"https:\/\/www.artep.ro\/?page_id=9153"},"modified":"2024-11-05T14:55:43","modified_gmt":"2024-11-05T14:55:43","slug":"noaptea-muzeelor-la-sat","status":"publish","type":"page","link":"https:\/\/www.artep.ro\/en\/noaptea-muzeelor-la-sat\/","title":{"rendered":"Noaptea muzeelor la sat"},"content":{"rendered":"<div data-elementor-type=\"wp-page\" data-elementor-id=\"9153\" class=\"elementor elementor-9153\" data-elementor-post-type=\"page\">\n\t\t\t\t<div class=\"elementor-element elementor-element-5328855 e-flex e-con-boxed e-con e-parent\" data-id=\"5328855\" data-element_type=\"container\" data-e-type=\"container\">\n\t\t\t\t\t<div class=\"e-con-inner\">\n\t\t<div class=\"elementor-element elementor-element-e391133 e-con-full e-flex e-con e-child\" data-id=\"e391133\" data-element_type=\"container\" data-e-type=\"container\">\n\t\t\t\t<div class=\"elementor-element elementor-element-037d874 elementor-widget elementor-widget-text-editor\" data-id=\"037d874\" data-element_type=\"widget\" data-e-type=\"widget\" data-widget_type=\"text-editor.default\">\n\t\t\t\t<div class=\"elementor-widget-container\">\n\t\t\t\t\t\t\t\t\tNoaptea muzeelor la sat\t\t\t\t\t\t\t\t<\/div>\n\t\t\t\t<\/div>\n\t\t\t\t<\/div>\n\t\t<div class=\"elementor-element elementor-element-a16ccf7 e-con-full e-flex e-con e-child\" data-id=\"a16ccf7\" data-element_type=\"container\" data-e-type=\"container\">\n\t\t\t\t<\/div>\n\t\t\t\t\t<\/div>\n\t\t\t\t<\/div>\n\t\t<div class=\"elementor-element elementor-element-ffb895c e-flex e-con-boxed e-con e-parent\" data-id=\"ffb895c\" data-element_type=\"container\" data-e-type=\"container\">\n\t\t\t\t\t<div class=\"e-con-inner\">\n\t\t<div class=\"elementor-element elementor-element-ed7a5f5 e-con-full e-flex e-con e-child\" data-id=\"ed7a5f5\" data-element_type=\"container\" data-e-type=\"container\">\n\t\t\t\t<div class=\"elementor-element elementor-element-cdd0a86 elementor-widget elementor-widget-text-editor\" data-id=\"cdd0a86\" data-element_type=\"widget\" data-e-type=\"widget\" data-widget_type=\"text-editor.default\">\n\t\t\t\t<div class=\"elementor-widget-container\">\n\t\t\t\t\t\t\t\t\tPe 31 august, \u00een cadrul evenimentului Noaptea muzeelor la sate, va fi deschis\u0103 \u00een premier\u0103 Casa Arhivei nr. 221 din \u0218ona, jude\u021bul Bra\u0219ov \u2013 un spa\u021biu dedicat pove\u0219tilor locale, unde se va desf\u0103\u0219ura un maraton de scanat fotografii \u0219i documente, zi \u0219i noapte. Diana Iabra\u0219u, al\u0103turi de membrii Arhivei vizuale din \u0218ona, a preg\u0103tit activit\u0103\u021bi de scanare, dep\u0103nare de pove\u0219ti, degustare \u0219i admirare de fotografii vechi, \u00eenc\u0103rcate de farmecul unor lumi apuse. \t\t\t\t\t\t\t\t<\/div>\n\t\t\t\t<\/div>\n\t\t\t\t<div class=\"elementor-element elementor-element-9c5e7c4 elementor-widget elementor-widget-text-editor\" data-id=\"9c5e7c4\" data-element_type=\"widget\" data-e-type=\"widget\" data-widget_type=\"text-editor.default\">\n\t\t\t\t<div class=\"elementor-widget-container\">\n\t\t\t\t\t\t\t\t\tEvenimentul face parte din proiectul \u0218ona \u2013 Arhiva Digital\u0103, un demers de valorificare a patrimoniului vizual rural ini\u021biat de Asocia\u021bia Galeria Artep \u0219i desf\u0103\u0219urat \u00een parteneriat cu Funda\u021bia \u0218tefan C\u00e2l\u021bia, Asocia\u021bia S\u0103teasc\u0103 \u201e\u0218ona Noastr\u0103\u201d, Asocia\u021bia Monumentum, Asocia\u021bia Renascendis, Asocia\u021bia Soxen \u2013 KraftMade \u0219i Institutul de Cercetare F\u0103g\u0103ra\u0219.\t\t\t\t\t\t\t\t<\/div>\n\t\t\t\t<\/div>\n\t\t\t\t<\/div>\n\t\t<div class=\"elementor-element elementor-element-ce54818 e-con-full e-flex e-con e-child\" data-id=\"ce54818\" data-element_type=\"container\" data-e-type=\"container\">\n\t\t\t\t<div class=\"elementor-element elementor-element-5cee025 elementor-widget elementor-widget-image\" data-id=\"5cee025\" data-element_type=\"widget\" data-e-type=\"widget\" data-widget_type=\"image.default\">\n\t\t\t\t<div class=\"elementor-widget-container\">\n\t\t\t\t\t\t\t\t\t\t\t\t\t\t\t<img fetchpriority=\"high\" decoding=\"async\" width=\"724\" height=\"1024\" src=\"https:\/\/www.artep.ro\/wp-content\/uploads\/2024\/11\/WhatsApp-Image-2024-11-05-at-16.48.09-724x1024.jpeg\" class=\"attachment-large size-large wp-image-9158\" alt=\"\" srcset=\"https:\/\/www.artep.ro\/wp-content\/uploads\/2024\/11\/WhatsApp-Image-2024-11-05-at-16.48.09-724x1024.jpeg 724w, https:\/\/www.artep.ro\/wp-content\/uploads\/2024\/11\/WhatsApp-Image-2024-11-05-at-16.48.09-212x300.jpeg 212w, https:\/\/www.artep.ro\/wp-content\/uploads\/2024\/11\/WhatsApp-Image-2024-11-05-at-16.48.09-768x1086.jpeg 768w, https:\/\/www.artep.ro\/wp-content\/uploads\/2024\/11\/WhatsApp-Image-2024-11-05-at-16.48.09-1086x1536.jpeg 1086w, https:\/\/www.artep.ro\/wp-content\/uploads\/2024\/11\/WhatsApp-Image-2024-11-05-at-16.48.09-8x12.jpeg 8w, https:\/\/www.artep.ro\/wp-content\/uploads\/2024\/11\/WhatsApp-Image-2024-11-05-at-16.48.09-600x849.jpeg 600w, https:\/\/www.artep.ro\/wp-content\/uploads\/2024\/11\/WhatsApp-Image-2024-11-05-at-16.48.09.jpeg 1131w\" sizes=\"(max-width: 724px) 100vw, 724px\" \/>\t\t\t\t\t\t\t\t\t\t\t\t\t\t\t<\/div>\n\t\t\t\t<\/div>\n\t\t\t\t<\/div>\n\t\t\t\t\t<\/div>\n\t\t\t\t<\/div>\n\t\t<div class=\"elementor-element elementor-element-2435200 e-flex e-con-boxed e-con e-parent\" data-id=\"2435200\" data-element_type=\"container\" data-e-type=\"container\">\n\t\t\t\t\t<div class=\"e-con-inner\">\n\t\t<div class=\"elementor-element elementor-element-0f4353e e-con-full e-flex e-con e-child\" data-id=\"0f4353e\" data-element_type=\"container\" data-e-type=\"container\">\n\t\t\t\t<div class=\"elementor-element elementor-element-397e1fb elementor-widget-divider--view-line elementor-widget elementor-widget-divider\" data-id=\"397e1fb\" data-element_type=\"widget\" data-e-type=\"widget\" data-widget_type=\"divider.default\">\n\t\t\t\t<div class=\"elementor-widget-container\">\n\t\t\t\t\t\t\t<div class=\"elementor-divider\">\n\t\t\t<span class=\"elementor-divider-separator\">\n\t\t\t\t\t\t<\/span>\n\t\t<\/div>\n\t\t\t\t\t\t<\/div>\n\t\t\t\t<\/div>\n\t\t\t\t<div class=\"elementor-element elementor-element-608ec0a elementor-widget elementor-widget-gallery\" data-id=\"608ec0a\" data-element_type=\"widget\" data-e-type=\"widget\" data-settings=\"{&quot;columns&quot;:3,&quot;gap&quot;:{&quot;unit&quot;:&quot;px&quot;,&quot;size&quot;:30,&quot;sizes&quot;:[]},&quot;gallery_layout&quot;:&quot;masonry&quot;,&quot;lazyload&quot;:&quot;yes&quot;,&quot;columns_tablet&quot;:2,&quot;columns_mobile&quot;:1,&quot;gap_tablet&quot;:{&quot;unit&quot;:&quot;px&quot;,&quot;size&quot;:10,&quot;sizes&quot;:[]},&quot;gap_mobile&quot;:{&quot;unit&quot;:&quot;px&quot;,&quot;size&quot;:10,&quot;sizes&quot;:[]},&quot;link_to&quot;:&quot;file&quot;,&quot;overlay_background&quot;:&quot;yes&quot;,&quot;content_hover_animation&quot;:&quot;fade-in&quot;}\" data-widget_type=\"gallery.default\">\n\t\t\t\t<div class=\"elementor-widget-container\">\n\t\t\t\t\t\t\t<div class=\"elementor-gallery__container\">\n\t\t\t\t\t\t\t<a class=\"e-gallery-item elementor-gallery-item elementor-animated-content\" href=\"https:\/\/www.artep.ro\/wp-content\/uploads\/2024\/11\/1ee62998-fbd4-4a39-9639-97fc1c6f694e-scaled.jpg\" data-elementor-open-lightbox=\"yes\" data-elementor-lightbox-slideshow=\"608ec0a\" data-e-action-hash=\"#elementor-action%3Aaction%3Dlightbox%26settings%3DeyJpZCI6OTE3NCwidXJsIjoiaHR0cHM6XC9cL3d3dy5hcnRlcC5yb1wvd3AtY29udGVudFwvdXBsb2Fkc1wvMjAyNFwvMTFcLzFlZTYyOTk4LWZiZDQtNGEzOS05NjM5LTk3ZmMxYzZmNjk0ZS1zY2FsZWQuanBnIiwic2xpZGVzaG93IjoiNjA4ZWMwYSJ9\">\n\t\t\t\t\t<div class=\"e-gallery-image elementor-gallery-item__image\" data-thumbnail=\"https:\/\/www.artep.ro\/wp-content\/uploads\/2024\/11\/1ee62998-fbd4-4a39-9639-97fc1c6f694e-scaled.jpg\" data-width=\"1920\" data-height=\"2560\" aria-label=\"\" role=\"img\" ><\/div>\n\t\t\t\t\t\t\t\t\t\t\t<div class=\"elementor-gallery-item__overlay\"><\/div>\n\t\t\t\t\t\t\t\t\t\t\t\t\t\t<\/a>\n\t\t\t\t\t\t\t<a class=\"e-gallery-item elementor-gallery-item elementor-animated-content\" href=\"https:\/\/www.artep.ro\/wp-content\/uploads\/2024\/11\/59d7a045-3ca7-40fd-985b-117e6633ab88-scaled.jpg\" data-elementor-open-lightbox=\"yes\" data-elementor-lightbox-slideshow=\"608ec0a\" data-e-action-hash=\"#elementor-action%3Aaction%3Dlightbox%26settings%3DeyJpZCI6OTE3NSwidXJsIjoiaHR0cHM6XC9cL3d3dy5hcnRlcC5yb1wvd3AtY29udGVudFwvdXBsb2Fkc1wvMjAyNFwvMTFcLzU5ZDdhMDQ1LTNjYTctNDBmZC05ODViLTExN2U2NjMzYWI4OC1zY2FsZWQuanBnIiwic2xpZGVzaG93IjoiNjA4ZWMwYSJ9\">\n\t\t\t\t\t<div class=\"e-gallery-image elementor-gallery-item__image\" data-thumbnail=\"https:\/\/www.artep.ro\/wp-content\/uploads\/2024\/11\/59d7a045-3ca7-40fd-985b-117e6633ab88-scaled.jpg\" data-width=\"1920\" data-height=\"2560\" aria-label=\"\" role=\"img\" ><\/div>\n\t\t\t\t\t\t\t\t\t\t\t<div class=\"elementor-gallery-item__overlay\"><\/div>\n\t\t\t\t\t\t\t\t\t\t\t\t\t\t<\/a>\n\t\t\t\t\t\t\t<a class=\"e-gallery-item elementor-gallery-item elementor-animated-content\" href=\"https:\/\/www.artep.ro\/wp-content\/uploads\/2024\/11\/5999a3a2-150c-4eb3-b616-14d4829f171f-scaled.jpg\" data-elementor-open-lightbox=\"yes\" data-elementor-lightbox-slideshow=\"608ec0a\" data-e-action-hash=\"#elementor-action%3Aaction%3Dlightbox%26settings%3DeyJpZCI6OTE3NiwidXJsIjoiaHR0cHM6XC9cL3d3dy5hcnRlcC5yb1wvd3AtY29udGVudFwvdXBsb2Fkc1wvMjAyNFwvMTFcLzU5OTlhM2EyLTE1MGMtNGViMy1iNjE2LTE0ZDQ4MjlmMTcxZi1zY2FsZWQuanBnIiwic2xpZGVzaG93IjoiNjA4ZWMwYSJ9\">\n\t\t\t\t\t<div class=\"e-gallery-image elementor-gallery-item__image\" data-thumbnail=\"https:\/\/www.artep.ro\/wp-content\/uploads\/2024\/11\/5999a3a2-150c-4eb3-b616-14d4829f171f-scaled.jpg\" data-width=\"2560\" data-height=\"1920\" aria-label=\"\" role=\"img\" ><\/div>\n\t\t\t\t\t\t\t\t\t\t\t<div class=\"elementor-gallery-item__overlay\"><\/div>\n\t\t\t\t\t\t\t\t\t\t\t\t\t\t<\/a>\n\t\t\t\t\t\t\t<a class=\"e-gallery-item elementor-gallery-item elementor-animated-content\" href=\"https:\/\/www.artep.ro\/wp-content\/uploads\/2024\/11\/9440fb91-510e-45fa-b98b-1ff335d03d2a.jpg\" data-elementor-open-lightbox=\"yes\" data-elementor-lightbox-slideshow=\"608ec0a\" data-e-action-hash=\"#elementor-action%3Aaction%3Dlightbox%26settings%3DeyJpZCI6OTE3NywidXJsIjoiaHR0cHM6XC9cL3d3dy5hcnRlcC5yb1wvd3AtY29udGVudFwvdXBsb2Fkc1wvMjAyNFwvMTFcLzk0NDBmYjkxLTUxMGUtNDVmYS1iOThiLTFmZjMzNWQwM2QyYS5qcGciLCJzbGlkZXNob3ciOiI2MDhlYzBhIn0%3D\">\n\t\t\t\t\t<div class=\"e-gallery-image elementor-gallery-item__image\" data-thumbnail=\"https:\/\/www.artep.ro\/wp-content\/uploads\/2024\/11\/9440fb91-510e-45fa-b98b-1ff335d03d2a.jpg\" data-width=\"1152\" data-height=\"2048\" aria-label=\"\" role=\"img\" ><\/div>\n\t\t\t\t\t\t\t\t\t\t\t<div class=\"elementor-gallery-item__overlay\"><\/div>\n\t\t\t\t\t\t\t\t\t\t\t\t\t\t<\/a>\n\t\t\t\t\t\t\t<a class=\"e-gallery-item elementor-gallery-item elementor-animated-content\" href=\"https:\/\/www.artep.ro\/wp-content\/uploads\/2024\/11\/dbc5046a-3e53-424d-958f-6b4a9e56716d-scaled.jpg\" data-elementor-open-lightbox=\"yes\" data-elementor-lightbox-slideshow=\"608ec0a\" data-e-action-hash=\"#elementor-action%3Aaction%3Dlightbox%26settings%3DeyJpZCI6OTE3OSwidXJsIjoiaHR0cHM6XC9cL3d3dy5hcnRlcC5yb1wvd3AtY29udGVudFwvdXBsb2Fkc1wvMjAyNFwvMTFcL2RiYzUwNDZhLTNlNTMtNDI0ZC05NThmLTZiNGE5ZTU2NzE2ZC1zY2FsZWQuanBnIiwic2xpZGVzaG93IjoiNjA4ZWMwYSJ9\">\n\t\t\t\t\t<div class=\"e-gallery-image elementor-gallery-item__image\" data-thumbnail=\"https:\/\/www.artep.ro\/wp-content\/uploads\/2024\/11\/dbc5046a-3e53-424d-958f-6b4a9e56716d-scaled.jpg\" data-width=\"1920\" data-height=\"2560\" aria-label=\"\" role=\"img\" ><\/div>\n\t\t\t\t\t\t\t\t\t\t\t<div class=\"elementor-gallery-item__overlay\"><\/div>\n\t\t\t\t\t\t\t\t\t\t\t\t\t\t<\/a>\n\t\t\t\t\t\t\t<a class=\"e-gallery-item elementor-gallery-item elementor-animated-content\" href=\"https:\/\/www.artep.ro\/wp-content\/uploads\/2024\/11\/df95dbe5-4ce0-426a-9756-bb6afaf8751e-scaled.jpg\" data-elementor-open-lightbox=\"yes\" data-elementor-lightbox-slideshow=\"608ec0a\" data-e-action-hash=\"#elementor-action%3Aaction%3Dlightbox%26settings%3DeyJpZCI6OTE4MCwidXJsIjoiaHR0cHM6XC9cL3d3dy5hcnRlcC5yb1wvd3AtY29udGVudFwvdXBsb2Fkc1wvMjAyNFwvMTFcL2RmOTVkYmU1LTRjZTAtNDI2YS05NzU2LWJiNmFmYWY4NzUxZS1zY2FsZWQuanBnIiwic2xpZGVzaG93IjoiNjA4ZWMwYSJ9\">\n\t\t\t\t\t<div class=\"e-gallery-image elementor-gallery-item__image\" data-thumbnail=\"https:\/\/www.artep.ro\/wp-content\/uploads\/2024\/11\/df95dbe5-4ce0-426a-9756-bb6afaf8751e-scaled.jpg\" data-width=\"2560\" data-height=\"1920\" aria-label=\"\" role=\"img\" ><\/div>\n\t\t\t\t\t\t\t\t\t\t\t<div class=\"elementor-gallery-item__overlay\"><\/div>\n\t\t\t\t\t\t\t\t\t\t\t\t\t\t<\/a>\n\t\t\t\t\t\t\t<a class=\"e-gallery-item elementor-gallery-item elementor-animated-content\" href=\"https:\/\/www.artep.ro\/wp-content\/uploads\/2024\/11\/ecd3d31d-099f-4a63-884b-a7260ec16f50-scaled.jpg\" data-elementor-open-lightbox=\"yes\" data-elementor-lightbox-slideshow=\"608ec0a\" data-e-action-hash=\"#elementor-action%3Aaction%3Dlightbox%26settings%3DeyJpZCI6OTE4MSwidXJsIjoiaHR0cHM6XC9cL3d3dy5hcnRlcC5yb1wvd3AtY29udGVudFwvdXBsb2Fkc1wvMjAyNFwvMTFcL2VjZDNkMzFkLTA5OWYtNGE2My04ODRiLWE3MjYwZWMxNmY1MC1zY2FsZWQuanBnIiwic2xpZGVzaG93IjoiNjA4ZWMwYSJ9\">\n\t\t\t\t\t<div class=\"e-gallery-image elementor-gallery-item__image\" data-thumbnail=\"https:\/\/www.artep.ro\/wp-content\/uploads\/2024\/11\/ecd3d31d-099f-4a63-884b-a7260ec16f50-scaled.jpg\" data-width=\"2560\" data-height=\"1920\" aria-label=\"\" role=\"img\" ><\/div>\n\t\t\t\t\t\t\t\t\t\t\t<div class=\"elementor-gallery-item__overlay\"><\/div>\n\t\t\t\t\t\t\t\t\t\t\t\t\t\t<\/a>\n\t\t\t\t\t\t\t<a class=\"e-gallery-item elementor-gallery-item elementor-animated-content\" href=\"https:\/\/www.artep.ro\/wp-content\/uploads\/2024\/11\/f1093f57-28e2-4335-8ad6-02002fce7721-scaled.jpg\" data-elementor-open-lightbox=\"yes\" data-elementor-lightbox-slideshow=\"608ec0a\" data-e-action-hash=\"#elementor-action%3Aaction%3Dlightbox%26settings%3DeyJpZCI6OTE4MiwidXJsIjoiaHR0cHM6XC9cL3d3dy5hcnRlcC5yb1wvd3AtY29udGVudFwvdXBsb2Fkc1wvMjAyNFwvMTFcL2YxMDkzZjU3LTI4ZTItNDMzNS04YWQ2LTAyMDAyZmNlNzcyMS1zY2FsZWQuanBnIiwic2xpZGVzaG93IjoiNjA4ZWMwYSJ9\">\n\t\t\t\t\t<div class=\"e-gallery-image elementor-gallery-item__image\" data-thumbnail=\"https:\/\/www.artep.ro\/wp-content\/uploads\/2024\/11\/f1093f57-28e2-4335-8ad6-02002fce7721-scaled.jpg\" data-width=\"2560\" data-height=\"1920\" aria-label=\"\" role=\"img\" ><\/div>\n\t\t\t\t\t\t\t\t\t\t\t<div class=\"elementor-gallery-item__overlay\"><\/div>\n\t\t\t\t\t\t\t\t\t\t\t\t\t\t<\/a>\n\t\t\t\t\t\t\t<a class=\"e-gallery-item elementor-gallery-item elementor-animated-content\" href=\"https:\/\/www.artep.ro\/wp-content\/uploads\/2024\/11\/f4379e9f-ba33-4f3d-8185-7cfd5c8cb220-scaled.jpg\" data-elementor-open-lightbox=\"yes\" data-elementor-lightbox-slideshow=\"608ec0a\" data-e-action-hash=\"#elementor-action%3Aaction%3Dlightbox%26settings%3DeyJpZCI6OTE4MywidXJsIjoiaHR0cHM6XC9cL3d3dy5hcnRlcC5yb1wvd3AtY29udGVudFwvdXBsb2Fkc1wvMjAyNFwvMTFcL2Y0Mzc5ZTlmLWJhMzMtNGYzZC04MTg1LTdjZmQ1YzhjYjIyMC1zY2FsZWQuanBnIiwic2xpZGVzaG93IjoiNjA4ZWMwYSJ9\">\n\t\t\t\t\t<div class=\"e-gallery-image elementor-gallery-item__image\" data-thumbnail=\"https:\/\/www.artep.ro\/wp-content\/uploads\/2024\/11\/f4379e9f-ba33-4f3d-8185-7cfd5c8cb220-scaled.jpg\" data-width=\"2560\" data-height=\"1920\" aria-label=\"\" role=\"img\" ><\/div>\n\t\t\t\t\t\t\t\t\t\t\t<div class=\"elementor-gallery-item__overlay\"><\/div>\n\t\t\t\t\t\t\t\t\t\t\t\t\t\t<\/a>\n\t\t\t\t\t\t\t<a class=\"e-gallery-item elementor-gallery-item elementor-animated-content\" href=\"https:\/\/www.artep.ro\/wp-content\/uploads\/2024\/11\/f503836a-000e-4160-86fd-39be793f1ff8-scaled.jpg\" data-elementor-open-lightbox=\"yes\" data-elementor-lightbox-slideshow=\"608ec0a\" data-e-action-hash=\"#elementor-action%3Aaction%3Dlightbox%26settings%3DeyJpZCI6OTE4NCwidXJsIjoiaHR0cHM6XC9cL3d3dy5hcnRlcC5yb1wvd3AtY29udGVudFwvdXBsb2Fkc1wvMjAyNFwvMTFcL2Y1MDM4MzZhLTAwMGUtNDE2MC04NmZkLTM5YmU3OTNmMWZmOC1zY2FsZWQuanBnIiwic2xpZGVzaG93IjoiNjA4ZWMwYSJ9\">\n\t\t\t\t\t<div class=\"e-gallery-image elementor-gallery-item__image\" data-thumbnail=\"https:\/\/www.artep.ro\/wp-content\/uploads\/2024\/11\/f503836a-000e-4160-86fd-39be793f1ff8-scaled.jpg\" data-width=\"2560\" data-height=\"1920\" aria-label=\"\" role=\"img\" ><\/div>\n\t\t\t\t\t\t\t\t\t\t\t<div class=\"elementor-gallery-item__overlay\"><\/div>\n\t\t\t\t\t\t\t\t\t\t\t\t\t\t<\/a>\n\t\t\t\t\t<\/div>\n\t\t\t\t\t<\/div>\n\t\t\t\t<\/div>\n\t\t\t\t<\/div>\n\t\t\t\t\t<\/div>\n\t\t\t\t<\/div>\n\t\t\t\t<\/div>","protected":false},"excerpt":{"rendered":"<p>Noaptea muzeelor la satPe 31 august, \u00een cadrul evenimentului Noaptea muzeelor la sate, va fi deschis\u0103 \u00een premier\u0103 Casa Arhivei nr. 221 din \u0218ona, jude\u021bul Bra\u0219ov \u2013 un spa\u021biu dedicat pove\u0219tilor locale, unde se va desf\u0103\u0219ura un maraton de scanat fotografii \u0219i documente, zi \u0219i noapte. Diana Iabra\u0219u, al\u0103turi de membrii Arhivei vizuale din \u0218ona, [&hellip;]<\/p>\n","protected":false},"author":1,"featured_media":0,"parent":0,"menu_order":0,"comment_status":"closed","ping_status":"closed","template":"","meta":{"_acf_changed":false,"footnotes":""},"class_list":["post-9153","page","type-page","status-publish","hentry"],"acf":[],"_links":{"self":[{"href":"https:\/\/www.artep.ro\/en\/wp-json\/wp\/v2\/pages\/9153","targetHints":{"allow":["GET"]}}],"collection":[{"href":"https:\/\/www.artep.ro\/en\/wp-json\/wp\/v2\/pages"}],"about":[{"href":"https:\/\/www.artep.ro\/en\/wp-json\/wp\/v2\/types\/page"}],"author":[{"embeddable":true,"href":"https:\/\/www.artep.ro\/en\/wp-json\/wp\/v2\/users\/1"}],"replies":[{"embeddable":true,"href":"https:\/\/www.artep.ro\/en\/wp-json\/wp\/v2\/comments?post=9153"}],"version-history":[{"count":22,"href":"https:\/\/www.artep.ro\/en\/wp-json\/wp\/v2\/pages\/9153\/revisions"}],"predecessor-version":[{"id":9190,"href":"https:\/\/www.artep.ro\/en\/wp-json\/wp\/v2\/pages\/9153\/revisions\/9190"}],"wp:attachment":[{"href":"https:\/\/www.artep.ro\/en\/wp-json\/wp\/v2\/media?parent=9153"}],"curies":[{"name":"wp","href":"https:\/\/api.w.org\/{rel}","templated":true}]}}