{"id":11392,"date":"2022-12-10T20:16:24","date_gmt":"2022-12-10T20:16:24","guid":{"rendered":"https:\/\/www.artep.ro\/?post_type=product&#038;p=11392"},"modified":"2025-12-09T10:24:30","modified_gmt":"2025-12-09T10:24:30","slug":"plante-la-crucea-lui-beches","status":"publish","type":"product","link":"https:\/\/www.artep.ro\/en\/product\/plante-la-crucea-lui-beches\/","title":{"rendered":"Plante la Crucea lui Beche\u0219"},"content":{"rendered":"<p>gravur\u0103<br \/>\ntehnic\u0103 mixt\u0103: gravur\u0103 pe forex \u0219i serigrafie<br \/>\n76&#215;57 cm<br \/>\nan 2025<br \/>\ncanson paper<\/p>\n<p>Fiecare serigrafie este semnat\u0103 de pictorul \u0218tefan C\u00e2l\u021bia \u0219i sculptorul Virgil Scripcariu.<\/p>\n<p>Edi\u021bie limitat\u0103.<\/p>","protected":false},"excerpt":{"rendered":"<p>gravur\u0103 tehnic\u0103 mixt\u0103: gravur\u0103 pe forex \u0219i serigrafie 76&#215;57 cm an 2025 h\u00e2rtie canson Fiecare serigrafie este semnat\u0103 de pictorul \u0218tefan C\u00e2l\u021bia \u0219i sculptorul Virgil Scripcariu. Edi\u021bie limitat\u0103.<\/p>","protected":false},"featured_media":11393,"template":"","meta":{"_acf_changed":false},"product_brand":[],"product_cat":[19],"product_tag":[],"class_list":{"0":"post-11392","1":"product","2":"type-product","3":"status-publish","4":"has-post-thumbnail","6":"product_cat-uncategorized","8":"first","9":"instock","10":"shipping-taxable","11":"purchasable","12":"product-type-simple"},"acf":[],"_links":{"self":[{"href":"https:\/\/www.artep.ro\/en\/wp-json\/wp\/v2\/product\/11392","targetHints":{"allow":["GET"]}}],"collection":[{"href":"https:\/\/www.artep.ro\/en\/wp-json\/wp\/v2\/product"}],"about":[{"href":"https:\/\/www.artep.ro\/en\/wp-json\/wp\/v2\/types\/product"}],"wp:featuredmedia":[{"embeddable":true,"href":"https:\/\/www.artep.ro\/en\/wp-json\/wp\/v2\/media\/11393"}],"wp:attachment":[{"href":"https:\/\/www.artep.ro\/en\/wp-json\/wp\/v2\/media?parent=11392"}],"wp:term":[{"taxonomy":"product_brand","embeddable":true,"href":"https:\/\/www.artep.ro\/en\/wp-json\/wp\/v2\/product_brand?post=11392"},{"taxonomy":"product_cat","embeddable":true,"href":"https:\/\/www.artep.ro\/en\/wp-json\/wp\/v2\/product_cat?post=11392"},{"taxonomy":"product_tag","embeddable":true,"href":"https:\/\/www.artep.ro\/en\/wp-json\/wp\/v2\/product_tag?post=11392"}],"curies":[{"name":"wp","href":"https:\/\/api.w.org\/{rel}","templated":true}]}}