{"id":11423,"date":"2022-12-11T07:17:04","date_gmt":"2022-12-11T07:17:04","guid":{"rendered":"https:\/\/www.artep.ro\/?post_type=product&#038;p=11423"},"modified":"2025-12-16T15:23:47","modified_gmt":"2025-12-16T15:23:47","slug":"hi-tech-lo-life-ii_2025","status":"publish","type":"product","link":"https:\/\/www.artep.ro\/en\/product\/hi-tech-lo-life-ii_2025\/","title":{"rendered":"hi-tech, lo-life II_2025"},"content":{"rendered":"<p>edi\u021bie printat\u0103 \u00een 50 de exemplare<br \/>\n30&#215;40 cm<br \/>\nan: 2025<br \/>\nh\u00e2rtie de bumbac<\/p>\n<p>Fiecare print este semnat de artistul Radu Carnariu.<\/p>","protected":false},"excerpt":{"rendered":"<p>edi\u021bie printat\u0103 \u00een 50 de exemplare 30&#215;40 cm an: 2025 h\u00e2rtie de bumbac Fiecare print este semnat de artistul Radu Carnariu.<\/p>","protected":false},"featured_media":11424,"template":"","meta":{"_acf_changed":false},"product_brand":[],"product_cat":[34],"product_tag":[],"class_list":{"0":"post-11423","1":"product","2":"type-product","3":"status-publish","4":"has-post-thumbnail","6":"product_cat-radu-carnariu","8":"first","9":"instock","10":"shipping-taxable","11":"purchasable","12":"product-type-simple"},"acf":[],"_links":{"self":[{"href":"https:\/\/www.artep.ro\/en\/wp-json\/wp\/v2\/product\/11423","targetHints":{"allow":["GET"]}}],"collection":[{"href":"https:\/\/www.artep.ro\/en\/wp-json\/wp\/v2\/product"}],"about":[{"href":"https:\/\/www.artep.ro\/en\/wp-json\/wp\/v2\/types\/product"}],"wp:featuredmedia":[{"embeddable":true,"href":"https:\/\/www.artep.ro\/en\/wp-json\/wp\/v2\/media\/11424"}],"wp:attachment":[{"href":"https:\/\/www.artep.ro\/en\/wp-json\/wp\/v2\/media?parent=11423"}],"wp:term":[{"taxonomy":"product_brand","embeddable":true,"href":"https:\/\/www.artep.ro\/en\/wp-json\/wp\/v2\/product_brand?post=11423"},{"taxonomy":"product_cat","embeddable":true,"href":"https:\/\/www.artep.ro\/en\/wp-json\/wp\/v2\/product_cat?post=11423"},{"taxonomy":"product_tag","embeddable":true,"href":"https:\/\/www.artep.ro\/en\/wp-json\/wp\/v2\/product_tag?post=11423"}],"curies":[{"name":"wp","href":"https:\/\/api.w.org\/{rel}","templated":true}]}}