{"id":6140,"date":"2023-05-09T08:27:49","date_gmt":"2023-05-09T08:27:49","guid":{"rendered":"https:\/\/www.artep.ro\/?post_type=product&#038;p=6140"},"modified":"2024-02-05T12:24:33","modified_gmt":"2024-02-05T12:24:33","slug":"album-glajarie","status":"publish","type":"product","link":"https:\/\/www.artep.ro\/en\/product\/album-glajarie\/","title":{"rendered":"\u0218tefan C\u00e2l\u021bia. Glassworks, Closer to a Craft"},"content":{"rendered":"<p>\u015etefan C\u00e2l\u0163ia. Craftsmanship \u2013 closer to a craft<\/p>\n<p>\"The peasant workshop represented a return to the old times, it meant the rediscovery of another world of artistic lands, of the processing of hand-blown glass, with a slow dynamic over time, hardly perceptible today.\" Dr. Ligia Fulga<\/p>\n<p>Author of the introductory text Dora Vidrighin<br \/>\nInterviews with Dan Bordianu, \u0218tefan C\u00e2l\u0163ia and Dora Vidrighin<\/p>\n<p>\u0218tefan C\u00e2l\u0163ia Foundation, Artep Gallery, Ia\u015fi, 2021<br \/>\nPrinted and bound in Romania at Printco, Ia\u015fi<br \/>\n30 pages, Hardcover<\/p>","protected":false},"excerpt":{"rendered":"<p>\u0218tefan C\u00e2l\u021bia. Gl\u0103j\u0103rie &#8211; apropierea de un me\u0219te\u0219ug ,,Gl\u0103j\u0103ria \u021b\u0103r\u0103neasc\u0103 \u00eenseamna o re\u00eentoarcere \u00een timpurile vechi, reprezint\u0103 reg\u0103sirea unei alte lumi a meleagurilor artistice, a prelucr\u0103rii sticlei suflate manual, cu o dinamica lent\u0103 \u00een timp, greu perceptibil\u0103 ast\u0103zi.\u201d dr. Ligia Fulga Autor text introducere Dora Vidrighin Interviuri cu Dan Bordianu, \u0218tefan C\u00e2l\u021bia \u0219i Dora Vidrighin [&hellip;]<\/p>\n","protected":false},"featured_media":7563,"template":"","meta":{"_acf_changed":false},"product_brand":[],"product_cat":[19],"product_tag":[],"class_list":{"0":"post-6140","1":"product","2":"type-product","3":"status-publish","4":"has-post-thumbnail","6":"product_cat-uncategorized","8":"first","9":"instock","10":"shipping-taxable","11":"purchasable","12":"product-type-simple"},"acf":[],"_links":{"self":[{"href":"https:\/\/www.artep.ro\/en\/wp-json\/wp\/v2\/product\/6140","targetHints":{"allow":["GET"]}}],"collection":[{"href":"https:\/\/www.artep.ro\/en\/wp-json\/wp\/v2\/product"}],"about":[{"href":"https:\/\/www.artep.ro\/en\/wp-json\/wp\/v2\/types\/product"}],"wp:featuredmedia":[{"embeddable":true,"href":"https:\/\/www.artep.ro\/en\/wp-json\/wp\/v2\/media\/7563"}],"wp:attachment":[{"href":"https:\/\/www.artep.ro\/en\/wp-json\/wp\/v2\/media?parent=6140"}],"wp:term":[{"taxonomy":"product_brand","embeddable":true,"href":"https:\/\/www.artep.ro\/en\/wp-json\/wp\/v2\/product_brand?post=6140"},{"taxonomy":"product_cat","embeddable":true,"href":"https:\/\/www.artep.ro\/en\/wp-json\/wp\/v2\/product_cat?post=6140"},{"taxonomy":"product_tag","embeddable":true,"href":"https:\/\/www.artep.ro\/en\/wp-json\/wp\/v2\/product_tag?post=6140"}],"curies":[{"name":"wp","href":"https:\/\/api.w.org\/{rel}","templated":true}]}}