{"id":6142,"date":"2023-05-09T08:33:17","date_gmt":"2023-05-09T08:33:17","guid":{"rendered":"https:\/\/www.artep.ro\/?post_type=product&#038;p=6142"},"modified":"2024-02-05T12:22:44","modified_gmt":"2024-02-05T12:22:44","slug":"lacheve-imprime","status":"publish","type":"product","link":"https:\/\/www.artep.ro\/en\/product\/lacheve-imprime\/","title":{"rendered":"L\u2019achev\u00e9 imprime"},"content":{"rendered":"<p>Magazine made by the artist Nicu Ilfoveanu, associated with the Panorama exhibition at Artep Gallery.<\/p>\n<p>Nicu Ilfoveanu. Limited edition.<br \/>\nArtep Gallery, Iasi, 2021<br \/>\nPrinted and bound at Fabrik, Bucharest<\/p>","protected":false},"excerpt":{"rendered":"<p>Revist\u0103 realizat\u0103 de artistul Nicu Ilfoveanu, asociat\u0103 expozi\u021biei Panorama de la Galeria Artep. Nicu Ilfoveanu. Edi\u021bie limitat\u0103.. Galeria Artep, Ia\u0219i, 2021 Tip\u0103rit \u0219i legat la Fabrik, Bucure\u0219ti<\/p>","protected":false},"featured_media":7560,"template":"","meta":{"_acf_changed":false},"product_brand":[],"product_cat":[19],"product_tag":[],"class_list":{"0":"post-6142","1":"product","2":"type-product","3":"status-publish","4":"has-post-thumbnail","6":"product_cat-uncategorized","8":"first","9":"instock","10":"shipping-taxable","11":"purchasable","12":"product-type-simple"},"acf":[],"_links":{"self":[{"href":"https:\/\/www.artep.ro\/en\/wp-json\/wp\/v2\/product\/6142","targetHints":{"allow":["GET"]}}],"collection":[{"href":"https:\/\/www.artep.ro\/en\/wp-json\/wp\/v2\/product"}],"about":[{"href":"https:\/\/www.artep.ro\/en\/wp-json\/wp\/v2\/types\/product"}],"wp:featuredmedia":[{"embeddable":true,"href":"https:\/\/www.artep.ro\/en\/wp-json\/wp\/v2\/media\/7560"}],"wp:attachment":[{"href":"https:\/\/www.artep.ro\/en\/wp-json\/wp\/v2\/media?parent=6142"}],"wp:term":[{"taxonomy":"product_brand","embeddable":true,"href":"https:\/\/www.artep.ro\/en\/wp-json\/wp\/v2\/product_brand?post=6142"},{"taxonomy":"product_cat","embeddable":true,"href":"https:\/\/www.artep.ro\/en\/wp-json\/wp\/v2\/product_cat?post=6142"},{"taxonomy":"product_tag","embeddable":true,"href":"https:\/\/www.artep.ro\/en\/wp-json\/wp\/v2\/product_tag?post=6142"}],"curies":[{"name":"wp","href":"https:\/\/api.w.org\/{rel}","templated":true}]}}